{"id":961,"date":"2024-01-30T15:00:21","date_gmt":"2024-01-30T14:00:21","guid":{"rendered":"https:\/\/www.hotelpoliteama.com\/?page_id=961"},"modified":"2024-01-30T15:00:39","modified_gmt":"2024-01-30T14:00:39","slug":"cookie-policy","status":"publish","type":"page","link":"https:\/\/www.hotelpoliteama.com\/fr\/cookie-policy\/","title":{"rendered":"Cookie policy"},"content":{"rendered":"<p><b>Utilisation des cookies par l&rsquo;h\u00f4tel Hotel Politeama<\/b><\/p>\n<p><span style=\"font-weight: 400;\">Nous vous informons que l&rsquo;h\u00f4tel Hotel Politeama<\/span><span style=\"font-weight: 400;\">\u00a0utilise des cookies ou d&rsquo;autres traceurs sur son site Web https:\/\/www.hotelpoliteama.com\/<\/span><span style=\"font-weight: 400;\">.<\/span><\/p>\n<p><span style=\"font-weight: 400;\">Ces traceurs peuvent \u00eatre install\u00e9s sur votre appareil en fonction des pr\u00e9f\u00e9rences que vous avez exprim\u00e9es ou que vous pouvez exprimer \u00e0 tout moment conform\u00e9ment \u00e0 la pr\u00e9sente politique.<\/span><\/p>\n<ul>\n<li aria-level=\"1\"><b>Pourquoi avoir une politique en mati\u00e8re de cookies\u00a0?<\/b><\/li>\n<\/ul>\n<p><span style=\"font-weight: 400;\">Dans un souci d\u2019information et de transparence, l&rsquo;h\u00f4tel Hotel Politeama<\/span><span style=\"font-weight: 400;\">\u00a0a d\u00e9fini la pr\u00e9sente politique afin de vous permettre d\u2019en savoir plus sur\u00a0:<\/span><\/p>\n<ul>\n<li style=\"font-weight: 400;\" aria-level=\"1\"><span style=\"font-weight: 400;\">L&rsquo;origine et la finalit\u00e9 des informations trait\u00e9es lors de votre navigation sur https:\/\/www.hotelpoliteama.com\/<\/span><span style=\"font-weight: 400;\">.<\/span><\/li>\n<li style=\"font-weight: 400;\" aria-level=\"1\"><span style=\"font-weight: 400;\">Vos droits concernant les cookies et autres traceurs utilis\u00e9s par l&rsquo;h\u00f4tel Hotel Politeama<\/span><span style=\"font-weight: 400;\">.<\/span><span style=\"font-weight: 400;\"><br \/>\n<\/span><\/li>\n<\/ul>\n<ul>\n<li aria-level=\"1\"><b>Qu\u2019est-ce qu&rsquo;un cookie\u00a0?<\/b><\/li>\n<\/ul>\n<p><span style=\"font-weight: 400;\">Les cookies et autres traceurs similaires sont des paquets de donn\u00e9es utilis\u00e9s par les serveurs pour envoyer des informations d&rsquo;\u00e9tat au navigateur d&rsquo;un utilisateur et renvoyer des informations d&rsquo;\u00e9tat au serveur d&rsquo;origine via ce m\u00eame navigateur.<\/span><span style=\"font-weight: 400;\"><br \/>\n<\/span><span style=\"font-weight: 400;\">Les informations d&rsquo;\u00e9tat peuvent correspondre \u00e0 un identifiant de session, une langue, une date d&rsquo;expiration, un champ de r\u00e9ponse ou d&rsquo;autres types d&rsquo;informations.<\/span><span style=\"font-weight: 400;\"><br \/>\n<\/span><span style=\"font-weight: 400;\">Pendant leur p\u00e9riode de validit\u00e9, les cookies sont utilis\u00e9s pour stocker des informations d&rsquo;\u00e9tat lorsqu&rsquo;un navigateur acc\u00e8de \u00e0 diverses pages d&rsquo;un site Web ou lorsque le navigateur revient sur ce site Web \u00e0 un moment ult\u00e9rieur.<\/span><\/p>\n<p><span style=\"font-weight: 400;\">Il existe diff\u00e9rents types de cookies\u00a0:<\/span><\/p>\n<ul>\n<li style=\"font-weight: 400;\" aria-level=\"1\"><span style=\"font-weight: 400;\">Les cookies de session, qui sont supprim\u00e9s d\u00e8s que vous quittez le navigateur ou le site Web<\/span><\/li>\n<li style=\"font-weight: 400;\" aria-level=\"1\"><span style=\"font-weight: 400;\">Les cookies permanents qui demeurent sur votre terminal jusqu\u2019\u00e0 expiration de leur dur\u00e9e de vie ou jusqu\u2019\u00e0 ce que vous les supprimiez \u00e0 l\u2019aide des fonctionnalit\u00e9s de votre navigateur<\/span>&nbsp;<\/li>\n<\/ul>\n<ul>\n<li aria-level=\"1\"><b>Pourquoi utiliser des cookies\u00a0?<\/b><\/li>\n<\/ul>\n<p><span style=\"font-weight: 400;\">Nous utilisons des cookies et autres traceurs pour les principales finalit\u00e9s suivantes\u00a0:<\/span><\/p>\n<p><i><span style=\"font-weight: 400;\">Les cookies strictement n\u00e9cessaires \u00e0 la navigation sur https:\/\/www.hotelpoliteama.com\/<\/span><\/i>\u00a0<i><span style=\"font-weight: 400;\">et \u00e0 la possibilit\u00e9 d&rsquo;utiliser l&rsquo;ensemble de leurs fonctionnalit\u00e9s, et destin\u00e9s notamment \u00e0\u00a0:<\/span><\/i><\/p>\n<ul>\n<li style=\"font-weight: 400;\" aria-level=\"1\"><span style=\"font-weight: 400;\">G\u00e9rer l&rsquo;authentification des visiteurs du site Web et les mesures de s\u00e9curit\u00e9 associ\u00e9es, et assurer le bon fonctionnement du module d&rsquo;authentification<\/span><\/li>\n<li style=\"font-weight: 400;\" aria-level=\"1\"><span style=\"font-weight: 400;\">Optimiser l&rsquo;exp\u00e9rience de l&rsquo;utilisateur et faciliter la navigation, notamment en d\u00e9terminant des \u00ab\u00a0itin\u00e9raires techniques\u00a0\u00bb pour la navigation<\/span><\/li>\n<li style=\"font-weight: 400;\" aria-level=\"1\"><span style=\"font-weight: 400;\">Stocker des informations concernant la banni\u00e8re de \u00ab\u00a0cookies\u00a0\u00bb vue par les visiteurs du site Web qui continuent ensuite \u00e0 naviguer sur le site Web apr\u00e8s avoir accept\u00e9 les cookies sur leur appareil<\/span><\/li>\n<\/ul>\n<p><span style=\"font-weight: 400;\">Mettre en \u0153uvre des mesures de s\u00e9curit\u00e9 (par exemple, lorsqu&rsquo;il vous est demand\u00e9 de vous reconnecter pour acc\u00e9der \u00e0 un contenu ou \u00e0 un service apr\u00e8s un certain temps, ou pour assurer le fonctionnement de base de https:\/\/www.hotelpoliteama.com\/<\/span><span style=\"font-weight: 400;\">\u00a0et l&rsquo;utilisation de ses principales caract\u00e9ristiques techniques, comme le suivi des performances et des erreurs de navigation, la gestion des sessions d&rsquo;utilisateurs, etc.)<\/span><\/p>\n<p><i><span style=\"font-weight: 400;\">Cookies pour des fonctionnalit\u00e9s destin\u00e9es notamment \u00e0\u00a0:<\/span><\/i><\/p>\n<ul>\n<li style=\"font-weight: 400;\" aria-level=\"1\"><span style=\"font-weight: 400;\">Adapter https:\/\/www.hotelpoliteama.com\/<\/span><span style=\"font-weight: 400;\">\u00a0aux pr\u00e9f\u00e9rences d&rsquo;affichage de votre appareil (langue, devise, r\u00e9solution d&rsquo;affichage, syst\u00e8me d&rsquo;exploitation utilis\u00e9, configuration et param\u00e8tres d&rsquo;affichage des pages Web en fonction de l&rsquo;appareil que vous utilisez et de sa localisation, etc.)<\/span><\/li>\n<li style=\"font-weight: 400;\" aria-level=\"1\"><span style=\"font-weight: 400;\">Stocker les informations sp\u00e9cifiques que vous saisissez sur https:\/\/www.hotelpoliteama.com\/<\/span><span style=\"font-weight: 400;\">\u00a0afin de faciliter et de personnaliser vos visites ult\u00e9rieures (y compris l&rsquo;affichage du nom et du pr\u00e9nom du visiteur si ce dernier poss\u00e8de un compte utilisateur)<\/span><\/li>\n<li style=\"font-weight: 400;\" aria-level=\"1\"><span style=\"font-weight: 400;\">Vous permettre d&rsquo;acc\u00e9der plus rapidement \u00e0 vos pages personnelles en m\u00e9morisant les donn\u00e9es de connexion ou les informations que vous avez pr\u00e9c\u00e9demment saisies<\/span><\/li>\n<\/ul>\n<p><i><span style=\"font-weight: 400;\">Les cookies de suivi des visiteurs visent \u00e0 am\u00e9liorer le confort des utilisateurs en nous aidant \u00e0 comprendre vos interactions avec https:\/\/www.hotelpoliteama.com\/<\/span><\/i><i><span style=\"font-weight: 400;\">\u00a0(pages les plus visit\u00e9es, applications utilis\u00e9es, etc.)\u00a0; ces cookies peuvent collecter des statistiques ou tester diff\u00e9rentes mani\u00e8res d&rsquo;afficher des informations afin d&rsquo;am\u00e9liorer la pertinence et la convivialit\u00e9 de nos services.<\/span><\/i><\/p>\n<p><i><span style=\"font-weight: 400;\">Les cookies publicitaires ont pour but (i) de vous proposer, dans les espaces publicitaires, des contenus pertinents et cibl\u00e9s susceptibles de vous int\u00e9resser (meilleures offres, autres destinations, etc.) en fonction de vos int\u00e9r\u00eats, de votre comportement de navigation, de vos pr\u00e9f\u00e9rences et d&rsquo;autres facteurs, et (ii) de r\u00e9duire le nombre d&rsquo;apparitions des publicit\u00e9s.<\/span><\/i><\/p>\n<p><i><span style=\"font-weight: 400;\">Les cookies d&rsquo;affiliation identifient le site Web tiers qui a redirig\u00e9 un visiteur vers https:\/\/www.hotelpoliteama.com\/<\/span><\/i><i><span style=\"font-weight: 400;\">.<\/span><\/i><\/p>\n<p><i><span style=\"font-weight: 400;\">Les cookies de r\u00e9seaux sociaux, mis en place par des tiers, vous permettent de partager votre opinion sur et le contenu de https:\/\/www.hotelpoliteama.com\/<\/span><\/i><i><span style=\"font-weight: 400;\">\u00a0sur les r\u00e9seaux sociaux (par exemple, les boutons d&rsquo;application \u00ab\u00a0Partager\u00a0\u00bb ou \u00ab\u00a0J&rsquo;aime\u00a0\u00bb pour les r\u00e9seaux sociaux).<\/span><\/i><\/p>\n<p><span style=\"font-weight: 400;\">Les applications de r\u00e9seaux sociaux sur https:\/\/www.hotelpoliteama.com\/<\/span><span style=\"font-weight: 400;\">, comme mentionn\u00e9 ci-dessus, peuvent dans certains cas permettre aux r\u00e9seaux sociaux concern\u00e9s de vous identifier m\u00eame si vous n&rsquo;avez pas cliqu\u00e9 sur le bouton de l&rsquo;application. Ce type de bouton peut permettre \u00e0 un r\u00e9seau social de suivre votre navigation sur https:\/\/www.hotelpoliteama.com\/<\/span><span style=\"font-weight: 400;\">, simplement parce que votre compte dans le r\u00e9seau social concern\u00e9 est activ\u00e9 sur votre appareil (session ouverte) pendant que vous naviguez.<\/span><\/p>\n<p><span style=\"font-weight: 400;\">Nous vous recommandons de consulter les politiques de ces r\u00e9seaux sociaux afin de prendre connaissance des finalit\u00e9s d&rsquo;utilisation, notamment publicitaires, des informations de navigation qu&rsquo;ils peuvent recueillir. Ces politiques doivent en particulier vous permettre d&rsquo;exercer vos choix aupr\u00e8s de ces r\u00e9seaux sociaux, notamment en param\u00e9trant vos comptes d&rsquo;utilisation pour chacun d\u2019entre eux.<\/span><\/p>\n<ul>\n<li aria-level=\"1\"><b>Consentement<\/b><\/li>\n<\/ul>\n<p><span style=\"font-weight: 400;\">L\u2019installation de certains cookies est soumise \u00e0 votre consentement. Ainsi, lors de votre premi\u00e8re visite sur https:\/\/www.hotelpoliteama.com\/<\/span><span style=\"font-weight: 400;\">, il vous est demand\u00e9 si vous acceptez l\u2019installation de ce type de cookies qui ne seront activ\u00e9s qu\u2019apr\u00e8s votre acceptation.<\/span><\/p>\n<p><span style=\"font-weight: 400;\">Cette d\u00e9marche est encadr\u00e9e par la pr\u00e9sence d\u2019une banni\u00e8re d&rsquo;information sur la page d\u2019accueil de https:\/\/www.hotelpoliteama.com\/<\/span><span style=\"font-weight: 400;\">\u00a0qui vous informe que la poursuite de votre navigation implique que vous acceptiez l\u2019installation de cookies soumis \u00e0 consentement sur votre appareil.<\/span><\/p>\n<p><span style=\"font-weight: 400;\">Vous pourrez \u00e0 tout moment revenir sur votre choix par les diff\u00e9rents moyens d\u00e9crits dans la section \u00ab\u00a0Supprimer et\/ou bloquer les cookies\u00a0?\u00a0\u00bb.\u00a0<\/span><\/p>\n<p><span style=\"font-weight: 400;\"><div id=\"macaron_inline_cookie_box\"><\/div><\/span><\/p>\n<p>&nbsp;<\/p>\n<ul>\n<li aria-level=\"1\"><b>Supprimer et\/ou bloquer les cookies<\/b><\/li>\n<\/ul>\n<p><span style=\"font-weight: 400;\">Vous disposez de plusieurs options pour supprimer les cookies et autres traceurs.<\/span><\/p>\n<p><b>Param\u00e9trages du navigateur<\/b><\/p>\n<p><span style=\"font-weight: 400;\">Bien que la plupart des navigateurs soient param\u00e9tr\u00e9s par d\u00e9faut pour accepter les cookies, vous pouvez, si vous le souhaitez, choisir d&rsquo;accepter tous les cookies, de toujours bloquer les cookies ou de choisir les cookies \u00e0 accepter en fonction de leur exp\u00e9diteur.<\/span><\/p>\n<p><span style=\"font-weight: 400;\">Vous pouvez \u00e9galement param\u00e9trer votre navigateur pour qu&rsquo;il accepte ou bloque les cookies au cas par cas avant leur installation. Votre navigateur vous permet \u00e9galement de supprimer r\u00e9guli\u00e8rement les cookies de votre appareil. N&rsquo;oubliez pas de param\u00e9trer tous les navigateurs de vos diff\u00e9rents appareils (tablettes, smartphones, ordinateurs, etc.).<\/span><\/p>\n<p><span style=\"font-weight: 400;\">En ce qui concerne la gestion des cookies et vos pr\u00e9f\u00e9rences, le param\u00e9trage varie pour chaque navigateur. Elle est d\u00e9crite dans le menu d&rsquo;aide de votre navigateur, lequel vous permettra \u00e9galement de savoir de quelle mani\u00e8re modifier vos souhaits en mati\u00e8re de cookies. Par exemple\u00a0:<\/span><\/p>\n<ul>\n<li style=\"font-weight: 400;\" aria-level=\"1\"><span style=\"font-weight: 400;\">Pour Microsoft Edge \u2122\u00a0:<\/span><span style=\"font-weight: 400;\"><br \/>\n<\/span><a href=\"https:\/\/support.microsoft.com\/en-us\/windows\/microsoft-edge-browsing-data-and-privacy-bb8174ba-9d73-dcf2-9b4a-c582b4e640dd\"><span style=\"font-weight: 400;\">https:\/\/support.microsoft.com\/en-us\/windows\/microsoft-edge-browsing-data-and-privacy-bb8174ba-9d73-dcf2-9b4a-c582b4e640dd<\/span><\/a><\/li>\n<li style=\"font-weight: 400;\" aria-level=\"1\"><span style=\"font-weight: 400;\">Pour Safari\u2122\u00a0: <\/span><a href=\"https:\/\/support.apple.com\/guide\/safari\/manage-cookies-and-website-data-sfri11471\/mac\"><span style=\"font-weight: 400;\">https:\/\/support.apple.com\/guide\/safari\/manage-cookies-and-website-data-sfri11471\/mac<\/span><\/a><\/li>\n<li style=\"font-weight: 400;\" aria-level=\"1\"><span style=\"font-weight: 400;\">Pour Chrome\u2122\u00a0:<\/span><span style=\"font-weight: 400;\"><br \/>\n<\/span><span style=\"font-weight: 400;\">https:\/\/support.google.com\/chrome\/answer\/95647<\/span><\/li>\n<li style=\"font-weight: 400;\" aria-level=\"1\"><span style=\"font-weight: 400;\">Pour Firefox\u2122\u00a0:<\/span><a href=\"https:\/\/support.mozilla.org\/en-US\/kb\/enable-and-disable-cookies-website-preferences\"> <span style=\"font-weight: 400;\"><br \/>\n<\/span><\/a><a href=\"https:\/\/support.mozilla.org\/en-US\/kb\/block-websites-storing-cookies-site-data-firefox\"><span style=\"font-weight: 400;\">https:\/\/support.mozilla.org\/en-US\/kb\/block-websites-storing-cookies-site-data-firefox<\/span><\/a><\/li>\n<li style=\"font-weight: 400;\" aria-level=\"1\"><span style=\"font-weight: 400;\">Pour Opera\u2122\u00a0:<\/span><span style=\"font-weight: 400;\"><br \/>\n<\/span><a href=\"https:\/\/help.opera.com\/en\/latest\/web-preferences\/#cookies\"> <span style=\"font-weight: 400;\">https:\/\/help.opera.com\/en\/latest\/web-preferences\/#cookies<\/span><\/a><\/li>\n<\/ul>\n<p><span style=\"font-weight: 400;\">L&rsquo;enregistrement d&rsquo;un cookie sur votre appareil d\u00e9pend de vos souhaits, que vous pouvez exprimer et modifier \u00e0 tout moment et gratuitement en utilisant les param\u00e8tres propos\u00e9s par votre logiciel de navigation.<\/span><\/p>\n<p><span style=\"font-weight: 400;\">Si votre navigateur est param\u00e9tr\u00e9 pour accepter les cookies sur votre appareil, les cookies int\u00e9gr\u00e9s dans les pages et contenus que vous consultez peuvent \u00eatre temporairement stock\u00e9s dans un espace d\u00e9di\u00e9 de votre appareil. Ils y seront lisibles uniquement par leur \u00e9metteur.<\/span><\/p>\n<p><span style=\"font-weight: 400;\">A l\u2019inverse, vous pouvez param\u00e9trer votre navigateur pour refuser les cookies. Gardez \u00e0 l&rsquo;esprit que si vous param\u00e9trez votre navigateur pour bloquer les cookies, certaines fonctionnalit\u00e9s, pages et espaces de https:\/\/www.hotelpoliteama.com\/<\/span><span style=\"font-weight: 400;\">\u00a0ne seront pas accessibles, et nous ne pouvons \u00eatre tenus pour responsables dans ce cas.<\/span><\/p>\n<p><b>Plateformes publicitaires sp\u00e9cialis\u00e9es<\/b><\/p>\n<p><span style=\"font-weight: 400;\">Plusieurs plateformes publicitaires professionnelles vous donnent \u00e9galement la possibilit\u00e9 d&rsquo;accepter ou de bloquer les cookies utilis\u00e9s par les entreprises qui en sont membres. Ces m\u00e9canismes centralis\u00e9s ne bloquent pas l\u2019affichage des publicit\u00e9s mais emp\u00eachent seulement l\u2019installation de cookies permettant d\u2019adapter les publicit\u00e9s \u00e0 vos centres d\u2019int\u00e9r\u00eats.<\/span><\/p>\n<p><span style=\"font-weight: 400;\">Vous pouvez par exemple vous rendre sur le site<\/span><a href=\"http:\/\/www.youronlinechoices.com\/\"> <span style=\"font-weight: 400;\">http:\/\/www.youronlinechoices.com<\/span><\/a><span style=\"font-weight: 400;\"> afin d\u2019interdire l\u2019installation de ces cookies sur votre appareil. Ce site Web est propos\u00e9 par les professionnels de la publicit\u00e9 digitale regroup\u00e9s au sein de l\u2019association europ\u00e9enne EDAA (European Digital Advertising Alliance) et g\u00e9r\u00e9 en France par l\u2019Interactive Advertising Bureau France.<\/span><\/p>\n","protected":false},"excerpt":{"rendered":"<p>Utilisation des cookies par l&rsquo;h\u00f4tel Hotel Politeama Nous vous informons que l&rsquo;h\u00f4tel Hotel Politeama\u00a0utilise des cookies ou d&rsquo;autres traceurs sur son site Web https:\/\/www.hotelpoliteama.com\/. Ces traceurs peuvent \u00eatre install\u00e9s sur votre appareil en fonction des pr\u00e9f\u00e9rences que vous avez exprim\u00e9es ou que vous pouvez exprimer \u00e0 tout moment conform\u00e9ment \u00e0 la pr\u00e9sente politique. Pourquoi avoir [&hellip;]<\/p>\n","protected":false},"author":9,"featured_media":0,"parent":0,"menu_order":0,"comment_status":"closed","ping_status":"closed","template":"","meta":{"footnotes":""},"class_list":["post-961","page","type-page","status-publish","hentry"],"yoast_head":"<!-- This site is optimized with the Yoast SEO plugin v26.9 - https:\/\/yoast.com\/product\/yoast-seo-wordpress\/ -->\n<title>Cookie policy - Hotel Politeama<\/title>\n<meta name=\"robots\" content=\"index, follow, max-snippet:-1, max-image-preview:large, max-video-preview:-1\" \/>\n<link rel=\"canonical\" href=\"https:\/\/www.hotelpoliteama.com\/fr\/cookie-policy\/\" \/>\n<meta property=\"og:locale\" content=\"fr_FR\" \/>\n<meta property=\"og:type\" content=\"article\" \/>\n<meta property=\"og:title\" content=\"Cookie policy - Hotel Politeama\" \/>\n<meta property=\"og:description\" content=\"Utilisation des cookies par l&rsquo;h\u00f4tel Hotel Politeama Nous vous informons que l&rsquo;h\u00f4tel Hotel Politeama\u00a0utilise des cookies ou d&rsquo;autres traceurs sur son site Web https:\/\/www.hotelpoliteama.com\/. Ces traceurs peuvent \u00eatre install\u00e9s sur votre appareil en fonction des pr\u00e9f\u00e9rences que vous avez exprim\u00e9es ou que vous pouvez exprimer \u00e0 tout moment conform\u00e9ment \u00e0 la pr\u00e9sente politique. Pourquoi avoir [&hellip;]\" \/>\n<meta property=\"og:url\" content=\"https:\/\/www.hotelpoliteama.com\/fr\/cookie-policy\/\" \/>\n<meta property=\"og:site_name\" content=\"Hotel Politeama\" \/>\n<meta property=\"article:modified_time\" content=\"2024-01-30T14:00:39+00:00\" \/>\n<meta name=\"twitter:card\" content=\"summary_large_image\" \/>\n<meta name=\"twitter:label1\" content=\"Dur\u00e9e de lecture estim\u00e9e\" \/>\n\t<meta name=\"twitter:data1\" content=\"8 minutes\" \/>\n<script type=\"application\/ld+json\" class=\"yoast-schema-graph\">{\"@context\":\"https:\/\/schema.org\",\"@graph\":[{\"@type\":\"WebPage\",\"@id\":\"https:\/\/www.hotelpoliteama.com\/fr\/cookie-policy\/\",\"url\":\"https:\/\/www.hotelpoliteama.com\/fr\/cookie-policy\/\",\"name\":\"Cookie policy - Hotel Politeama\",\"isPartOf\":{\"@id\":\"https:\/\/www.hotelpoliteama.com\/fr\/#website\"},\"datePublished\":\"2024-01-30T14:00:21+00:00\",\"dateModified\":\"2024-01-30T14:00:39+00:00\",\"breadcrumb\":{\"@id\":\"https:\/\/www.hotelpoliteama.com\/fr\/cookie-policy\/#breadcrumb\"},\"inLanguage\":\"fr-FR\",\"potentialAction\":[{\"@type\":\"ReadAction\",\"target\":[\"https:\/\/www.hotelpoliteama.com\/fr\/cookie-policy\/\"]}]},{\"@type\":\"BreadcrumbList\",\"@id\":\"https:\/\/www.hotelpoliteama.com\/fr\/cookie-policy\/#breadcrumb\",\"itemListElement\":[{\"@type\":\"ListItem\",\"position\":1,\"name\":\"Home\",\"item\":\"https:\/\/www.hotelpoliteama.com\/fr\/\"},{\"@type\":\"ListItem\",\"position\":2,\"name\":\"Cookie policy\"}]},{\"@type\":\"WebSite\",\"@id\":\"https:\/\/www.hotelpoliteama.com\/fr\/#website\",\"url\":\"https:\/\/www.hotelpoliteama.com\/fr\/\",\"name\":\"Hotel Politeama\",\"description\":\"Ecco un altro sito ms.decms.eu\",\"potentialAction\":[{\"@type\":\"SearchAction\",\"target\":{\"@type\":\"EntryPoint\",\"urlTemplate\":\"https:\/\/www.hotelpoliteama.com\/fr\/?s={search_term_string}\"},\"query-input\":{\"@type\":\"PropertyValueSpecification\",\"valueRequired\":true,\"valueName\":\"search_term_string\"}}],\"inLanguage\":\"fr-FR\"}]}<\/script>\n<!-- \/ Yoast SEO plugin. -->","yoast_head_json":{"title":"Cookie policy - Hotel Politeama","robots":{"index":"index","follow":"follow","max-snippet":"max-snippet:-1","max-image-preview":"max-image-preview:large","max-video-preview":"max-video-preview:-1"},"canonical":"https:\/\/www.hotelpoliteama.com\/fr\/cookie-policy\/","og_locale":"fr_FR","og_type":"article","og_title":"Cookie policy - Hotel Politeama","og_description":"Utilisation des cookies par l&rsquo;h\u00f4tel Hotel Politeama Nous vous informons que l&rsquo;h\u00f4tel Hotel Politeama\u00a0utilise des cookies ou d&rsquo;autres traceurs sur son site Web https:\/\/www.hotelpoliteama.com\/. Ces traceurs peuvent \u00eatre install\u00e9s sur votre appareil en fonction des pr\u00e9f\u00e9rences que vous avez exprim\u00e9es ou que vous pouvez exprimer \u00e0 tout moment conform\u00e9ment \u00e0 la pr\u00e9sente politique. Pourquoi avoir [&hellip;]","og_url":"https:\/\/www.hotelpoliteama.com\/fr\/cookie-policy\/","og_site_name":"Hotel Politeama","article_modified_time":"2024-01-30T14:00:39+00:00","twitter_card":"summary_large_image","twitter_misc":{"Dur\u00e9e de lecture estim\u00e9e":"8 minutes"},"schema":{"@context":"https:\/\/schema.org","@graph":[{"@type":"WebPage","@id":"https:\/\/www.hotelpoliteama.com\/fr\/cookie-policy\/","url":"https:\/\/www.hotelpoliteama.com\/fr\/cookie-policy\/","name":"Cookie policy - Hotel Politeama","isPartOf":{"@id":"https:\/\/www.hotelpoliteama.com\/fr\/#website"},"datePublished":"2024-01-30T14:00:21+00:00","dateModified":"2024-01-30T14:00:39+00:00","breadcrumb":{"@id":"https:\/\/www.hotelpoliteama.com\/fr\/cookie-policy\/#breadcrumb"},"inLanguage":"fr-FR","potentialAction":[{"@type":"ReadAction","target":["https:\/\/www.hotelpoliteama.com\/fr\/cookie-policy\/"]}]},{"@type":"BreadcrumbList","@id":"https:\/\/www.hotelpoliteama.com\/fr\/cookie-policy\/#breadcrumb","itemListElement":[{"@type":"ListItem","position":1,"name":"Home","item":"https:\/\/www.hotelpoliteama.com\/fr\/"},{"@type":"ListItem","position":2,"name":"Cookie policy"}]},{"@type":"WebSite","@id":"https:\/\/www.hotelpoliteama.com\/fr\/#website","url":"https:\/\/www.hotelpoliteama.com\/fr\/","name":"Hotel Politeama","description":"Ecco un altro sito ms.decms.eu","potentialAction":[{"@type":"SearchAction","target":{"@type":"EntryPoint","urlTemplate":"https:\/\/www.hotelpoliteama.com\/fr\/?s={search_term_string}"},"query-input":{"@type":"PropertyValueSpecification","valueRequired":true,"valueName":"search_term_string"}}],"inLanguage":"fr-FR"}]}},"acf":[],"_links":{"self":[{"href":"https:\/\/www.hotelpoliteama.com\/fr\/wp-json\/wp\/v2\/pages\/961","targetHints":{"allow":["GET"]}}],"collection":[{"href":"https:\/\/www.hotelpoliteama.com\/fr\/wp-json\/wp\/v2\/pages"}],"about":[{"href":"https:\/\/www.hotelpoliteama.com\/fr\/wp-json\/wp\/v2\/types\/page"}],"author":[{"embeddable":true,"href":"https:\/\/www.hotelpoliteama.com\/fr\/wp-json\/wp\/v2\/users\/9"}],"replies":[{"embeddable":true,"href":"https:\/\/www.hotelpoliteama.com\/fr\/wp-json\/wp\/v2\/comments?post=961"}],"version-history":[{"count":0,"href":"https:\/\/www.hotelpoliteama.com\/fr\/wp-json\/wp\/v2\/pages\/961\/revisions"}],"wp:attachment":[{"href":"https:\/\/www.hotelpoliteama.com\/fr\/wp-json\/wp\/v2\/media?parent=961"}],"curies":[{"name":"wp","href":"https:\/\/api.w.org\/{rel}","templated":true}]}}