{"id":946,"date":"2023-09-01T15:37:12","date_gmt":"2023-09-01T13:37:12","guid":{"rendered":"https:\/\/www.hotelpoliteama.com\/?page_id=946"},"modified":"2024-06-07T11:12:41","modified_gmt":"2024-06-07T09:12:41","slug":"politeama-roof","status":"publish","type":"page","link":"https:\/\/www.hotelpoliteama.com\/fr\/gastronomie\/politeama-roof\/","title":{"rendered":"Politeama Roof"},"content":{"rendered":"<p>\u00ab\u00a0Cerise sur le toit de l&rsquo;H\u00f4tel\u00a0\u00bb, le Politeama Roof est l&rsquo;endroit id\u00e9al pour vivre des moments inoubliables avec pour toile de fond la splendide ville de Palerme.<\/p>\n<p>Sur cette terrasse \u00e0 couper le souffle, les clients peuvent siroter des cocktails \u00ab\u00a0\u00e9motionnels\u00a0\u00bb pr\u00e9par\u00e9s par le chef ex\u00e9cutif du bar, associ\u00e9s \u00e0 des plats gastronomiques pour cr\u00e9er des synergies et des combinaisons exclusives, tout en profitant d&rsquo;une vue panoramique spectaculaire sur l&rsquo;ensemble de la ville de Palerme.<\/p>\n<p>Des atmosph\u00e8res raffin\u00e9es, des saveurs inoubliables et un panorama pittoresque qui offre des \u00e9motions uniques.<\/p>\n<p>Pour plus d&rsquo;informations et de r\u00e9servations :<\/p>\n<ul>\n<li>Site web du <a href=\"https:\/\/www.politeama-roof.com\/\">Politeama Roof<\/a><\/li>\n<li>T\u00e9l\u00e9phone : +39 379 103 1169<\/li>\n<li>Courriel : politeamaroof@gmail.com<\/li>\n<\/ul>\n","protected":false},"excerpt":{"rendered":"<p>\u00ab\u00a0Cerise sur le toit de l&rsquo;H\u00f4tel\u00a0\u00bb, le Politeama Roof est l&rsquo;endroit id\u00e9al pour vivre des moments inoubliables avec pour toile de fond la splendide ville de Palerme. Sur cette terrasse \u00e0 couper le souffle, les clients peuvent siroter des cocktails \u00ab\u00a0\u00e9motionnels\u00a0\u00bb pr\u00e9par\u00e9s par le chef ex\u00e9cutif du bar, associ\u00e9s \u00e0 des plats gastronomiques pour cr\u00e9er [&hellip;]<\/p>\n","protected":false},"author":106,"featured_media":0,"parent":921,"menu_order":30,"comment_status":"closed","ping_status":"closed","template":"","meta":{"footnotes":""},"class_list":["post-946","page","type-page","status-publish","hentry"],"yoast_head":"<!-- This site is optimized with the Yoast SEO plugin v26.9 - https:\/\/yoast.com\/product\/yoast-seo-wordpress\/ -->\n<title>Politeama Roof - Hotel Politeama<\/title>\n<meta name=\"robots\" content=\"index, follow, max-snippet:-1, max-image-preview:large, max-video-preview:-1\" \/>\n<link rel=\"canonical\" href=\"https:\/\/www.hotelpoliteama.com\/fr\/gastronomie\/politeama-roof\/\" \/>\n<meta property=\"og:locale\" content=\"fr_FR\" \/>\n<meta property=\"og:type\" content=\"article\" \/>\n<meta property=\"og:title\" content=\"Politeama Roof - Hotel Politeama\" \/>\n<meta property=\"og:description\" content=\"\u00ab\u00a0Cerise sur le toit de l&rsquo;H\u00f4tel\u00a0\u00bb, le Politeama Roof est l&rsquo;endroit id\u00e9al pour vivre des moments inoubliables avec pour toile de fond la splendide ville de Palerme. Sur cette terrasse \u00e0 couper le souffle, les clients peuvent siroter des cocktails \u00ab\u00a0\u00e9motionnels\u00a0\u00bb pr\u00e9par\u00e9s par le chef ex\u00e9cutif du bar, associ\u00e9s \u00e0 des plats gastronomiques pour cr\u00e9er [&hellip;]\" \/>\n<meta property=\"og:url\" content=\"https:\/\/www.hotelpoliteama.com\/fr\/gastronomie\/politeama-roof\/\" \/>\n<meta property=\"og:site_name\" content=\"Hotel Politeama\" \/>\n<meta property=\"article:modified_time\" content=\"2024-06-07T09:12:41+00:00\" \/>\n<meta name=\"twitter:card\" content=\"summary_large_image\" \/>\n<meta name=\"twitter:label1\" content=\"Dur\u00e9e de lecture estim\u00e9e\" \/>\n\t<meta name=\"twitter:data1\" content=\"1 minute\" \/>\n<script type=\"application\/ld+json\" class=\"yoast-schema-graph\">{\"@context\":\"https:\/\/schema.org\",\"@graph\":[{\"@type\":\"WebPage\",\"@id\":\"https:\/\/www.hotelpoliteama.com\/fr\/gastronomie\/politeama-roof\/\",\"url\":\"https:\/\/www.hotelpoliteama.com\/fr\/gastronomie\/politeama-roof\/\",\"name\":\"Politeama Roof - Hotel Politeama\",\"isPartOf\":{\"@id\":\"https:\/\/www.hotelpoliteama.com\/fr\/#website\"},\"datePublished\":\"2023-09-01T13:37:12+00:00\",\"dateModified\":\"2024-06-07T09:12:41+00:00\",\"breadcrumb\":{\"@id\":\"https:\/\/www.hotelpoliteama.com\/fr\/gastronomie\/politeama-roof\/#breadcrumb\"},\"inLanguage\":\"fr-FR\",\"potentialAction\":[{\"@type\":\"ReadAction\",\"target\":[\"https:\/\/www.hotelpoliteama.com\/fr\/gastronomie\/politeama-roof\/\"]}]},{\"@type\":\"BreadcrumbList\",\"@id\":\"https:\/\/www.hotelpoliteama.com\/fr\/gastronomie\/politeama-roof\/#breadcrumb\",\"itemListElement\":[{\"@type\":\"ListItem\",\"position\":1,\"name\":\"Home\",\"item\":\"https:\/\/www.hotelpoliteama.com\/fr\/\"},{\"@type\":\"ListItem\",\"position\":2,\"name\":\"Gastronomie\",\"item\":\"https:\/\/www.hotelpoliteama.com\/fr\/gastronomie\/\"},{\"@type\":\"ListItem\",\"position\":3,\"name\":\"Politeama Roof\"}]},{\"@type\":\"WebSite\",\"@id\":\"https:\/\/www.hotelpoliteama.com\/fr\/#website\",\"url\":\"https:\/\/www.hotelpoliteama.com\/fr\/\",\"name\":\"Hotel Politeama\",\"description\":\"Ecco un altro sito ms.decms.eu\",\"potentialAction\":[{\"@type\":\"SearchAction\",\"target\":{\"@type\":\"EntryPoint\",\"urlTemplate\":\"https:\/\/www.hotelpoliteama.com\/fr\/?s={search_term_string}\"},\"query-input\":{\"@type\":\"PropertyValueSpecification\",\"valueRequired\":true,\"valueName\":\"search_term_string\"}}],\"inLanguage\":\"fr-FR\"}]}<\/script>\n<!-- \/ Yoast SEO plugin. -->","yoast_head_json":{"title":"Politeama Roof - Hotel Politeama","robots":{"index":"index","follow":"follow","max-snippet":"max-snippet:-1","max-image-preview":"max-image-preview:large","max-video-preview":"max-video-preview:-1"},"canonical":"https:\/\/www.hotelpoliteama.com\/fr\/gastronomie\/politeama-roof\/","og_locale":"fr_FR","og_type":"article","og_title":"Politeama Roof - Hotel Politeama","og_description":"\u00ab\u00a0Cerise sur le toit de l&rsquo;H\u00f4tel\u00a0\u00bb, le Politeama Roof est l&rsquo;endroit id\u00e9al pour vivre des moments inoubliables avec pour toile de fond la splendide ville de Palerme. Sur cette terrasse \u00e0 couper le souffle, les clients peuvent siroter des cocktails \u00ab\u00a0\u00e9motionnels\u00a0\u00bb pr\u00e9par\u00e9s par le chef ex\u00e9cutif du bar, associ\u00e9s \u00e0 des plats gastronomiques pour cr\u00e9er [&hellip;]","og_url":"https:\/\/www.hotelpoliteama.com\/fr\/gastronomie\/politeama-roof\/","og_site_name":"Hotel Politeama","article_modified_time":"2024-06-07T09:12:41+00:00","twitter_card":"summary_large_image","twitter_misc":{"Dur\u00e9e de lecture estim\u00e9e":"1 minute"},"schema":{"@context":"https:\/\/schema.org","@graph":[{"@type":"WebPage","@id":"https:\/\/www.hotelpoliteama.com\/fr\/gastronomie\/politeama-roof\/","url":"https:\/\/www.hotelpoliteama.com\/fr\/gastronomie\/politeama-roof\/","name":"Politeama Roof - Hotel Politeama","isPartOf":{"@id":"https:\/\/www.hotelpoliteama.com\/fr\/#website"},"datePublished":"2023-09-01T13:37:12+00:00","dateModified":"2024-06-07T09:12:41+00:00","breadcrumb":{"@id":"https:\/\/www.hotelpoliteama.com\/fr\/gastronomie\/politeama-roof\/#breadcrumb"},"inLanguage":"fr-FR","potentialAction":[{"@type":"ReadAction","target":["https:\/\/www.hotelpoliteama.com\/fr\/gastronomie\/politeama-roof\/"]}]},{"@type":"BreadcrumbList","@id":"https:\/\/www.hotelpoliteama.com\/fr\/gastronomie\/politeama-roof\/#breadcrumb","itemListElement":[{"@type":"ListItem","position":1,"name":"Home","item":"https:\/\/www.hotelpoliteama.com\/fr\/"},{"@type":"ListItem","position":2,"name":"Gastronomie","item":"https:\/\/www.hotelpoliteama.com\/fr\/gastronomie\/"},{"@type":"ListItem","position":3,"name":"Politeama Roof"}]},{"@type":"WebSite","@id":"https:\/\/www.hotelpoliteama.com\/fr\/#website","url":"https:\/\/www.hotelpoliteama.com\/fr\/","name":"Hotel Politeama","description":"Ecco un altro sito ms.decms.eu","potentialAction":[{"@type":"SearchAction","target":{"@type":"EntryPoint","urlTemplate":"https:\/\/www.hotelpoliteama.com\/fr\/?s={search_term_string}"},"query-input":{"@type":"PropertyValueSpecification","valueRequired":true,"valueName":"search_term_string"}}],"inLanguage":"fr-FR"}]}},"acf":[],"_links":{"self":[{"href":"https:\/\/www.hotelpoliteama.com\/fr\/wp-json\/wp\/v2\/pages\/946","targetHints":{"allow":["GET"]}}],"collection":[{"href":"https:\/\/www.hotelpoliteama.com\/fr\/wp-json\/wp\/v2\/pages"}],"about":[{"href":"https:\/\/www.hotelpoliteama.com\/fr\/wp-json\/wp\/v2\/types\/page"}],"author":[{"embeddable":true,"href":"https:\/\/www.hotelpoliteama.com\/fr\/wp-json\/wp\/v2\/users\/106"}],"replies":[{"embeddable":true,"href":"https:\/\/www.hotelpoliteama.com\/fr\/wp-json\/wp\/v2\/comments?post=946"}],"version-history":[{"count":0,"href":"https:\/\/www.hotelpoliteama.com\/fr\/wp-json\/wp\/v2\/pages\/946\/revisions"}],"up":[{"embeddable":true,"href":"https:\/\/www.hotelpoliteama.com\/fr\/wp-json\/wp\/v2\/pages\/921"}],"wp:attachment":[{"href":"https:\/\/www.hotelpoliteama.com\/fr\/wp-json\/wp\/v2\/media?parent=946"}],"curies":[{"name":"wp","href":"https:\/\/api.w.org\/{rel}","templated":true}]}}