{"id":921,"date":"2023-09-01T11:11:47","date_gmt":"2023-09-01T09:11:47","guid":{"rendered":"https:\/\/www.hotelpoliteama.com\/?page_id=921"},"modified":"2023-09-08T11:38:08","modified_gmt":"2023-09-08T09:38:08","slug":"gastronomie","status":"publish","type":"page","link":"https:\/\/www.hotelpoliteama.com\/fr\/gastronomie\/","title":{"rendered":"Gastronomie"},"content":{"rendered":"<p>Nos clients auront \u00e0 leur disposition toutes les options de restauration de l&rsquo;H\u00f4tel : ils pourront d\u00e9guster un fantastique petit-d\u00e9jeuner buffet, avec une grande vari\u00e9t\u00e9 de produits ; savourer les excellentes propositions du restaurant Politeama, avec les d\u00e9licieuses sp\u00e9cialit\u00e9s r\u00e9gionales du chef Giarraffa ; profiter d&rsquo;une magnifique vue panoramique sur la ville tout en sirotant des boissons et en d\u00e9gustant des plats sur le toit du Politeama ; et se d\u00e9tendre dans notre Lounge Bar.<\/p>\n","protected":false},"excerpt":{"rendered":"<p>Nos clients auront \u00e0 leur disposition toutes les options de restauration de l&rsquo;H\u00f4tel : ils pourront d\u00e9guster un fantastique petit-d\u00e9jeuner buffet, avec une grande vari\u00e9t\u00e9 de produits ; savourer les excellentes propositions du restaurant Politeama, avec les d\u00e9licieuses sp\u00e9cialit\u00e9s r\u00e9gionales du chef Giarraffa ; profiter d&rsquo;une magnifique vue panoramique sur la ville tout en sirotant [&hellip;]<\/p>\n","protected":false},"author":106,"featured_media":0,"parent":0,"menu_order":50,"comment_status":"closed","ping_status":"closed","template":"","meta":{"footnotes":""},"class_list":["post-921","page","type-page","status-publish","hentry"],"yoast_head":"<!-- This site is optimized with the Yoast SEO plugin v26.9 - https:\/\/yoast.com\/product\/yoast-seo-wordpress\/ -->\n<title>Gastronomie - Hotel Politeama<\/title>\n<meta name=\"robots\" content=\"index, follow, max-snippet:-1, max-image-preview:large, max-video-preview:-1\" \/>\n<link rel=\"canonical\" href=\"https:\/\/www.hotelpoliteama.com\/fr\/gastronomie\/\" \/>\n<meta property=\"og:locale\" content=\"fr_FR\" \/>\n<meta property=\"og:type\" content=\"article\" \/>\n<meta property=\"og:title\" content=\"Gastronomie - Hotel Politeama\" \/>\n<meta property=\"og:description\" content=\"Nos clients auront \u00e0 leur disposition toutes les options de restauration de l&rsquo;H\u00f4tel : ils pourront d\u00e9guster un fantastique petit-d\u00e9jeuner buffet, avec une grande vari\u00e9t\u00e9 de produits ; savourer les excellentes propositions du restaurant Politeama, avec les d\u00e9licieuses sp\u00e9cialit\u00e9s r\u00e9gionales du chef Giarraffa ; profiter d&rsquo;une magnifique vue panoramique sur la ville tout en sirotant [&hellip;]\" \/>\n<meta property=\"og:url\" content=\"https:\/\/www.hotelpoliteama.com\/fr\/gastronomie\/\" \/>\n<meta property=\"og:site_name\" content=\"Hotel Politeama\" \/>\n<meta property=\"article:modified_time\" content=\"2023-09-08T09:38:08+00:00\" \/>\n<meta name=\"twitter:card\" content=\"summary_large_image\" \/>\n<script type=\"application\/ld+json\" class=\"yoast-schema-graph\">{\"@context\":\"https:\/\/schema.org\",\"@graph\":[{\"@type\":\"WebPage\",\"@id\":\"https:\/\/www.hotelpoliteama.com\/fr\/gastronomie\/\",\"url\":\"https:\/\/www.hotelpoliteama.com\/fr\/gastronomie\/\",\"name\":\"Gastronomie - Hotel Politeama\",\"isPartOf\":{\"@id\":\"https:\/\/www.hotelpoliteama.com\/fr\/#website\"},\"datePublished\":\"2023-09-01T09:11:47+00:00\",\"dateModified\":\"2023-09-08T09:38:08+00:00\",\"breadcrumb\":{\"@id\":\"https:\/\/www.hotelpoliteama.com\/fr\/gastronomie\/#breadcrumb\"},\"inLanguage\":\"fr-FR\",\"potentialAction\":[{\"@type\":\"ReadAction\",\"target\":[\"https:\/\/www.hotelpoliteama.com\/fr\/gastronomie\/\"]}]},{\"@type\":\"BreadcrumbList\",\"@id\":\"https:\/\/www.hotelpoliteama.com\/fr\/gastronomie\/#breadcrumb\",\"itemListElement\":[{\"@type\":\"ListItem\",\"position\":1,\"name\":\"Home\",\"item\":\"https:\/\/www.hotelpoliteama.com\/fr\/\"},{\"@type\":\"ListItem\",\"position\":2,\"name\":\"Gastronomie\"}]},{\"@type\":\"WebSite\",\"@id\":\"https:\/\/www.hotelpoliteama.com\/fr\/#website\",\"url\":\"https:\/\/www.hotelpoliteama.com\/fr\/\",\"name\":\"Hotel Politeama\",\"description\":\"Ecco un altro sito ms.decms.eu\",\"potentialAction\":[{\"@type\":\"SearchAction\",\"target\":{\"@type\":\"EntryPoint\",\"urlTemplate\":\"https:\/\/www.hotelpoliteama.com\/fr\/?s={search_term_string}\"},\"query-input\":{\"@type\":\"PropertyValueSpecification\",\"valueRequired\":true,\"valueName\":\"search_term_string\"}}],\"inLanguage\":\"fr-FR\"}]}<\/script>\n<!-- \/ Yoast SEO plugin. -->","yoast_head_json":{"title":"Gastronomie - Hotel Politeama","robots":{"index":"index","follow":"follow","max-snippet":"max-snippet:-1","max-image-preview":"max-image-preview:large","max-video-preview":"max-video-preview:-1"},"canonical":"https:\/\/www.hotelpoliteama.com\/fr\/gastronomie\/","og_locale":"fr_FR","og_type":"article","og_title":"Gastronomie - Hotel Politeama","og_description":"Nos clients auront \u00e0 leur disposition toutes les options de restauration de l&rsquo;H\u00f4tel : ils pourront d\u00e9guster un fantastique petit-d\u00e9jeuner buffet, avec une grande vari\u00e9t\u00e9 de produits ; savourer les excellentes propositions du restaurant Politeama, avec les d\u00e9licieuses sp\u00e9cialit\u00e9s r\u00e9gionales du chef Giarraffa ; profiter d&rsquo;une magnifique vue panoramique sur la ville tout en sirotant [&hellip;]","og_url":"https:\/\/www.hotelpoliteama.com\/fr\/gastronomie\/","og_site_name":"Hotel Politeama","article_modified_time":"2023-09-08T09:38:08+00:00","twitter_card":"summary_large_image","schema":{"@context":"https:\/\/schema.org","@graph":[{"@type":"WebPage","@id":"https:\/\/www.hotelpoliteama.com\/fr\/gastronomie\/","url":"https:\/\/www.hotelpoliteama.com\/fr\/gastronomie\/","name":"Gastronomie - Hotel Politeama","isPartOf":{"@id":"https:\/\/www.hotelpoliteama.com\/fr\/#website"},"datePublished":"2023-09-01T09:11:47+00:00","dateModified":"2023-09-08T09:38:08+00:00","breadcrumb":{"@id":"https:\/\/www.hotelpoliteama.com\/fr\/gastronomie\/#breadcrumb"},"inLanguage":"fr-FR","potentialAction":[{"@type":"ReadAction","target":["https:\/\/www.hotelpoliteama.com\/fr\/gastronomie\/"]}]},{"@type":"BreadcrumbList","@id":"https:\/\/www.hotelpoliteama.com\/fr\/gastronomie\/#breadcrumb","itemListElement":[{"@type":"ListItem","position":1,"name":"Home","item":"https:\/\/www.hotelpoliteama.com\/fr\/"},{"@type":"ListItem","position":2,"name":"Gastronomie"}]},{"@type":"WebSite","@id":"https:\/\/www.hotelpoliteama.com\/fr\/#website","url":"https:\/\/www.hotelpoliteama.com\/fr\/","name":"Hotel Politeama","description":"Ecco un altro sito ms.decms.eu","potentialAction":[{"@type":"SearchAction","target":{"@type":"EntryPoint","urlTemplate":"https:\/\/www.hotelpoliteama.com\/fr\/?s={search_term_string}"},"query-input":{"@type":"PropertyValueSpecification","valueRequired":true,"valueName":"search_term_string"}}],"inLanguage":"fr-FR"}]}},"acf":[],"_links":{"self":[{"href":"https:\/\/www.hotelpoliteama.com\/fr\/wp-json\/wp\/v2\/pages\/921","targetHints":{"allow":["GET"]}}],"collection":[{"href":"https:\/\/www.hotelpoliteama.com\/fr\/wp-json\/wp\/v2\/pages"}],"about":[{"href":"https:\/\/www.hotelpoliteama.com\/fr\/wp-json\/wp\/v2\/types\/page"}],"author":[{"embeddable":true,"href":"https:\/\/www.hotelpoliteama.com\/fr\/wp-json\/wp\/v2\/users\/106"}],"replies":[{"embeddable":true,"href":"https:\/\/www.hotelpoliteama.com\/fr\/wp-json\/wp\/v2\/comments?post=921"}],"version-history":[{"count":0,"href":"https:\/\/www.hotelpoliteama.com\/fr\/wp-json\/wp\/v2\/pages\/921\/revisions"}],"wp:attachment":[{"href":"https:\/\/www.hotelpoliteama.com\/fr\/wp-json\/wp\/v2\/media?parent=921"}],"curies":[{"name":"wp","href":"https:\/\/api.w.org\/{rel}","templated":true}]}}