{"id":911,"date":"2021-09-13T15:55:10","date_gmt":"2021-09-13T13:55:10","guid":{"rendered":"https:\/\/www.hotelpoliteama.com\/?page_id=911"},"modified":"2021-09-13T15:57:21","modified_gmt":"2021-09-13T13:57:21","slug":"911-2","status":"publish","type":"page","link":"https:\/\/www.hotelpoliteama.com\/fr\/services\/911-2\/","title":{"rendered":"Personal shopper"},"content":{"rendered":"<p>Offrez-vous une journ\u00e9e dans les boutiques de Palerme avec notre Personal Shopper !<\/p>\n<p>Vous aurez un consultant en image professionnel pr\u00eat \u00e0 vous conseiller sur la tenue la plus adapt\u00e9e pour vous et qui vous fera d\u00e9couvrir les meilleures boutiques de la ville.<\/p>\n<p>Tarif : 40 euros de l&rsquo;heure (pour un maximum de 2 personnes), paiement sur place<\/p>\n<p><a href=\"https:\/\/www.hotelpoliteama.com\/fr\/contacts\/\"><span style=\"color: #ff0000\">Contactez-nous pour plus d&rsquo;informations<\/span><\/a><\/p>\n","protected":false},"excerpt":{"rendered":"<p>Offrez-vous une journ\u00e9e dans les boutiques de Palerme avec notre Personal Shopper ! Vous aurez un consultant en image professionnel pr\u00eat \u00e0 vous conseiller sur la tenue la plus adapt\u00e9e pour vous et qui vous fera d\u00e9couvrir les meilleures boutiques de la ville. Tarif : 40 euros de l&rsquo;heure (pour un maximum de 2 personnes), [&hellip;]<\/p>\n","protected":false},"author":106,"featured_media":0,"parent":77,"menu_order":50,"comment_status":"closed","ping_status":"closed","template":"","meta":{"footnotes":""},"class_list":["post-911","page","type-page","status-publish","hentry"],"yoast_head":"<!-- This site is optimized with the Yoast SEO plugin v26.9 - https:\/\/yoast.com\/product\/yoast-seo-wordpress\/ -->\n<title>Personal shopper - Hotel Politeama<\/title>\n<meta name=\"robots\" content=\"index, follow, max-snippet:-1, max-image-preview:large, max-video-preview:-1\" \/>\n<link rel=\"canonical\" href=\"https:\/\/www.hotelpoliteama.com\/fr\/services\/911-2\/\" \/>\n<meta property=\"og:locale\" content=\"fr_FR\" \/>\n<meta property=\"og:type\" content=\"article\" \/>\n<meta property=\"og:title\" content=\"Personal shopper - Hotel Politeama\" \/>\n<meta property=\"og:description\" content=\"Offrez-vous une journ\u00e9e dans les boutiques de Palerme avec notre Personal Shopper ! Vous aurez un consultant en image professionnel pr\u00eat \u00e0 vous conseiller sur la tenue la plus adapt\u00e9e pour vous et qui vous fera d\u00e9couvrir les meilleures boutiques de la ville. Tarif : 40 euros de l&rsquo;heure (pour un maximum de 2 personnes), [&hellip;]\" \/>\n<meta property=\"og:url\" content=\"https:\/\/www.hotelpoliteama.com\/fr\/services\/911-2\/\" \/>\n<meta property=\"og:site_name\" content=\"Hotel Politeama\" \/>\n<meta property=\"article:modified_time\" content=\"2021-09-13T13:57:21+00:00\" \/>\n<meta name=\"twitter:card\" content=\"summary_large_image\" \/>\n<script type=\"application\/ld+json\" class=\"yoast-schema-graph\">{\"@context\":\"https:\/\/schema.org\",\"@graph\":[{\"@type\":\"WebPage\",\"@id\":\"https:\/\/www.hotelpoliteama.com\/fr\/services\/911-2\/\",\"url\":\"https:\/\/www.hotelpoliteama.com\/fr\/services\/911-2\/\",\"name\":\"Personal shopper - Hotel Politeama\",\"isPartOf\":{\"@id\":\"https:\/\/www.hotelpoliteama.com\/fr\/#website\"},\"datePublished\":\"2021-09-13T13:55:10+00:00\",\"dateModified\":\"2021-09-13T13:57:21+00:00\",\"breadcrumb\":{\"@id\":\"https:\/\/www.hotelpoliteama.com\/fr\/services\/911-2\/#breadcrumb\"},\"inLanguage\":\"fr-FR\",\"potentialAction\":[{\"@type\":\"ReadAction\",\"target\":[\"https:\/\/www.hotelpoliteama.com\/fr\/services\/911-2\/\"]}]},{\"@type\":\"BreadcrumbList\",\"@id\":\"https:\/\/www.hotelpoliteama.com\/fr\/services\/911-2\/#breadcrumb\",\"itemListElement\":[{\"@type\":\"ListItem\",\"position\":1,\"name\":\"Home\",\"item\":\"https:\/\/www.hotelpoliteama.com\/fr\/\"},{\"@type\":\"ListItem\",\"position\":2,\"name\":\"Services\",\"item\":\"https:\/\/www.hotelpoliteama.com\/fr\/services\/\"},{\"@type\":\"ListItem\",\"position\":3,\"name\":\"Personal shopper\"}]},{\"@type\":\"WebSite\",\"@id\":\"https:\/\/www.hotelpoliteama.com\/fr\/#website\",\"url\":\"https:\/\/www.hotelpoliteama.com\/fr\/\",\"name\":\"Hotel Politeama\",\"description\":\"Ecco un altro sito ms.decms.eu\",\"potentialAction\":[{\"@type\":\"SearchAction\",\"target\":{\"@type\":\"EntryPoint\",\"urlTemplate\":\"https:\/\/www.hotelpoliteama.com\/fr\/?s={search_term_string}\"},\"query-input\":{\"@type\":\"PropertyValueSpecification\",\"valueRequired\":true,\"valueName\":\"search_term_string\"}}],\"inLanguage\":\"fr-FR\"}]}<\/script>\n<!-- \/ Yoast SEO plugin. -->","yoast_head_json":{"title":"Personal shopper - Hotel Politeama","robots":{"index":"index","follow":"follow","max-snippet":"max-snippet:-1","max-image-preview":"max-image-preview:large","max-video-preview":"max-video-preview:-1"},"canonical":"https:\/\/www.hotelpoliteama.com\/fr\/services\/911-2\/","og_locale":"fr_FR","og_type":"article","og_title":"Personal shopper - Hotel Politeama","og_description":"Offrez-vous une journ\u00e9e dans les boutiques de Palerme avec notre Personal Shopper ! Vous aurez un consultant en image professionnel pr\u00eat \u00e0 vous conseiller sur la tenue la plus adapt\u00e9e pour vous et qui vous fera d\u00e9couvrir les meilleures boutiques de la ville. Tarif : 40 euros de l&rsquo;heure (pour un maximum de 2 personnes), [&hellip;]","og_url":"https:\/\/www.hotelpoliteama.com\/fr\/services\/911-2\/","og_site_name":"Hotel Politeama","article_modified_time":"2021-09-13T13:57:21+00:00","twitter_card":"summary_large_image","schema":{"@context":"https:\/\/schema.org","@graph":[{"@type":"WebPage","@id":"https:\/\/www.hotelpoliteama.com\/fr\/services\/911-2\/","url":"https:\/\/www.hotelpoliteama.com\/fr\/services\/911-2\/","name":"Personal shopper - Hotel Politeama","isPartOf":{"@id":"https:\/\/www.hotelpoliteama.com\/fr\/#website"},"datePublished":"2021-09-13T13:55:10+00:00","dateModified":"2021-09-13T13:57:21+00:00","breadcrumb":{"@id":"https:\/\/www.hotelpoliteama.com\/fr\/services\/911-2\/#breadcrumb"},"inLanguage":"fr-FR","potentialAction":[{"@type":"ReadAction","target":["https:\/\/www.hotelpoliteama.com\/fr\/services\/911-2\/"]}]},{"@type":"BreadcrumbList","@id":"https:\/\/www.hotelpoliteama.com\/fr\/services\/911-2\/#breadcrumb","itemListElement":[{"@type":"ListItem","position":1,"name":"Home","item":"https:\/\/www.hotelpoliteama.com\/fr\/"},{"@type":"ListItem","position":2,"name":"Services","item":"https:\/\/www.hotelpoliteama.com\/fr\/services\/"},{"@type":"ListItem","position":3,"name":"Personal shopper"}]},{"@type":"WebSite","@id":"https:\/\/www.hotelpoliteama.com\/fr\/#website","url":"https:\/\/www.hotelpoliteama.com\/fr\/","name":"Hotel Politeama","description":"Ecco un altro sito ms.decms.eu","potentialAction":[{"@type":"SearchAction","target":{"@type":"EntryPoint","urlTemplate":"https:\/\/www.hotelpoliteama.com\/fr\/?s={search_term_string}"},"query-input":{"@type":"PropertyValueSpecification","valueRequired":true,"valueName":"search_term_string"}}],"inLanguage":"fr-FR"}]}},"acf":[],"_links":{"self":[{"href":"https:\/\/www.hotelpoliteama.com\/fr\/wp-json\/wp\/v2\/pages\/911","targetHints":{"allow":["GET"]}}],"collection":[{"href":"https:\/\/www.hotelpoliteama.com\/fr\/wp-json\/wp\/v2\/pages"}],"about":[{"href":"https:\/\/www.hotelpoliteama.com\/fr\/wp-json\/wp\/v2\/types\/page"}],"author":[{"embeddable":true,"href":"https:\/\/www.hotelpoliteama.com\/fr\/wp-json\/wp\/v2\/users\/106"}],"replies":[{"embeddable":true,"href":"https:\/\/www.hotelpoliteama.com\/fr\/wp-json\/wp\/v2\/comments?post=911"}],"version-history":[{"count":0,"href":"https:\/\/www.hotelpoliteama.com\/fr\/wp-json\/wp\/v2\/pages\/911\/revisions"}],"up":[{"embeddable":true,"href":"https:\/\/www.hotelpoliteama.com\/fr\/wp-json\/wp\/v2\/pages\/77"}],"wp:attachment":[{"href":"https:\/\/www.hotelpoliteama.com\/fr\/wp-json\/wp\/v2\/media?parent=911"}],"curies":[{"name":"wp","href":"https:\/\/api.w.org\/{rel}","templated":true}]}}