{"id":91,"date":"2019-10-23T15:56:04","date_gmt":"2019-10-23T13:56:04","guid":{"rendered":"http:\/\/hotelpoliteama.ms.decms.eu\/?page_id=91"},"modified":"2021-03-05T10:31:19","modified_gmt":"2021-03-05T09:31:19","slug":"entreprise","status":"publish","type":"page","link":"https:\/\/www.hotelpoliteama.com\/fr\/entreprise\/","title":{"rendered":"Entreprise"},"content":{"rendered":"<p>L&rsquo;H\u00f4tel Politeama propose des tarifs sp\u00e9ciaux aux entreprises, aux travailleur ind\u00e9pendant, aux institutions et aux organisations pour avoir la continuation de services, sans restriction pour les entrerprises de un nombre minimum de nuit\u00e9es.<\/p>\n<p>&nbsp;<\/p>\n<p><strong>POURQUOI FAIRE UN ACCORD AVEC NOUS<\/strong><\/p>\n<ul>\n<li>Emplacement<\/li>\n<li>R\u00e9ception 24h<\/li>\n<li>Petit d\u00e9jeuner \u00e0 partir de 7h<\/li>\n<li>Restaurant<\/li>\n<li>Service d&rsquo;\u00e9tage<\/li>\n<li>Salles de r\u00e9union<\/li>\n<li>Gym<\/li>\n<li>Connexion wifi dans toutes les chambres et les espaces communs<\/li>\n<li>Chambres avec tout le confort: wifi gratuit, bouilloire, t\u00e9l\u00e9vision \u00e0 \u00e9cran plat, climatisation, t\u00e9l\u00e9phone, armoire, minibar, s\u00e8che-cheveux, fen\u00eatres insonoris\u00e9es.<\/li>\n<li>Parking convenu<\/li>\n<li>Service de blanchisserie avec livraison en 24h<\/li>\n<li>Service de navette: transfert priv\u00e9 de\/ vers l&rsquo;a\u00e9roport de Palerme, la gare centrale, Catania, etc.<\/li>\n<\/ul>\n<p>&nbsp;<\/p>\n<p>&nbsp;<\/p>\n\n                <div class='gf_browser_gecko gform_wrapper' id='gform_wrapper_3' ><form method='post' enctype='multipart\/form-data'  id='gform_3'  action='\/fr\/wp-json\/wp\/v2\/pages\/91'>\n                        <div class='gform_heading'>\n                            <h3 class='gform_title'>Remplis ce formulaire pour envoyer votre demande<\/h3>\n                            <span class='gform_description'><\/span>\n                        <\/div>\n                        <div class='gform_body'><ul id='gform_fields_3' class='gform_fields top_label form_sublabel_below description_below'><li id='field_3_1'  class='gfield field_sublabel_below field_description_below gfield_visibility_visible' ><label class='gfield_label'  >Type de client<\/label><div class='ginput_container ginput_container_checkbox'><ul class='gfield_checkbox' id='input_3_1'><li class='gchoice_3_1_1'>\n\t\t\t\t\t\t\t\t<input name='input_1.1' type='checkbox'  value='Entreprise'  id='choice_3_1_1'   \/>\n\t\t\t\t\t\t\t\t<label for='choice_3_1_1' id='label_3_1_1'>Entreprise<\/label>\n\t\t\t\t\t\t\t<\/li><li class='gchoice_3_1_2'>\n\t\t\t\t\t\t\t\t<input name='input_1.2' type='checkbox'  value='Business Traveller Entreprise'  id='choice_3_1_2'   \/>\n\t\t\t\t\t\t\t\t<label for='choice_3_1_2' id='label_3_1_2'>Business Traveller Entreprise<\/label>\n\t\t\t\t\t\t\t<\/li><li class='gchoice_3_1_3'>\n\t\t\t\t\t\t\t\t<input name='input_1.3' type='checkbox'  value='Profession lib\u00e9rale'  id='choice_3_1_3'   \/>\n\t\t\t\t\t\t\t\t<label for='choice_3_1_3' id='label_3_1_3'>Profession lib\u00e9rale<\/label>\n\t\t\t\t\t\t\t<\/li><li class='gchoice_3_1_4'>\n\t\t\t\t\t\t\t\t<input name='input_1.4' type='checkbox'  value='Autre'  id='choice_3_1_4'   \/>\n\t\t\t\t\t\t\t\t<label for='choice_3_1_4' id='label_3_1_4'>Autre<\/label>\n\t\t\t\t\t\t\t<\/li><\/ul><\/div><\/li><li id='field_3_23'  class='gfield field_sublabel_below field_description_below gfield_visibility_visible' ><label class='gfield_label' for='input_3_23' >Pr\u00e9ciser &quot;Autre&quot;<\/label><div class='ginput_container ginput_container_textarea'><textarea name='input_23' id='input_3_23' class='textarea medium'      aria-invalid=\"false\"   rows='10' cols='50'><\/textarea><\/div><\/li><li id='field_3_21'  class='gfield field_sublabel_below field_description_below gfield_visibility_visible' ><label class='gfield_label' for='input_3_21' >Nom<\/label><div class='ginput_container ginput_container_text'><input name='input_21' id='input_3_21' type='text' value='' class='medium'      aria-invalid=\"false\" \/><\/div><\/li><li id='field_3_22'  class='gfield field_sublabel_below field_description_below gfield_visibility_visible' ><label class='gfield_label' for='input_3_22' >Pr\u00e9nom<\/label><div class='ginput_container ginput_container_text'><input name='input_22' id='input_3_22' type='text' value='' class='medium'      aria-invalid=\"false\" \/><\/div><\/li><li id='field_3_4'  class='gfield field_sublabel_below field_description_below gfield_visibility_visible' ><label class='gfield_label' for='input_3_4' >Entreprise<\/label><div class='ginput_container ginput_container_text'><input name='input_4' id='input_3_4' type='text' value='' class='medium'      aria-invalid=\"false\" \/><\/div><\/li><li id='field_3_5'  class='gfield field_sublabel_below field_description_below gfield_visibility_visible' ><label class='gfield_label' for='input_3_5' >Adresse email<\/label><div class='ginput_container ginput_container_email'>\n                            <input name='input_5' id='input_3_5' type='text' value='' class='medium'     aria-invalid=\"false\" \/>\n                        <\/div><\/li><li id='field_3_6'  class='gfield field_sublabel_below field_description_below gfield_visibility_visible' ><label class='gfield_label' for='input_3_6' >T\u00e9l\u00e9phone<\/label><div class='ginput_container ginput_container_phone'><input name='input_6' id='input_3_6' type='text' value='' class='medium'    aria-invalid=\"false\"  \/><\/div><\/li><li id='field_3_7'  class='gfield field_sublabel_below field_description_below gfield_visibility_visible' ><label class='gfield_label' for='input_3_7' >Fax<\/label><div class='ginput_container ginput_container_phone'><input name='input_7' id='input_3_7' type='text' value='' class='medium'    aria-invalid=\"false\"  \/><\/div><\/li><li id='field_3_8'  class='gfield field_sublabel_below field_description_below gfield_visibility_visible' ><label class='gfield_label' for='input_3_8' >Portable<\/label><div class='ginput_container ginput_container_phone'><input name='input_8' id='input_3_8' type='text' value='' class='medium'    aria-invalid=\"false\"  \/><\/div><\/li><li id='field_3_9'  class='gfield field_sublabel_below field_description_below gfield_visibility_visible' ><label class='gfield_label' for='input_3_9' >Emploi<\/label><div class='ginput_container ginput_container_text'><input name='input_9' id='input_3_9' type='text' value='' class='medium'      aria-invalid=\"false\" \/><\/div><\/li><li id='field_3_10'  class='gfield field_sublabel_below field_description_below gfield_visibility_visible' ><label class='gfield_label' for='input_3_10' >Num\u00e9ro d\u2019identification TVA \/ Code fiscal<\/label><div class='ginput_container ginput_container_text'><input name='input_10' id='input_3_10' type='text' value='' class='medium'      aria-invalid=\"false\" \/><\/div><\/li><li id='field_3_18'  class='gfield field_sublabel_below field_description_below gfield_visibility_visible' ><label class='gfield_label' for='input_3_18' >Adresse<\/label><div class='ginput_container ginput_container_text'><input name='input_18' id='input_3_18' type='text' value='' class='medium'      aria-invalid=\"false\" \/><\/div><\/li><li id='field_3_19'  class='gfield field_sublabel_below field_description_below gfield_visibility_visible' ><label class='gfield_label' for='input_3_19' >Code Postal<\/label><div class='ginput_container ginput_container_text'><input name='input_19' id='input_3_19' type='text' value='' class='medium'      aria-invalid=\"false\" \/><\/div><\/li><li id='field_3_20'  class='gfield field_sublabel_below field_description_below gfield_visibility_visible' ><label class='gfield_label' for='input_3_20' >Ville<\/label><div class='ginput_container ginput_container_text'><input name='input_20' id='input_3_20' type='text' value='' class='medium'      aria-invalid=\"false\" \/><\/div><\/li><li id='field_3_15'  class='gfield field_sublabel_below field_description_below gfield_visibility_visible' ><label class='gfield_label' for='input_3_15' >Message<\/label><div class='ginput_container ginput_container_textarea'><textarea name='input_15' id='input_3_15' class='textarea medium'      aria-invalid=\"false\"   rows='10' cols='50'><\/textarea><\/div><\/li><li id='field_3_16'  class='gfield gfield_contains_required field_sublabel_below field_description_below gfield_visibility_visible' ><label class='gfield_label'  >Privacy<span class='gfield_required'>*<\/span><\/label><div class='ginput_container ginput_container_checkbox'><ul class='gfield_checkbox' id='input_3_16'><li class='gchoice_3_16_1'>\n\t\t\t\t\t\t\t\t<input name='input_16.1' type='checkbox'  value='Je confirme'  id='choice_3_16_1'   \/>\n\t\t\t\t\t\t\t\t<label for='choice_3_16_1' id='label_3_16_1'>Je confirme<\/label>\n\t\t\t\t\t\t\t<\/li><\/ul><\/div><div class='gfield_description' id='gfield_description_3_16'>J'autorise le traitement des donn\u00e9es personnelles.<\/div><\/li><li id='field_3_17'  class='gfield field_sublabel_below field_description_below gfield_visibility_visible' ><label class='gfield_label' for='input_3_17' >CAPTCHA<\/label><div id='input_3_17' class='ginput_container ginput_recaptcha' data-sitekey='6Ldho8UUAAAAAC2FEaL6nEdhPdySYFarz-RCKPwe'  data-theme='light' data-tabindex='0'  data-badge=''><\/div><\/li>\n                            <\/ul><\/div>\n        <div class='gform_footer top_label'> <input type='submit' id='gform_submit_button_3' class='gform_button button' value='Invia'  onclick='if(window[\"gf_submitting_3\"]){return false;}  window[\"gf_submitting_3\"]=true;  ' onkeypress='if( event.keyCode == 13 ){ if(window[\"gf_submitting_3\"]){return false;} window[\"gf_submitting_3\"]=true;  jQuery(\"#gform_3\").trigger(\"submit\",[true]); }' \/> \n            <input type='hidden' class='gform_hidden' name='is_submit_3' value='1' \/>\n            <input type='hidden' class='gform_hidden' name='gform_submit' value='3' \/>\n            \n            <input type='hidden' class='gform_hidden' name='gform_unique_id' value='' \/>\n            <input type='hidden' class='gform_hidden' name='state_3' value='WyJbXSIsIjMzYmYyMWNkYTJhNzA4YTM1YzdlNzFmY2RiNzcyYTQwIl0=' \/>\n            <input type='hidden' class='gform_hidden' name='gform_target_page_number_3' id='gform_target_page_number_3' value='0' \/>\n            <input type='hidden' class='gform_hidden' name='gform_source_page_number_3' id='gform_source_page_number_3' value='1' \/>\n            <input type='hidden' name='gform_field_values' value='' \/>\n            \n        <\/div>\n                        <\/form>\n                        <\/div>\n","protected":false},"excerpt":{"rendered":"<p>L&rsquo;H\u00f4tel Politeama propose des tarifs sp\u00e9ciaux aux entreprises, aux travailleur ind\u00e9pendant, aux institutions et aux organisations pour avoir la continuation de services, sans restriction pour les entrerprises de un nombre minimum de nuit\u00e9es. &nbsp; POURQUOI FAIRE UN ACCORD AVEC NOUS Emplacement R\u00e9ception 24h Petit d\u00e9jeuner \u00e0 partir de 7h Restaurant Service d&rsquo;\u00e9tage Salles de r\u00e9union [&hellip;]<\/p>\n","protected":false},"author":13,"featured_media":0,"parent":0,"menu_order":90,"comment_status":"closed","ping_status":"closed","template":"","meta":{"footnotes":""},"class_list":["post-91","page","type-page","status-publish","hentry"],"yoast_head":"<!-- This site is optimized with the Yoast SEO plugin v26.9 - https:\/\/yoast.com\/product\/yoast-seo-wordpress\/ -->\n<title>Entreprise - Hotel Politeama<\/title>\n<meta name=\"robots\" content=\"index, follow, max-snippet:-1, max-image-preview:large, max-video-preview:-1\" \/>\n<link rel=\"canonical\" href=\"https:\/\/www.hotelpoliteama.com\/fr\/entreprise\/\" \/>\n<meta property=\"og:locale\" content=\"fr_FR\" \/>\n<meta property=\"og:type\" content=\"article\" \/>\n<meta property=\"og:title\" content=\"Entreprise - Hotel Politeama\" \/>\n<meta property=\"og:description\" content=\"L&rsquo;H\u00f4tel Politeama propose des tarifs sp\u00e9ciaux aux entreprises, aux travailleur ind\u00e9pendant, aux institutions et aux organisations pour avoir la continuation de services, sans restriction pour les entrerprises de un nombre minimum de nuit\u00e9es. &nbsp; POURQUOI FAIRE UN ACCORD AVEC NOUS Emplacement R\u00e9ception 24h Petit d\u00e9jeuner \u00e0 partir de 7h Restaurant Service d&rsquo;\u00e9tage Salles de r\u00e9union [&hellip;]\" \/>\n<meta property=\"og:url\" content=\"https:\/\/www.hotelpoliteama.com\/fr\/entreprise\/\" \/>\n<meta property=\"og:site_name\" content=\"Hotel Politeama\" \/>\n<meta property=\"article:modified_time\" content=\"2021-03-05T09:31:19+00:00\" \/>\n<meta name=\"twitter:card\" content=\"summary_large_image\" \/>\n<meta name=\"twitter:label1\" content=\"Dur\u00e9e de lecture estim\u00e9e\" \/>\n\t<meta name=\"twitter:data1\" content=\"1 minute\" \/>\n<script type=\"application\/ld+json\" class=\"yoast-schema-graph\">{\"@context\":\"https:\/\/schema.org\",\"@graph\":[{\"@type\":\"WebPage\",\"@id\":\"https:\/\/www.hotelpoliteama.com\/fr\/entreprise\/\",\"url\":\"https:\/\/www.hotelpoliteama.com\/fr\/entreprise\/\",\"name\":\"Entreprise - Hotel Politeama\",\"isPartOf\":{\"@id\":\"https:\/\/www.hotelpoliteama.com\/fr\/#website\"},\"datePublished\":\"2019-10-23T13:56:04+00:00\",\"dateModified\":\"2021-03-05T09:31:19+00:00\",\"breadcrumb\":{\"@id\":\"https:\/\/www.hotelpoliteama.com\/fr\/entreprise\/#breadcrumb\"},\"inLanguage\":\"fr-FR\",\"potentialAction\":[{\"@type\":\"ReadAction\",\"target\":[\"https:\/\/www.hotelpoliteama.com\/fr\/entreprise\/\"]}]},{\"@type\":\"BreadcrumbList\",\"@id\":\"https:\/\/www.hotelpoliteama.com\/fr\/entreprise\/#breadcrumb\",\"itemListElement\":[{\"@type\":\"ListItem\",\"position\":1,\"name\":\"Home\",\"item\":\"https:\/\/www.hotelpoliteama.com\/fr\/\"},{\"@type\":\"ListItem\",\"position\":2,\"name\":\"Entreprise\"}]},{\"@type\":\"WebSite\",\"@id\":\"https:\/\/www.hotelpoliteama.com\/fr\/#website\",\"url\":\"https:\/\/www.hotelpoliteama.com\/fr\/\",\"name\":\"Hotel Politeama\",\"description\":\"Ecco un altro sito ms.decms.eu\",\"potentialAction\":[{\"@type\":\"SearchAction\",\"target\":{\"@type\":\"EntryPoint\",\"urlTemplate\":\"https:\/\/www.hotelpoliteama.com\/fr\/?s={search_term_string}\"},\"query-input\":{\"@type\":\"PropertyValueSpecification\",\"valueRequired\":true,\"valueName\":\"search_term_string\"}}],\"inLanguage\":\"fr-FR\"}]}<\/script>\n<!-- \/ Yoast SEO plugin. -->","yoast_head_json":{"title":"Entreprise - Hotel Politeama","robots":{"index":"index","follow":"follow","max-snippet":"max-snippet:-1","max-image-preview":"max-image-preview:large","max-video-preview":"max-video-preview:-1"},"canonical":"https:\/\/www.hotelpoliteama.com\/fr\/entreprise\/","og_locale":"fr_FR","og_type":"article","og_title":"Entreprise - Hotel Politeama","og_description":"L&rsquo;H\u00f4tel Politeama propose des tarifs sp\u00e9ciaux aux entreprises, aux travailleur ind\u00e9pendant, aux institutions et aux organisations pour avoir la continuation de services, sans restriction pour les entrerprises de un nombre minimum de nuit\u00e9es. &nbsp; POURQUOI FAIRE UN ACCORD AVEC NOUS Emplacement R\u00e9ception 24h Petit d\u00e9jeuner \u00e0 partir de 7h Restaurant Service d&rsquo;\u00e9tage Salles de r\u00e9union [&hellip;]","og_url":"https:\/\/www.hotelpoliteama.com\/fr\/entreprise\/","og_site_name":"Hotel Politeama","article_modified_time":"2021-03-05T09:31:19+00:00","twitter_card":"summary_large_image","twitter_misc":{"Dur\u00e9e de lecture estim\u00e9e":"1 minute"},"schema":{"@context":"https:\/\/schema.org","@graph":[{"@type":"WebPage","@id":"https:\/\/www.hotelpoliteama.com\/fr\/entreprise\/","url":"https:\/\/www.hotelpoliteama.com\/fr\/entreprise\/","name":"Entreprise - Hotel Politeama","isPartOf":{"@id":"https:\/\/www.hotelpoliteama.com\/fr\/#website"},"datePublished":"2019-10-23T13:56:04+00:00","dateModified":"2021-03-05T09:31:19+00:00","breadcrumb":{"@id":"https:\/\/www.hotelpoliteama.com\/fr\/entreprise\/#breadcrumb"},"inLanguage":"fr-FR","potentialAction":[{"@type":"ReadAction","target":["https:\/\/www.hotelpoliteama.com\/fr\/entreprise\/"]}]},{"@type":"BreadcrumbList","@id":"https:\/\/www.hotelpoliteama.com\/fr\/entreprise\/#breadcrumb","itemListElement":[{"@type":"ListItem","position":1,"name":"Home","item":"https:\/\/www.hotelpoliteama.com\/fr\/"},{"@type":"ListItem","position":2,"name":"Entreprise"}]},{"@type":"WebSite","@id":"https:\/\/www.hotelpoliteama.com\/fr\/#website","url":"https:\/\/www.hotelpoliteama.com\/fr\/","name":"Hotel Politeama","description":"Ecco un altro sito ms.decms.eu","potentialAction":[{"@type":"SearchAction","target":{"@type":"EntryPoint","urlTemplate":"https:\/\/www.hotelpoliteama.com\/fr\/?s={search_term_string}"},"query-input":{"@type":"PropertyValueSpecification","valueRequired":true,"valueName":"search_term_string"}}],"inLanguage":"fr-FR"}]}},"acf":[],"_links":{"self":[{"href":"https:\/\/www.hotelpoliteama.com\/fr\/wp-json\/wp\/v2\/pages\/91","targetHints":{"allow":["GET"]}}],"collection":[{"href":"https:\/\/www.hotelpoliteama.com\/fr\/wp-json\/wp\/v2\/pages"}],"about":[{"href":"https:\/\/www.hotelpoliteama.com\/fr\/wp-json\/wp\/v2\/types\/page"}],"author":[{"embeddable":true,"href":"https:\/\/www.hotelpoliteama.com\/fr\/wp-json\/wp\/v2\/users\/13"}],"replies":[{"embeddable":true,"href":"https:\/\/www.hotelpoliteama.com\/fr\/wp-json\/wp\/v2\/comments?post=91"}],"version-history":[{"count":0,"href":"https:\/\/www.hotelpoliteama.com\/fr\/wp-json\/wp\/v2\/pages\/91\/revisions"}],"wp:attachment":[{"href":"https:\/\/www.hotelpoliteama.com\/fr\/wp-json\/wp\/v2\/media?parent=91"}],"curies":[{"name":"wp","href":"https:\/\/api.w.org\/{rel}","templated":true}]}}