{"id":894,"date":"2021-05-21T10:41:50","date_gmt":"2021-05-21T08:41:50","guid":{"rendered":"https:\/\/www.hotelpoliteama.com\/?page_id=894"},"modified":"2021-05-21T10:41:50","modified_gmt":"2021-05-21T08:41:50","slug":"and-the-dinner-is","status":"publish","type":"page","link":"https:\/\/www.hotelpoliteama.com\/fr\/offres-et-forfaits\/and-the-dinner-is\/","title":{"rendered":"AND THE DINNER IS&#8230;"},"content":{"rendered":"<p>Passer des vacances dans une ville anim\u00e9e et culturellement impr\u00e9gn\u00e9e comme Palerme n&rsquo;a jamais \u00e9t\u00e9 aussi simple et agr\u00e9able. Restez et d\u00eenez au Politeama avec style.<\/p>\n<p>&nbsp;<\/p>\n<p>L&rsquo;offre comprend:<\/p>\n<p>&#8211; Nuit dans le type de chambre choisi<\/p>\n<p>&#8211; Pour commencer la journ\u00e9e chaque matin un petit d\u00e9jeuner nutritif et \u00e9nergique servi dans votre chambre<\/p>\n<p>&#8211; 1 d\u00eener pour 2 compos\u00e9 d&rsquo;un ap\u00e9ritif et d&rsquo;un plat principal avec de l&rsquo;eau et un verre de vin par personne<\/p>\n<p>&#8211; Wifi gratuit<\/p>\n<p>&nbsp;<\/p>\n<p>Taxe de s\u00e9jour non incluse<\/p>\n<p>&nbsp;<\/p>\n<p><a href=\"http:\/\/redirect.fastbooking.com\/DIRECTORY\/dispoprice.phtml?&amp;Clusternames=ITPALHTLHotelPolitea&amp;rate=PACCHETTO-CON-CENA&amp;langue=fr\"><span style=\"color: #ff0000\">R\u00c9SERVEZ ICI<\/span><\/a><\/p>\n","protected":false},"excerpt":{"rendered":"<p>Passer des vacances dans une ville anim\u00e9e et culturellement impr\u00e9gn\u00e9e comme Palerme n&rsquo;a jamais \u00e9t\u00e9 aussi simple et agr\u00e9able. Restez et d\u00eenez au Politeama avec style. &nbsp; L&rsquo;offre comprend: &#8211; Nuit dans le type de chambre choisi &#8211; Pour commencer la journ\u00e9e chaque matin un petit d\u00e9jeuner nutritif et \u00e9nergique servi dans votre chambre &#8211; [&hellip;]<\/p>\n","protected":false},"author":106,"featured_media":0,"parent":613,"menu_order":3,"comment_status":"closed","ping_status":"closed","template":"","meta":{"footnotes":""},"class_list":["post-894","page","type-page","status-publish","hentry"],"yoast_head":"<!-- This site is optimized with the Yoast SEO plugin v26.9 - https:\/\/yoast.com\/product\/yoast-seo-wordpress\/ -->\n<title>AND THE DINNER IS... - Hotel Politeama<\/title>\n<meta name=\"robots\" content=\"index, follow, max-snippet:-1, max-image-preview:large, max-video-preview:-1\" \/>\n<link rel=\"canonical\" href=\"https:\/\/www.hotelpoliteama.com\/fr\/offres-et-forfaits\/and-the-dinner-is\/\" \/>\n<meta property=\"og:locale\" content=\"fr_FR\" \/>\n<meta property=\"og:type\" content=\"article\" \/>\n<meta property=\"og:title\" content=\"AND THE DINNER IS... - Hotel Politeama\" \/>\n<meta property=\"og:description\" content=\"Passer des vacances dans une ville anim\u00e9e et culturellement impr\u00e9gn\u00e9e comme Palerme n&rsquo;a jamais \u00e9t\u00e9 aussi simple et agr\u00e9able. Restez et d\u00eenez au Politeama avec style. &nbsp; L&rsquo;offre comprend: &#8211; Nuit dans le type de chambre choisi &#8211; Pour commencer la journ\u00e9e chaque matin un petit d\u00e9jeuner nutritif et \u00e9nergique servi dans votre chambre &#8211; [&hellip;]\" \/>\n<meta property=\"og:url\" content=\"https:\/\/www.hotelpoliteama.com\/fr\/offres-et-forfaits\/and-the-dinner-is\/\" \/>\n<meta property=\"og:site_name\" content=\"Hotel Politeama\" \/>\n<meta name=\"twitter:card\" content=\"summary_large_image\" \/>\n<script type=\"application\/ld+json\" class=\"yoast-schema-graph\">{\"@context\":\"https:\/\/schema.org\",\"@graph\":[{\"@type\":\"WebPage\",\"@id\":\"https:\/\/www.hotelpoliteama.com\/fr\/offres-et-forfaits\/and-the-dinner-is\/\",\"url\":\"https:\/\/www.hotelpoliteama.com\/fr\/offres-et-forfaits\/and-the-dinner-is\/\",\"name\":\"AND THE DINNER IS... - Hotel Politeama\",\"isPartOf\":{\"@id\":\"https:\/\/www.hotelpoliteama.com\/fr\/#website\"},\"datePublished\":\"2021-05-21T08:41:50+00:00\",\"breadcrumb\":{\"@id\":\"https:\/\/www.hotelpoliteama.com\/fr\/offres-et-forfaits\/and-the-dinner-is\/#breadcrumb\"},\"inLanguage\":\"fr-FR\",\"potentialAction\":[{\"@type\":\"ReadAction\",\"target\":[\"https:\/\/www.hotelpoliteama.com\/fr\/offres-et-forfaits\/and-the-dinner-is\/\"]}]},{\"@type\":\"BreadcrumbList\",\"@id\":\"https:\/\/www.hotelpoliteama.com\/fr\/offres-et-forfaits\/and-the-dinner-is\/#breadcrumb\",\"itemListElement\":[{\"@type\":\"ListItem\",\"position\":1,\"name\":\"Home\",\"item\":\"https:\/\/www.hotelpoliteama.com\/fr\/\"},{\"@type\":\"ListItem\",\"position\":2,\"name\":\"Offres et Forfaits\",\"item\":\"https:\/\/www.hotelpoliteama.com\/fr\/offres-et-forfaits\/\"},{\"@type\":\"ListItem\",\"position\":3,\"name\":\"AND THE DINNER IS&#8230;\"}]},{\"@type\":\"WebSite\",\"@id\":\"https:\/\/www.hotelpoliteama.com\/fr\/#website\",\"url\":\"https:\/\/www.hotelpoliteama.com\/fr\/\",\"name\":\"Hotel Politeama\",\"description\":\"Ecco un altro sito ms.decms.eu\",\"potentialAction\":[{\"@type\":\"SearchAction\",\"target\":{\"@type\":\"EntryPoint\",\"urlTemplate\":\"https:\/\/www.hotelpoliteama.com\/fr\/?s={search_term_string}\"},\"query-input\":{\"@type\":\"PropertyValueSpecification\",\"valueRequired\":true,\"valueName\":\"search_term_string\"}}],\"inLanguage\":\"fr-FR\"}]}<\/script>\n<!-- \/ Yoast SEO plugin. -->","yoast_head_json":{"title":"AND THE DINNER IS... - Hotel Politeama","robots":{"index":"index","follow":"follow","max-snippet":"max-snippet:-1","max-image-preview":"max-image-preview:large","max-video-preview":"max-video-preview:-1"},"canonical":"https:\/\/www.hotelpoliteama.com\/fr\/offres-et-forfaits\/and-the-dinner-is\/","og_locale":"fr_FR","og_type":"article","og_title":"AND THE DINNER IS... - Hotel Politeama","og_description":"Passer des vacances dans une ville anim\u00e9e et culturellement impr\u00e9gn\u00e9e comme Palerme n&rsquo;a jamais \u00e9t\u00e9 aussi simple et agr\u00e9able. Restez et d\u00eenez au Politeama avec style. &nbsp; L&rsquo;offre comprend: &#8211; Nuit dans le type de chambre choisi &#8211; Pour commencer la journ\u00e9e chaque matin un petit d\u00e9jeuner nutritif et \u00e9nergique servi dans votre chambre &#8211; [&hellip;]","og_url":"https:\/\/www.hotelpoliteama.com\/fr\/offres-et-forfaits\/and-the-dinner-is\/","og_site_name":"Hotel Politeama","twitter_card":"summary_large_image","schema":{"@context":"https:\/\/schema.org","@graph":[{"@type":"WebPage","@id":"https:\/\/www.hotelpoliteama.com\/fr\/offres-et-forfaits\/and-the-dinner-is\/","url":"https:\/\/www.hotelpoliteama.com\/fr\/offres-et-forfaits\/and-the-dinner-is\/","name":"AND THE DINNER IS... - Hotel Politeama","isPartOf":{"@id":"https:\/\/www.hotelpoliteama.com\/fr\/#website"},"datePublished":"2021-05-21T08:41:50+00:00","breadcrumb":{"@id":"https:\/\/www.hotelpoliteama.com\/fr\/offres-et-forfaits\/and-the-dinner-is\/#breadcrumb"},"inLanguage":"fr-FR","potentialAction":[{"@type":"ReadAction","target":["https:\/\/www.hotelpoliteama.com\/fr\/offres-et-forfaits\/and-the-dinner-is\/"]}]},{"@type":"BreadcrumbList","@id":"https:\/\/www.hotelpoliteama.com\/fr\/offres-et-forfaits\/and-the-dinner-is\/#breadcrumb","itemListElement":[{"@type":"ListItem","position":1,"name":"Home","item":"https:\/\/www.hotelpoliteama.com\/fr\/"},{"@type":"ListItem","position":2,"name":"Offres et Forfaits","item":"https:\/\/www.hotelpoliteama.com\/fr\/offres-et-forfaits\/"},{"@type":"ListItem","position":3,"name":"AND THE DINNER IS&#8230;"}]},{"@type":"WebSite","@id":"https:\/\/www.hotelpoliteama.com\/fr\/#website","url":"https:\/\/www.hotelpoliteama.com\/fr\/","name":"Hotel Politeama","description":"Ecco un altro sito ms.decms.eu","potentialAction":[{"@type":"SearchAction","target":{"@type":"EntryPoint","urlTemplate":"https:\/\/www.hotelpoliteama.com\/fr\/?s={search_term_string}"},"query-input":{"@type":"PropertyValueSpecification","valueRequired":true,"valueName":"search_term_string"}}],"inLanguage":"fr-FR"}]}},"acf":[],"_links":{"self":[{"href":"https:\/\/www.hotelpoliteama.com\/fr\/wp-json\/wp\/v2\/pages\/894","targetHints":{"allow":["GET"]}}],"collection":[{"href":"https:\/\/www.hotelpoliteama.com\/fr\/wp-json\/wp\/v2\/pages"}],"about":[{"href":"https:\/\/www.hotelpoliteama.com\/fr\/wp-json\/wp\/v2\/types\/page"}],"author":[{"embeddable":true,"href":"https:\/\/www.hotelpoliteama.com\/fr\/wp-json\/wp\/v2\/users\/106"}],"replies":[{"embeddable":true,"href":"https:\/\/www.hotelpoliteama.com\/fr\/wp-json\/wp\/v2\/comments?post=894"}],"version-history":[{"count":0,"href":"https:\/\/www.hotelpoliteama.com\/fr\/wp-json\/wp\/v2\/pages\/894\/revisions"}],"up":[{"embeddable":true,"href":"https:\/\/www.hotelpoliteama.com\/fr\/wp-json\/wp\/v2\/pages\/613"}],"wp:attachment":[{"href":"https:\/\/www.hotelpoliteama.com\/fr\/wp-json\/wp\/v2\/media?parent=894"}],"curies":[{"name":"wp","href":"https:\/\/api.w.org\/{rel}","templated":true}]}}