{"id":883,"date":"2021-05-21T09:26:12","date_gmt":"2021-05-21T07:26:12","guid":{"rendered":"https:\/\/www.hotelpoliteama.com\/?page_id=883"},"modified":"2021-05-21T11:01:05","modified_gmt":"2021-05-21T09:01:05","slug":"aperitif-at-politeama","status":"publish","type":"page","link":"https:\/\/www.hotelpoliteama.com\/fr\/offres-et-forfaits\/aperitif-at-politeama\/","title":{"rendered":"APERITIF AT POLITEAMA"},"content":{"rendered":"<p>Offrez-vous une pause de pure d\u00e9tente! Un s\u00e9jour extraordinaire vous attend ici \u00e0 Politeama, o\u00f9 les d\u00e9tails font la diff\u00e9rence!<\/p>\n<p>L&rsquo;offre comprend:<\/p>\n<p>&#8211; Une nuit dans les types de chambres Deluxe et Suite<\/p>\n<p>&#8211; Pour commencer la journ\u00e9e chaque matin un petit d\u00e9jeuner nutritif et \u00e9nergique servi dans votre chambre<\/p>\n<p>&#8211; Ap\u00e9ritif en chambre avec de riches produits typiques du terroir<\/p>\n<p>&#8211; Wifi gratuit<\/p>\n<p>Taxe de s\u00e9jour non incluse<\/p>\n<p>&nbsp;<\/p>\n<p><a href=\"http:\/\/redirect.fastbooking.com\/DIRECTORY\/dispoprice.phtml?&amp;Clusternames=ITPALHTLHotelPolitea&amp;rate=PACCHETTO-CON-APERICENA&amp;room=Deluxe-room-con-balcone&amp;langue=fr\"><span style=\"color: #ff0000\">R\u00c9SERVEZ LA CHAMBRE DELUXE ICI<\/span><\/a><\/p>\n<p><a href=\"http:\/\/redirect.fastbooking.com\/DIRECTORY\/dispoprice.phtml?&amp;Clusternames=ITPALHTLHotelPolitea&amp;rate=PACCHETTO-CON-APERICENA&amp;room=Suite-Panoramica&amp;langue=fr\"><span style=\"color: #ff0000\">R\u00c9SERVEZ LA SUITE PANORAMIQUE ICI<\/span><\/a><\/p>\n<pre class=\"tw-data-text tw-text-large XcVN5d tw-ta\" data-placeholder=\"Traduzione\"><\/pre>\n","protected":false},"excerpt":{"rendered":"<p>Offrez-vous une pause de pure d\u00e9tente! Un s\u00e9jour extraordinaire vous attend ici \u00e0 Politeama, o\u00f9 les d\u00e9tails font la diff\u00e9rence! L&rsquo;offre comprend: &#8211; Une nuit dans les types de chambres Deluxe et Suite &#8211; Pour commencer la journ\u00e9e chaque matin un petit d\u00e9jeuner nutritif et \u00e9nergique servi dans votre chambre &#8211; Ap\u00e9ritif en chambre avec [&hellip;]<\/p>\n","protected":false},"author":106,"featured_media":0,"parent":613,"menu_order":2,"comment_status":"closed","ping_status":"closed","template":"","meta":{"footnotes":""},"class_list":["post-883","page","type-page","status-publish","hentry"],"yoast_head":"<!-- This site is optimized with the Yoast SEO plugin v26.9 - https:\/\/yoast.com\/product\/yoast-seo-wordpress\/ -->\n<title>APERITIF AT POLITEAMA - Hotel Politeama<\/title>\n<meta name=\"robots\" content=\"index, follow, max-snippet:-1, max-image-preview:large, max-video-preview:-1\" \/>\n<link rel=\"canonical\" href=\"https:\/\/www.hotelpoliteama.com\/fr\/offres-et-forfaits\/aperitif-at-politeama\/\" \/>\n<meta property=\"og:locale\" content=\"fr_FR\" \/>\n<meta property=\"og:type\" content=\"article\" \/>\n<meta property=\"og:title\" content=\"APERITIF AT POLITEAMA - Hotel Politeama\" \/>\n<meta property=\"og:description\" content=\"Offrez-vous une pause de pure d\u00e9tente! Un s\u00e9jour extraordinaire vous attend ici \u00e0 Politeama, o\u00f9 les d\u00e9tails font la diff\u00e9rence! L&rsquo;offre comprend: &#8211; Une nuit dans les types de chambres Deluxe et Suite &#8211; Pour commencer la journ\u00e9e chaque matin un petit d\u00e9jeuner nutritif et \u00e9nergique servi dans votre chambre &#8211; Ap\u00e9ritif en chambre avec [&hellip;]\" \/>\n<meta property=\"og:url\" content=\"https:\/\/www.hotelpoliteama.com\/fr\/offres-et-forfaits\/aperitif-at-politeama\/\" \/>\n<meta property=\"og:site_name\" content=\"Hotel Politeama\" \/>\n<meta property=\"article:modified_time\" content=\"2021-05-21T09:01:05+00:00\" \/>\n<meta name=\"twitter:card\" content=\"summary_large_image\" \/>\n<script type=\"application\/ld+json\" class=\"yoast-schema-graph\">{\"@context\":\"https:\/\/schema.org\",\"@graph\":[{\"@type\":\"WebPage\",\"@id\":\"https:\/\/www.hotelpoliteama.com\/fr\/offres-et-forfaits\/aperitif-at-politeama\/\",\"url\":\"https:\/\/www.hotelpoliteama.com\/fr\/offres-et-forfaits\/aperitif-at-politeama\/\",\"name\":\"APERITIF AT POLITEAMA - Hotel Politeama\",\"isPartOf\":{\"@id\":\"https:\/\/www.hotelpoliteama.com\/fr\/#website\"},\"datePublished\":\"2021-05-21T07:26:12+00:00\",\"dateModified\":\"2021-05-21T09:01:05+00:00\",\"breadcrumb\":{\"@id\":\"https:\/\/www.hotelpoliteama.com\/fr\/offres-et-forfaits\/aperitif-at-politeama\/#breadcrumb\"},\"inLanguage\":\"fr-FR\",\"potentialAction\":[{\"@type\":\"ReadAction\",\"target\":[\"https:\/\/www.hotelpoliteama.com\/fr\/offres-et-forfaits\/aperitif-at-politeama\/\"]}]},{\"@type\":\"BreadcrumbList\",\"@id\":\"https:\/\/www.hotelpoliteama.com\/fr\/offres-et-forfaits\/aperitif-at-politeama\/#breadcrumb\",\"itemListElement\":[{\"@type\":\"ListItem\",\"position\":1,\"name\":\"Home\",\"item\":\"https:\/\/www.hotelpoliteama.com\/fr\/\"},{\"@type\":\"ListItem\",\"position\":2,\"name\":\"Offres et Forfaits\",\"item\":\"https:\/\/www.hotelpoliteama.com\/fr\/offres-et-forfaits\/\"},{\"@type\":\"ListItem\",\"position\":3,\"name\":\"APERITIF AT POLITEAMA\"}]},{\"@type\":\"WebSite\",\"@id\":\"https:\/\/www.hotelpoliteama.com\/fr\/#website\",\"url\":\"https:\/\/www.hotelpoliteama.com\/fr\/\",\"name\":\"Hotel Politeama\",\"description\":\"Ecco un altro sito ms.decms.eu\",\"potentialAction\":[{\"@type\":\"SearchAction\",\"target\":{\"@type\":\"EntryPoint\",\"urlTemplate\":\"https:\/\/www.hotelpoliteama.com\/fr\/?s={search_term_string}\"},\"query-input\":{\"@type\":\"PropertyValueSpecification\",\"valueRequired\":true,\"valueName\":\"search_term_string\"}}],\"inLanguage\":\"fr-FR\"}]}<\/script>\n<!-- \/ Yoast SEO plugin. -->","yoast_head_json":{"title":"APERITIF AT POLITEAMA - Hotel Politeama","robots":{"index":"index","follow":"follow","max-snippet":"max-snippet:-1","max-image-preview":"max-image-preview:large","max-video-preview":"max-video-preview:-1"},"canonical":"https:\/\/www.hotelpoliteama.com\/fr\/offres-et-forfaits\/aperitif-at-politeama\/","og_locale":"fr_FR","og_type":"article","og_title":"APERITIF AT POLITEAMA - Hotel Politeama","og_description":"Offrez-vous une pause de pure d\u00e9tente! Un s\u00e9jour extraordinaire vous attend ici \u00e0 Politeama, o\u00f9 les d\u00e9tails font la diff\u00e9rence! L&rsquo;offre comprend: &#8211; Une nuit dans les types de chambres Deluxe et Suite &#8211; Pour commencer la journ\u00e9e chaque matin un petit d\u00e9jeuner nutritif et \u00e9nergique servi dans votre chambre &#8211; Ap\u00e9ritif en chambre avec [&hellip;]","og_url":"https:\/\/www.hotelpoliteama.com\/fr\/offres-et-forfaits\/aperitif-at-politeama\/","og_site_name":"Hotel Politeama","article_modified_time":"2021-05-21T09:01:05+00:00","twitter_card":"summary_large_image","schema":{"@context":"https:\/\/schema.org","@graph":[{"@type":"WebPage","@id":"https:\/\/www.hotelpoliteama.com\/fr\/offres-et-forfaits\/aperitif-at-politeama\/","url":"https:\/\/www.hotelpoliteama.com\/fr\/offres-et-forfaits\/aperitif-at-politeama\/","name":"APERITIF AT POLITEAMA - Hotel Politeama","isPartOf":{"@id":"https:\/\/www.hotelpoliteama.com\/fr\/#website"},"datePublished":"2021-05-21T07:26:12+00:00","dateModified":"2021-05-21T09:01:05+00:00","breadcrumb":{"@id":"https:\/\/www.hotelpoliteama.com\/fr\/offres-et-forfaits\/aperitif-at-politeama\/#breadcrumb"},"inLanguage":"fr-FR","potentialAction":[{"@type":"ReadAction","target":["https:\/\/www.hotelpoliteama.com\/fr\/offres-et-forfaits\/aperitif-at-politeama\/"]}]},{"@type":"BreadcrumbList","@id":"https:\/\/www.hotelpoliteama.com\/fr\/offres-et-forfaits\/aperitif-at-politeama\/#breadcrumb","itemListElement":[{"@type":"ListItem","position":1,"name":"Home","item":"https:\/\/www.hotelpoliteama.com\/fr\/"},{"@type":"ListItem","position":2,"name":"Offres et Forfaits","item":"https:\/\/www.hotelpoliteama.com\/fr\/offres-et-forfaits\/"},{"@type":"ListItem","position":3,"name":"APERITIF AT POLITEAMA"}]},{"@type":"WebSite","@id":"https:\/\/www.hotelpoliteama.com\/fr\/#website","url":"https:\/\/www.hotelpoliteama.com\/fr\/","name":"Hotel Politeama","description":"Ecco un altro sito ms.decms.eu","potentialAction":[{"@type":"SearchAction","target":{"@type":"EntryPoint","urlTemplate":"https:\/\/www.hotelpoliteama.com\/fr\/?s={search_term_string}"},"query-input":{"@type":"PropertyValueSpecification","valueRequired":true,"valueName":"search_term_string"}}],"inLanguage":"fr-FR"}]}},"acf":[],"_links":{"self":[{"href":"https:\/\/www.hotelpoliteama.com\/fr\/wp-json\/wp\/v2\/pages\/883","targetHints":{"allow":["GET"]}}],"collection":[{"href":"https:\/\/www.hotelpoliteama.com\/fr\/wp-json\/wp\/v2\/pages"}],"about":[{"href":"https:\/\/www.hotelpoliteama.com\/fr\/wp-json\/wp\/v2\/types\/page"}],"author":[{"embeddable":true,"href":"https:\/\/www.hotelpoliteama.com\/fr\/wp-json\/wp\/v2\/users\/106"}],"replies":[{"embeddable":true,"href":"https:\/\/www.hotelpoliteama.com\/fr\/wp-json\/wp\/v2\/comments?post=883"}],"version-history":[{"count":0,"href":"https:\/\/www.hotelpoliteama.com\/fr\/wp-json\/wp\/v2\/pages\/883\/revisions"}],"up":[{"embeddable":true,"href":"https:\/\/www.hotelpoliteama.com\/fr\/wp-json\/wp\/v2\/pages\/613"}],"wp:attachment":[{"href":"https:\/\/www.hotelpoliteama.com\/fr\/wp-json\/wp\/v2\/media?parent=883"}],"curies":[{"name":"wp","href":"https:\/\/api.w.org\/{rel}","templated":true}]}}