{"id":87,"date":"2019-10-23T15:53:28","date_gmt":"2019-10-23T13:53:28","guid":{"rendered":"http:\/\/hotelpoliteama.ms.decms.eu\/?page_id=87"},"modified":"2019-12-02T14:19:22","modified_gmt":"2019-12-02T13:19:22","slug":"salles-de-conference","status":"publish","type":"page","link":"https:\/\/www.hotelpoliteama.com\/fr\/services\/salles-de-conference\/","title":{"rendered":"Salles de Conf\u00e9rence"},"content":{"rendered":"<p>Gr\u00e2ce \u00e0 son emplacement central, \u00e0 quelques passeulement de l&rsquo;arr\u00eat de bus pour l&rsquo;a\u00e9roport, les salles de conf\u00e9rence de l&rsquo;h\u00f4tel Politeama sont la solution id\u00e9ale pour les r\u00e9unions d&rsquo;affaires, les congr\u00e8s, les formations, les \u00e9v\u00e9nements et les conventions \u00e0 Palerme. Ses deux grandes salles de reunion pouvant accueillir respectivement 50 et 100 personnes sont \u00e9quip\u00e9es de technologies modernes et fonctionnelles.<\/p>\n<p>Parmi les services propos\u00e9s, l&rsquo;h\u00f4tel propose la caf\u00e9t\u00e9ria de l&rsquo;h\u00f4tel pour les coffee break, les light lunch et le professionnalisme du personnel pour le support technique dans l&rsquo;utilisation du mat\u00e9riel.<\/p>\n<p>&nbsp;<\/p>\n<p><strong>Equipements techniques:<\/strong> \u00e9cranr\u00e9 tractable, vid\u00e9oprojecteur, lecteur DVD, syst\u00e8me d&rsquo;amplification du son, WiFi<\/p>\n<p><strong>Services compl\u00e9mentaires:<\/strong> Welcome Desk &#8211; Services de secr\u00e9tariat &#8211; Services de traduction &#8211; Assistance technique<\/p>\n<p><strong>Restauration et Boissons:<\/strong> pause caf\u00e9 \u2013 d\u00e9jeuner l\u00e9gerou servi &#8211; cocktails \u2013 aperitifs renforc\u00e9s<\/p>\n","protected":false},"excerpt":{"rendered":"<p>Gr\u00e2ce \u00e0 son emplacement central, \u00e0 quelques passeulement de l&rsquo;arr\u00eat de bus pour l&rsquo;a\u00e9roport, les salles de conf\u00e9rence de l&rsquo;h\u00f4tel Politeama sont la solution id\u00e9ale pour les r\u00e9unions d&rsquo;affaires, les congr\u00e8s, les formations, les \u00e9v\u00e9nements et les conventions \u00e0 Palerme. Ses deux grandes salles de reunion pouvant accueillir respectivement 50 et 100 personnes sont \u00e9quip\u00e9es [&hellip;]<\/p>\n","protected":false},"author":13,"featured_media":0,"parent":77,"menu_order":40,"comment_status":"closed","ping_status":"closed","template":"","meta":{"footnotes":""},"class_list":["post-87","page","type-page","status-publish","hentry"],"yoast_head":"<!-- This site is optimized with the Yoast SEO plugin v26.9 - https:\/\/yoast.com\/product\/yoast-seo-wordpress\/ -->\n<title>Salles de Conf\u00e9rence - Hotel Politeama<\/title>\n<meta name=\"robots\" content=\"index, follow, max-snippet:-1, max-image-preview:large, max-video-preview:-1\" \/>\n<link rel=\"canonical\" href=\"https:\/\/www.hotelpoliteama.com\/fr\/services\/salles-de-conference\/\" \/>\n<meta property=\"og:locale\" content=\"fr_FR\" \/>\n<meta property=\"og:type\" content=\"article\" \/>\n<meta property=\"og:title\" content=\"Salles de Conf\u00e9rence - Hotel Politeama\" \/>\n<meta property=\"og:description\" content=\"Gr\u00e2ce \u00e0 son emplacement central, \u00e0 quelques passeulement de l&rsquo;arr\u00eat de bus pour l&rsquo;a\u00e9roport, les salles de conf\u00e9rence de l&rsquo;h\u00f4tel Politeama sont la solution id\u00e9ale pour les r\u00e9unions d&rsquo;affaires, les congr\u00e8s, les formations, les \u00e9v\u00e9nements et les conventions \u00e0 Palerme. Ses deux grandes salles de reunion pouvant accueillir respectivement 50 et 100 personnes sont \u00e9quip\u00e9es [&hellip;]\" \/>\n<meta property=\"og:url\" content=\"https:\/\/www.hotelpoliteama.com\/fr\/services\/salles-de-conference\/\" \/>\n<meta property=\"og:site_name\" content=\"Hotel Politeama\" \/>\n<meta property=\"article:modified_time\" content=\"2019-12-02T13:19:22+00:00\" \/>\n<meta name=\"twitter:card\" content=\"summary_large_image\" \/>\n<meta name=\"twitter:label1\" content=\"Dur\u00e9e de lecture estim\u00e9e\" \/>\n\t<meta name=\"twitter:data1\" content=\"1 minute\" \/>\n<script type=\"application\/ld+json\" class=\"yoast-schema-graph\">{\"@context\":\"https:\/\/schema.org\",\"@graph\":[{\"@type\":\"WebPage\",\"@id\":\"https:\/\/www.hotelpoliteama.com\/fr\/services\/salles-de-conference\/\",\"url\":\"https:\/\/www.hotelpoliteama.com\/fr\/services\/salles-de-conference\/\",\"name\":\"Salles de Conf\u00e9rence - Hotel Politeama\",\"isPartOf\":{\"@id\":\"https:\/\/www.hotelpoliteama.com\/fr\/#website\"},\"datePublished\":\"2019-10-23T13:53:28+00:00\",\"dateModified\":\"2019-12-02T13:19:22+00:00\",\"breadcrumb\":{\"@id\":\"https:\/\/www.hotelpoliteama.com\/fr\/services\/salles-de-conference\/#breadcrumb\"},\"inLanguage\":\"fr-FR\",\"potentialAction\":[{\"@type\":\"ReadAction\",\"target\":[\"https:\/\/www.hotelpoliteama.com\/fr\/services\/salles-de-conference\/\"]}]},{\"@type\":\"BreadcrumbList\",\"@id\":\"https:\/\/www.hotelpoliteama.com\/fr\/services\/salles-de-conference\/#breadcrumb\",\"itemListElement\":[{\"@type\":\"ListItem\",\"position\":1,\"name\":\"Home\",\"item\":\"https:\/\/www.hotelpoliteama.com\/fr\/\"},{\"@type\":\"ListItem\",\"position\":2,\"name\":\"Services\",\"item\":\"https:\/\/www.hotelpoliteama.com\/fr\/services\/\"},{\"@type\":\"ListItem\",\"position\":3,\"name\":\"Salles de Conf\u00e9rence\"}]},{\"@type\":\"WebSite\",\"@id\":\"https:\/\/www.hotelpoliteama.com\/fr\/#website\",\"url\":\"https:\/\/www.hotelpoliteama.com\/fr\/\",\"name\":\"Hotel Politeama\",\"description\":\"Ecco un altro sito ms.decms.eu\",\"potentialAction\":[{\"@type\":\"SearchAction\",\"target\":{\"@type\":\"EntryPoint\",\"urlTemplate\":\"https:\/\/www.hotelpoliteama.com\/fr\/?s={search_term_string}\"},\"query-input\":{\"@type\":\"PropertyValueSpecification\",\"valueRequired\":true,\"valueName\":\"search_term_string\"}}],\"inLanguage\":\"fr-FR\"}]}<\/script>\n<!-- \/ Yoast SEO plugin. -->","yoast_head_json":{"title":"Salles de Conf\u00e9rence - Hotel Politeama","robots":{"index":"index","follow":"follow","max-snippet":"max-snippet:-1","max-image-preview":"max-image-preview:large","max-video-preview":"max-video-preview:-1"},"canonical":"https:\/\/www.hotelpoliteama.com\/fr\/services\/salles-de-conference\/","og_locale":"fr_FR","og_type":"article","og_title":"Salles de Conf\u00e9rence - Hotel Politeama","og_description":"Gr\u00e2ce \u00e0 son emplacement central, \u00e0 quelques passeulement de l&rsquo;arr\u00eat de bus pour l&rsquo;a\u00e9roport, les salles de conf\u00e9rence de l&rsquo;h\u00f4tel Politeama sont la solution id\u00e9ale pour les r\u00e9unions d&rsquo;affaires, les congr\u00e8s, les formations, les \u00e9v\u00e9nements et les conventions \u00e0 Palerme. Ses deux grandes salles de reunion pouvant accueillir respectivement 50 et 100 personnes sont \u00e9quip\u00e9es [&hellip;]","og_url":"https:\/\/www.hotelpoliteama.com\/fr\/services\/salles-de-conference\/","og_site_name":"Hotel Politeama","article_modified_time":"2019-12-02T13:19:22+00:00","twitter_card":"summary_large_image","twitter_misc":{"Dur\u00e9e de lecture estim\u00e9e":"1 minute"},"schema":{"@context":"https:\/\/schema.org","@graph":[{"@type":"WebPage","@id":"https:\/\/www.hotelpoliteama.com\/fr\/services\/salles-de-conference\/","url":"https:\/\/www.hotelpoliteama.com\/fr\/services\/salles-de-conference\/","name":"Salles de Conf\u00e9rence - Hotel Politeama","isPartOf":{"@id":"https:\/\/www.hotelpoliteama.com\/fr\/#website"},"datePublished":"2019-10-23T13:53:28+00:00","dateModified":"2019-12-02T13:19:22+00:00","breadcrumb":{"@id":"https:\/\/www.hotelpoliteama.com\/fr\/services\/salles-de-conference\/#breadcrumb"},"inLanguage":"fr-FR","potentialAction":[{"@type":"ReadAction","target":["https:\/\/www.hotelpoliteama.com\/fr\/services\/salles-de-conference\/"]}]},{"@type":"BreadcrumbList","@id":"https:\/\/www.hotelpoliteama.com\/fr\/services\/salles-de-conference\/#breadcrumb","itemListElement":[{"@type":"ListItem","position":1,"name":"Home","item":"https:\/\/www.hotelpoliteama.com\/fr\/"},{"@type":"ListItem","position":2,"name":"Services","item":"https:\/\/www.hotelpoliteama.com\/fr\/services\/"},{"@type":"ListItem","position":3,"name":"Salles de Conf\u00e9rence"}]},{"@type":"WebSite","@id":"https:\/\/www.hotelpoliteama.com\/fr\/#website","url":"https:\/\/www.hotelpoliteama.com\/fr\/","name":"Hotel Politeama","description":"Ecco un altro sito ms.decms.eu","potentialAction":[{"@type":"SearchAction","target":{"@type":"EntryPoint","urlTemplate":"https:\/\/www.hotelpoliteama.com\/fr\/?s={search_term_string}"},"query-input":{"@type":"PropertyValueSpecification","valueRequired":true,"valueName":"search_term_string"}}],"inLanguage":"fr-FR"}]}},"acf":[],"_links":{"self":[{"href":"https:\/\/www.hotelpoliteama.com\/fr\/wp-json\/wp\/v2\/pages\/87","targetHints":{"allow":["GET"]}}],"collection":[{"href":"https:\/\/www.hotelpoliteama.com\/fr\/wp-json\/wp\/v2\/pages"}],"about":[{"href":"https:\/\/www.hotelpoliteama.com\/fr\/wp-json\/wp\/v2\/types\/page"}],"author":[{"embeddable":true,"href":"https:\/\/www.hotelpoliteama.com\/fr\/wp-json\/wp\/v2\/users\/13"}],"replies":[{"embeddable":true,"href":"https:\/\/www.hotelpoliteama.com\/fr\/wp-json\/wp\/v2\/comments?post=87"}],"version-history":[{"count":0,"href":"https:\/\/www.hotelpoliteama.com\/fr\/wp-json\/wp\/v2\/pages\/87\/revisions"}],"up":[{"embeddable":true,"href":"https:\/\/www.hotelpoliteama.com\/fr\/wp-json\/wp\/v2\/pages\/77"}],"wp:attachment":[{"href":"https:\/\/www.hotelpoliteama.com\/fr\/wp-json\/wp\/v2\/media?parent=87"}],"curies":[{"name":"wp","href":"https:\/\/api.w.org\/{rel}","templated":true}]}}