{"id":836,"date":"2021-01-29T11:54:26","date_gmt":"2021-01-29T10:54:26","guid":{"rendered":"https:\/\/www.hotelpoliteama.com\/?page_id=836"},"modified":"2021-02-03T12:45:39","modified_gmt":"2021-02-03T11:45:39","slug":"transfert","status":"publish","type":"page","link":"https:\/\/www.hotelpoliteama.com\/fr\/services\/transfert\/","title":{"rendered":"Transfert"},"content":{"rendered":"<p>Vous recherchez une navette pour notre hotel ou l&rsquo;a\u00e9roport? Avec les d\u00e9tails sur l&rsquo;heure d&rsquo;arriv\u00e9e ou de d\u00e9part, nous pouvons organiser avec un minivan un transfert confortable jusqu&rsquo;\u00e0 un maximum de 8 personnes.<\/p>\n<p><span style=\"color: #ff0000\"><a style=\"color: #ff0000\" href=\"https:\/\/www.hotelpoliteama.com\/fr\/contacts\/\">Demandez-nous plus d&rsquo;informations<\/a><\/span><\/p>\n<p>&nbsp;<\/p>\n","protected":false},"excerpt":{"rendered":"<p>Vous recherchez une navette pour notre hotel ou l&rsquo;a\u00e9roport? Avec les d\u00e9tails sur l&rsquo;heure d&rsquo;arriv\u00e9e ou de d\u00e9part, nous pouvons organiser avec un minivan un transfert confortable jusqu&rsquo;\u00e0 un maximum de 8 personnes. Demandez-nous plus d&rsquo;informations &nbsp;<\/p>\n","protected":false},"author":106,"featured_media":0,"parent":77,"menu_order":4,"comment_status":"closed","ping_status":"closed","template":"","meta":{"footnotes":""},"class_list":["post-836","page","type-page","status-publish","hentry"],"yoast_head":"<!-- This site is optimized with the Yoast SEO plugin v26.9 - https:\/\/yoast.com\/product\/yoast-seo-wordpress\/ -->\n<title>Transfert - Hotel Politeama<\/title>\n<meta name=\"robots\" content=\"index, follow, max-snippet:-1, max-image-preview:large, max-video-preview:-1\" \/>\n<link rel=\"canonical\" href=\"https:\/\/www.hotelpoliteama.com\/fr\/services\/transfert\/\" \/>\n<meta property=\"og:locale\" content=\"fr_FR\" \/>\n<meta property=\"og:type\" content=\"article\" \/>\n<meta property=\"og:title\" content=\"Transfert - Hotel Politeama\" \/>\n<meta property=\"og:description\" content=\"Vous recherchez une navette pour notre hotel ou l&rsquo;a\u00e9roport? Avec les d\u00e9tails sur l&rsquo;heure d&rsquo;arriv\u00e9e ou de d\u00e9part, nous pouvons organiser avec un minivan un transfert confortable jusqu&rsquo;\u00e0 un maximum de 8 personnes. Demandez-nous plus d&rsquo;informations &nbsp;\" \/>\n<meta property=\"og:url\" content=\"https:\/\/www.hotelpoliteama.com\/fr\/services\/transfert\/\" \/>\n<meta property=\"og:site_name\" content=\"Hotel Politeama\" \/>\n<meta property=\"article:modified_time\" content=\"2021-02-03T11:45:39+00:00\" \/>\n<meta name=\"twitter:card\" content=\"summary_large_image\" \/>\n<script type=\"application\/ld+json\" class=\"yoast-schema-graph\">{\"@context\":\"https:\/\/schema.org\",\"@graph\":[{\"@type\":\"WebPage\",\"@id\":\"https:\/\/www.hotelpoliteama.com\/fr\/services\/transfert\/\",\"url\":\"https:\/\/www.hotelpoliteama.com\/fr\/services\/transfert\/\",\"name\":\"Transfert - Hotel Politeama\",\"isPartOf\":{\"@id\":\"https:\/\/www.hotelpoliteama.com\/fr\/#website\"},\"datePublished\":\"2021-01-29T10:54:26+00:00\",\"dateModified\":\"2021-02-03T11:45:39+00:00\",\"breadcrumb\":{\"@id\":\"https:\/\/www.hotelpoliteama.com\/fr\/services\/transfert\/#breadcrumb\"},\"inLanguage\":\"fr-FR\",\"potentialAction\":[{\"@type\":\"ReadAction\",\"target\":[\"https:\/\/www.hotelpoliteama.com\/fr\/services\/transfert\/\"]}]},{\"@type\":\"BreadcrumbList\",\"@id\":\"https:\/\/www.hotelpoliteama.com\/fr\/services\/transfert\/#breadcrumb\",\"itemListElement\":[{\"@type\":\"ListItem\",\"position\":1,\"name\":\"Home\",\"item\":\"https:\/\/www.hotelpoliteama.com\/fr\/\"},{\"@type\":\"ListItem\",\"position\":2,\"name\":\"Services\",\"item\":\"https:\/\/www.hotelpoliteama.com\/fr\/services\/\"},{\"@type\":\"ListItem\",\"position\":3,\"name\":\"Transfert\"}]},{\"@type\":\"WebSite\",\"@id\":\"https:\/\/www.hotelpoliteama.com\/fr\/#website\",\"url\":\"https:\/\/www.hotelpoliteama.com\/fr\/\",\"name\":\"Hotel Politeama\",\"description\":\"Ecco un altro sito ms.decms.eu\",\"potentialAction\":[{\"@type\":\"SearchAction\",\"target\":{\"@type\":\"EntryPoint\",\"urlTemplate\":\"https:\/\/www.hotelpoliteama.com\/fr\/?s={search_term_string}\"},\"query-input\":{\"@type\":\"PropertyValueSpecification\",\"valueRequired\":true,\"valueName\":\"search_term_string\"}}],\"inLanguage\":\"fr-FR\"}]}<\/script>\n<!-- \/ Yoast SEO plugin. -->","yoast_head_json":{"title":"Transfert - Hotel Politeama","robots":{"index":"index","follow":"follow","max-snippet":"max-snippet:-1","max-image-preview":"max-image-preview:large","max-video-preview":"max-video-preview:-1"},"canonical":"https:\/\/www.hotelpoliteama.com\/fr\/services\/transfert\/","og_locale":"fr_FR","og_type":"article","og_title":"Transfert - Hotel Politeama","og_description":"Vous recherchez une navette pour notre hotel ou l&rsquo;a\u00e9roport? Avec les d\u00e9tails sur l&rsquo;heure d&rsquo;arriv\u00e9e ou de d\u00e9part, nous pouvons organiser avec un minivan un transfert confortable jusqu&rsquo;\u00e0 un maximum de 8 personnes. Demandez-nous plus d&rsquo;informations &nbsp;","og_url":"https:\/\/www.hotelpoliteama.com\/fr\/services\/transfert\/","og_site_name":"Hotel Politeama","article_modified_time":"2021-02-03T11:45:39+00:00","twitter_card":"summary_large_image","schema":{"@context":"https:\/\/schema.org","@graph":[{"@type":"WebPage","@id":"https:\/\/www.hotelpoliteama.com\/fr\/services\/transfert\/","url":"https:\/\/www.hotelpoliteama.com\/fr\/services\/transfert\/","name":"Transfert - Hotel Politeama","isPartOf":{"@id":"https:\/\/www.hotelpoliteama.com\/fr\/#website"},"datePublished":"2021-01-29T10:54:26+00:00","dateModified":"2021-02-03T11:45:39+00:00","breadcrumb":{"@id":"https:\/\/www.hotelpoliteama.com\/fr\/services\/transfert\/#breadcrumb"},"inLanguage":"fr-FR","potentialAction":[{"@type":"ReadAction","target":["https:\/\/www.hotelpoliteama.com\/fr\/services\/transfert\/"]}]},{"@type":"BreadcrumbList","@id":"https:\/\/www.hotelpoliteama.com\/fr\/services\/transfert\/#breadcrumb","itemListElement":[{"@type":"ListItem","position":1,"name":"Home","item":"https:\/\/www.hotelpoliteama.com\/fr\/"},{"@type":"ListItem","position":2,"name":"Services","item":"https:\/\/www.hotelpoliteama.com\/fr\/services\/"},{"@type":"ListItem","position":3,"name":"Transfert"}]},{"@type":"WebSite","@id":"https:\/\/www.hotelpoliteama.com\/fr\/#website","url":"https:\/\/www.hotelpoliteama.com\/fr\/","name":"Hotel Politeama","description":"Ecco un altro sito ms.decms.eu","potentialAction":[{"@type":"SearchAction","target":{"@type":"EntryPoint","urlTemplate":"https:\/\/www.hotelpoliteama.com\/fr\/?s={search_term_string}"},"query-input":{"@type":"PropertyValueSpecification","valueRequired":true,"valueName":"search_term_string"}}],"inLanguage":"fr-FR"}]}},"acf":[],"_links":{"self":[{"href":"https:\/\/www.hotelpoliteama.com\/fr\/wp-json\/wp\/v2\/pages\/836","targetHints":{"allow":["GET"]}}],"collection":[{"href":"https:\/\/www.hotelpoliteama.com\/fr\/wp-json\/wp\/v2\/pages"}],"about":[{"href":"https:\/\/www.hotelpoliteama.com\/fr\/wp-json\/wp\/v2\/types\/page"}],"author":[{"embeddable":true,"href":"https:\/\/www.hotelpoliteama.com\/fr\/wp-json\/wp\/v2\/users\/106"}],"replies":[{"embeddable":true,"href":"https:\/\/www.hotelpoliteama.com\/fr\/wp-json\/wp\/v2\/comments?post=836"}],"version-history":[{"count":0,"href":"https:\/\/www.hotelpoliteama.com\/fr\/wp-json\/wp\/v2\/pages\/836\/revisions"}],"up":[{"embeddable":true,"href":"https:\/\/www.hotelpoliteama.com\/fr\/wp-json\/wp\/v2\/pages\/77"}],"wp:attachment":[{"href":"https:\/\/www.hotelpoliteama.com\/fr\/wp-json\/wp\/v2\/media?parent=836"}],"curies":[{"name":"wp","href":"https:\/\/api.w.org\/{rel}","templated":true}]}}