{"id":833,"date":"2021-01-29T11:59:53","date_gmt":"2021-01-29T10:59:53","guid":{"rendered":"https:\/\/www.hotelpoliteama.com\/?page_id=833"},"modified":"2021-02-03T12:41:49","modified_gmt":"2021-02-03T11:41:49","slug":"parking","status":"publish","type":"page","link":"https:\/\/www.hotelpoliteama.com\/fr\/services\/parking\/","title":{"rendered":"Parking"},"content":{"rendered":"<p>Vous voyagez avec votre voiture et ne savez pas o\u00f9 vous pouvez garer? Nous avons un <strong>service de voiturier<\/strong> en accord avec un <strong>garage priv\u00e9<\/strong> \u00e0 seulement 300 m\u00e8tres de notre h\u00f4tel. Laissez les cl\u00e9s \u00e0 notre r\u00e9ception, nous nous en occupons!<\/p>\n<p><span style=\"color: #ff0000\"><a style=\"color: #ff0000\" href=\"https:\/\/www.hotelpoliteama.com\/fr\/contacts\/\">Contactez-nous pour plus de d\u00e9tails.<\/a><\/span><\/p>\n","protected":false},"excerpt":{"rendered":"<p>Vous voyagez avec votre voiture et ne savez pas o\u00f9 vous pouvez garer? Nous avons un service de voiturier en accord avec un garage priv\u00e9 \u00e0 seulement 300 m\u00e8tres de notre h\u00f4tel. Laissez les cl\u00e9s \u00e0 notre r\u00e9ception, nous nous en occupons! Contactez-nous pour plus de d\u00e9tails.<\/p>\n","protected":false},"author":106,"featured_media":0,"parent":77,"menu_order":4,"comment_status":"closed","ping_status":"closed","template":"","meta":{"footnotes":""},"class_list":["post-833","page","type-page","status-publish","hentry"],"yoast_head":"<!-- This site is optimized with the Yoast SEO plugin v26.9 - https:\/\/yoast.com\/product\/yoast-seo-wordpress\/ -->\n<title>Parking - Hotel Politeama<\/title>\n<meta name=\"robots\" content=\"index, follow, max-snippet:-1, max-image-preview:large, max-video-preview:-1\" \/>\n<link rel=\"canonical\" href=\"https:\/\/www.hotelpoliteama.com\/fr\/services\/parking\/\" \/>\n<meta property=\"og:locale\" content=\"fr_FR\" \/>\n<meta property=\"og:type\" content=\"article\" \/>\n<meta property=\"og:title\" content=\"Parking - Hotel Politeama\" \/>\n<meta property=\"og:description\" content=\"Vous voyagez avec votre voiture et ne savez pas o\u00f9 vous pouvez garer? Nous avons un service de voiturier en accord avec un garage priv\u00e9 \u00e0 seulement 300 m\u00e8tres de notre h\u00f4tel. Laissez les cl\u00e9s \u00e0 notre r\u00e9ception, nous nous en occupons! Contactez-nous pour plus de d\u00e9tails.\" \/>\n<meta property=\"og:url\" content=\"https:\/\/www.hotelpoliteama.com\/fr\/services\/parking\/\" \/>\n<meta property=\"og:site_name\" content=\"Hotel Politeama\" \/>\n<meta property=\"article:modified_time\" content=\"2021-02-03T11:41:49+00:00\" \/>\n<meta name=\"twitter:card\" content=\"summary_large_image\" \/>\n<script type=\"application\/ld+json\" class=\"yoast-schema-graph\">{\"@context\":\"https:\/\/schema.org\",\"@graph\":[{\"@type\":\"WebPage\",\"@id\":\"https:\/\/www.hotelpoliteama.com\/fr\/services\/parking\/\",\"url\":\"https:\/\/www.hotelpoliteama.com\/fr\/services\/parking\/\",\"name\":\"Parking - Hotel Politeama\",\"isPartOf\":{\"@id\":\"https:\/\/www.hotelpoliteama.com\/fr\/#website\"},\"datePublished\":\"2021-01-29T10:59:53+00:00\",\"dateModified\":\"2021-02-03T11:41:49+00:00\",\"breadcrumb\":{\"@id\":\"https:\/\/www.hotelpoliteama.com\/fr\/services\/parking\/#breadcrumb\"},\"inLanguage\":\"fr-FR\",\"potentialAction\":[{\"@type\":\"ReadAction\",\"target\":[\"https:\/\/www.hotelpoliteama.com\/fr\/services\/parking\/\"]}]},{\"@type\":\"BreadcrumbList\",\"@id\":\"https:\/\/www.hotelpoliteama.com\/fr\/services\/parking\/#breadcrumb\",\"itemListElement\":[{\"@type\":\"ListItem\",\"position\":1,\"name\":\"Home\",\"item\":\"https:\/\/www.hotelpoliteama.com\/fr\/\"},{\"@type\":\"ListItem\",\"position\":2,\"name\":\"Services\",\"item\":\"https:\/\/www.hotelpoliteama.com\/fr\/services\/\"},{\"@type\":\"ListItem\",\"position\":3,\"name\":\"Parking\"}]},{\"@type\":\"WebSite\",\"@id\":\"https:\/\/www.hotelpoliteama.com\/fr\/#website\",\"url\":\"https:\/\/www.hotelpoliteama.com\/fr\/\",\"name\":\"Hotel Politeama\",\"description\":\"Ecco un altro sito ms.decms.eu\",\"potentialAction\":[{\"@type\":\"SearchAction\",\"target\":{\"@type\":\"EntryPoint\",\"urlTemplate\":\"https:\/\/www.hotelpoliteama.com\/fr\/?s={search_term_string}\"},\"query-input\":{\"@type\":\"PropertyValueSpecification\",\"valueRequired\":true,\"valueName\":\"search_term_string\"}}],\"inLanguage\":\"fr-FR\"}]}<\/script>\n<!-- \/ Yoast SEO plugin. -->","yoast_head_json":{"title":"Parking - Hotel Politeama","robots":{"index":"index","follow":"follow","max-snippet":"max-snippet:-1","max-image-preview":"max-image-preview:large","max-video-preview":"max-video-preview:-1"},"canonical":"https:\/\/www.hotelpoliteama.com\/fr\/services\/parking\/","og_locale":"fr_FR","og_type":"article","og_title":"Parking - Hotel Politeama","og_description":"Vous voyagez avec votre voiture et ne savez pas o\u00f9 vous pouvez garer? Nous avons un service de voiturier en accord avec un garage priv\u00e9 \u00e0 seulement 300 m\u00e8tres de notre h\u00f4tel. Laissez les cl\u00e9s \u00e0 notre r\u00e9ception, nous nous en occupons! Contactez-nous pour plus de d\u00e9tails.","og_url":"https:\/\/www.hotelpoliteama.com\/fr\/services\/parking\/","og_site_name":"Hotel Politeama","article_modified_time":"2021-02-03T11:41:49+00:00","twitter_card":"summary_large_image","schema":{"@context":"https:\/\/schema.org","@graph":[{"@type":"WebPage","@id":"https:\/\/www.hotelpoliteama.com\/fr\/services\/parking\/","url":"https:\/\/www.hotelpoliteama.com\/fr\/services\/parking\/","name":"Parking - Hotel Politeama","isPartOf":{"@id":"https:\/\/www.hotelpoliteama.com\/fr\/#website"},"datePublished":"2021-01-29T10:59:53+00:00","dateModified":"2021-02-03T11:41:49+00:00","breadcrumb":{"@id":"https:\/\/www.hotelpoliteama.com\/fr\/services\/parking\/#breadcrumb"},"inLanguage":"fr-FR","potentialAction":[{"@type":"ReadAction","target":["https:\/\/www.hotelpoliteama.com\/fr\/services\/parking\/"]}]},{"@type":"BreadcrumbList","@id":"https:\/\/www.hotelpoliteama.com\/fr\/services\/parking\/#breadcrumb","itemListElement":[{"@type":"ListItem","position":1,"name":"Home","item":"https:\/\/www.hotelpoliteama.com\/fr\/"},{"@type":"ListItem","position":2,"name":"Services","item":"https:\/\/www.hotelpoliteama.com\/fr\/services\/"},{"@type":"ListItem","position":3,"name":"Parking"}]},{"@type":"WebSite","@id":"https:\/\/www.hotelpoliteama.com\/fr\/#website","url":"https:\/\/www.hotelpoliteama.com\/fr\/","name":"Hotel Politeama","description":"Ecco un altro sito ms.decms.eu","potentialAction":[{"@type":"SearchAction","target":{"@type":"EntryPoint","urlTemplate":"https:\/\/www.hotelpoliteama.com\/fr\/?s={search_term_string}"},"query-input":{"@type":"PropertyValueSpecification","valueRequired":true,"valueName":"search_term_string"}}],"inLanguage":"fr-FR"}]}},"acf":[],"_links":{"self":[{"href":"https:\/\/www.hotelpoliteama.com\/fr\/wp-json\/wp\/v2\/pages\/833","targetHints":{"allow":["GET"]}}],"collection":[{"href":"https:\/\/www.hotelpoliteama.com\/fr\/wp-json\/wp\/v2\/pages"}],"about":[{"href":"https:\/\/www.hotelpoliteama.com\/fr\/wp-json\/wp\/v2\/types\/page"}],"author":[{"embeddable":true,"href":"https:\/\/www.hotelpoliteama.com\/fr\/wp-json\/wp\/v2\/users\/106"}],"replies":[{"embeddable":true,"href":"https:\/\/www.hotelpoliteama.com\/fr\/wp-json\/wp\/v2\/comments?post=833"}],"version-history":[{"count":0,"href":"https:\/\/www.hotelpoliteama.com\/fr\/wp-json\/wp\/v2\/pages\/833\/revisions"}],"up":[{"embeddable":true,"href":"https:\/\/www.hotelpoliteama.com\/fr\/wp-json\/wp\/v2\/pages\/77"}],"wp:attachment":[{"href":"https:\/\/www.hotelpoliteama.com\/fr\/wp-json\/wp\/v2\/media?parent=833"}],"curies":[{"name":"wp","href":"https:\/\/api.w.org\/{rel}","templated":true}]}}