{"id":814,"date":"2021-01-16T19:09:21","date_gmt":"2021-01-16T18:09:21","guid":{"rendered":"https:\/\/www.hotelpoliteama.com\/?page_id=814"},"modified":"2023-09-01T12:08:21","modified_gmt":"2023-09-01T10:08:21","slug":"restaurant","status":"publish","type":"page","link":"https:\/\/www.hotelpoliteama.com\/fr\/gastronomie\/restaurant\/","title":{"rendered":"Restaurant"},"content":{"rendered":"<p>Dans une atmosph\u00e8re sobre et \u00e9l\u00e9gante, le Restaurant Politeama propose \u00e0 nos h\u00f4tes la cuisine de haut niveau du Chef Giarraffa, offrant une s\u00e9lection de plats traditionnels siciliens et italiens qui allient go\u00fbt, simplicit\u00e9 et raffinement.<\/p>\n<p>De 19h30 \u00e0 22h00, vous pourrez d\u00e9guster un menu aux saveurs authentiques \u00e0 base de produits frais locaux, accompagn\u00e9 d&rsquo;une s\u00e9lection de vins siciliens et italiens.<\/p>\n<p>Sur demande, nous servons des produits sans gluten.<\/p>\n<p><span style=\"color: #ff0000\">Contactez-nous pour plus d&rsquo;informations: +39091 322777 &#8211; <a style=\"color: #ff0000\" href=\"mailto:mail@hotelpoliteama.it\">mail@hotelpoliteama.it<\/a><\/span><\/p>\n","protected":false},"excerpt":{"rendered":"<p>Dans une atmosph\u00e8re sobre et \u00e9l\u00e9gante, le Restaurant Politeama propose \u00e0 nos h\u00f4tes la cuisine de haut niveau du Chef Giarraffa, offrant une s\u00e9lection de plats traditionnels siciliens et italiens qui allient go\u00fbt, simplicit\u00e9 et raffinement. De 19h30 \u00e0 22h00, vous pourrez d\u00e9guster un menu aux saveurs authentiques \u00e0 base de produits frais locaux, accompagn\u00e9 [&hellip;]<\/p>\n","protected":false},"author":106,"featured_media":0,"parent":921,"menu_order":10,"comment_status":"closed","ping_status":"closed","template":"","meta":{"footnotes":""},"class_list":["post-814","page","type-page","status-publish","hentry"],"yoast_head":"<!-- This site is optimized with the Yoast SEO plugin v26.9 - https:\/\/yoast.com\/product\/yoast-seo-wordpress\/ -->\n<title>Restaurant - Hotel Politeama<\/title>\n<meta name=\"robots\" content=\"index, follow, max-snippet:-1, max-image-preview:large, max-video-preview:-1\" \/>\n<link rel=\"canonical\" href=\"https:\/\/www.hotelpoliteama.com\/fr\/gastronomie\/restaurant\/\" \/>\n<meta property=\"og:locale\" content=\"fr_FR\" \/>\n<meta property=\"og:type\" content=\"article\" \/>\n<meta property=\"og:title\" content=\"Restaurant - Hotel Politeama\" \/>\n<meta property=\"og:description\" content=\"Dans une atmosph\u00e8re sobre et \u00e9l\u00e9gante, le Restaurant Politeama propose \u00e0 nos h\u00f4tes la cuisine de haut niveau du Chef Giarraffa, offrant une s\u00e9lection de plats traditionnels siciliens et italiens qui allient go\u00fbt, simplicit\u00e9 et raffinement. De 19h30 \u00e0 22h00, vous pourrez d\u00e9guster un menu aux saveurs authentiques \u00e0 base de produits frais locaux, accompagn\u00e9 [&hellip;]\" \/>\n<meta property=\"og:url\" content=\"https:\/\/www.hotelpoliteama.com\/fr\/gastronomie\/restaurant\/\" \/>\n<meta property=\"og:site_name\" content=\"Hotel Politeama\" \/>\n<meta property=\"article:modified_time\" content=\"2023-09-01T10:08:21+00:00\" \/>\n<meta name=\"twitter:card\" content=\"summary_large_image\" \/>\n<script type=\"application\/ld+json\" class=\"yoast-schema-graph\">{\"@context\":\"https:\/\/schema.org\",\"@graph\":[{\"@type\":\"WebPage\",\"@id\":\"https:\/\/www.hotelpoliteama.com\/fr\/gastronomie\/restaurant\/\",\"url\":\"https:\/\/www.hotelpoliteama.com\/fr\/gastronomie\/restaurant\/\",\"name\":\"Restaurant - Hotel Politeama\",\"isPartOf\":{\"@id\":\"https:\/\/www.hotelpoliteama.com\/fr\/#website\"},\"datePublished\":\"2021-01-16T18:09:21+00:00\",\"dateModified\":\"2023-09-01T10:08:21+00:00\",\"breadcrumb\":{\"@id\":\"https:\/\/www.hotelpoliteama.com\/fr\/gastronomie\/restaurant\/#breadcrumb\"},\"inLanguage\":\"fr-FR\",\"potentialAction\":[{\"@type\":\"ReadAction\",\"target\":[\"https:\/\/www.hotelpoliteama.com\/fr\/gastronomie\/restaurant\/\"]}]},{\"@type\":\"BreadcrumbList\",\"@id\":\"https:\/\/www.hotelpoliteama.com\/fr\/gastronomie\/restaurant\/#breadcrumb\",\"itemListElement\":[{\"@type\":\"ListItem\",\"position\":1,\"name\":\"Home\",\"item\":\"https:\/\/www.hotelpoliteama.com\/fr\/\"},{\"@type\":\"ListItem\",\"position\":2,\"name\":\"Gastronomie\",\"item\":\"https:\/\/www.hotelpoliteama.com\/fr\/gastronomie\/\"},{\"@type\":\"ListItem\",\"position\":3,\"name\":\"Restaurant\"}]},{\"@type\":\"WebSite\",\"@id\":\"https:\/\/www.hotelpoliteama.com\/fr\/#website\",\"url\":\"https:\/\/www.hotelpoliteama.com\/fr\/\",\"name\":\"Hotel Politeama\",\"description\":\"Ecco un altro sito ms.decms.eu\",\"potentialAction\":[{\"@type\":\"SearchAction\",\"target\":{\"@type\":\"EntryPoint\",\"urlTemplate\":\"https:\/\/www.hotelpoliteama.com\/fr\/?s={search_term_string}\"},\"query-input\":{\"@type\":\"PropertyValueSpecification\",\"valueRequired\":true,\"valueName\":\"search_term_string\"}}],\"inLanguage\":\"fr-FR\"}]}<\/script>\n<!-- \/ Yoast SEO plugin. -->","yoast_head_json":{"title":"Restaurant - Hotel Politeama","robots":{"index":"index","follow":"follow","max-snippet":"max-snippet:-1","max-image-preview":"max-image-preview:large","max-video-preview":"max-video-preview:-1"},"canonical":"https:\/\/www.hotelpoliteama.com\/fr\/gastronomie\/restaurant\/","og_locale":"fr_FR","og_type":"article","og_title":"Restaurant - Hotel Politeama","og_description":"Dans une atmosph\u00e8re sobre et \u00e9l\u00e9gante, le Restaurant Politeama propose \u00e0 nos h\u00f4tes la cuisine de haut niveau du Chef Giarraffa, offrant une s\u00e9lection de plats traditionnels siciliens et italiens qui allient go\u00fbt, simplicit\u00e9 et raffinement. De 19h30 \u00e0 22h00, vous pourrez d\u00e9guster un menu aux saveurs authentiques \u00e0 base de produits frais locaux, accompagn\u00e9 [&hellip;]","og_url":"https:\/\/www.hotelpoliteama.com\/fr\/gastronomie\/restaurant\/","og_site_name":"Hotel Politeama","article_modified_time":"2023-09-01T10:08:21+00:00","twitter_card":"summary_large_image","schema":{"@context":"https:\/\/schema.org","@graph":[{"@type":"WebPage","@id":"https:\/\/www.hotelpoliteama.com\/fr\/gastronomie\/restaurant\/","url":"https:\/\/www.hotelpoliteama.com\/fr\/gastronomie\/restaurant\/","name":"Restaurant - Hotel Politeama","isPartOf":{"@id":"https:\/\/www.hotelpoliteama.com\/fr\/#website"},"datePublished":"2021-01-16T18:09:21+00:00","dateModified":"2023-09-01T10:08:21+00:00","breadcrumb":{"@id":"https:\/\/www.hotelpoliteama.com\/fr\/gastronomie\/restaurant\/#breadcrumb"},"inLanguage":"fr-FR","potentialAction":[{"@type":"ReadAction","target":["https:\/\/www.hotelpoliteama.com\/fr\/gastronomie\/restaurant\/"]}]},{"@type":"BreadcrumbList","@id":"https:\/\/www.hotelpoliteama.com\/fr\/gastronomie\/restaurant\/#breadcrumb","itemListElement":[{"@type":"ListItem","position":1,"name":"Home","item":"https:\/\/www.hotelpoliteama.com\/fr\/"},{"@type":"ListItem","position":2,"name":"Gastronomie","item":"https:\/\/www.hotelpoliteama.com\/fr\/gastronomie\/"},{"@type":"ListItem","position":3,"name":"Restaurant"}]},{"@type":"WebSite","@id":"https:\/\/www.hotelpoliteama.com\/fr\/#website","url":"https:\/\/www.hotelpoliteama.com\/fr\/","name":"Hotel Politeama","description":"Ecco un altro sito ms.decms.eu","potentialAction":[{"@type":"SearchAction","target":{"@type":"EntryPoint","urlTemplate":"https:\/\/www.hotelpoliteama.com\/fr\/?s={search_term_string}"},"query-input":{"@type":"PropertyValueSpecification","valueRequired":true,"valueName":"search_term_string"}}],"inLanguage":"fr-FR"}]}},"acf":[],"_links":{"self":[{"href":"https:\/\/www.hotelpoliteama.com\/fr\/wp-json\/wp\/v2\/pages\/814","targetHints":{"allow":["GET"]}}],"collection":[{"href":"https:\/\/www.hotelpoliteama.com\/fr\/wp-json\/wp\/v2\/pages"}],"about":[{"href":"https:\/\/www.hotelpoliteama.com\/fr\/wp-json\/wp\/v2\/types\/page"}],"author":[{"embeddable":true,"href":"https:\/\/www.hotelpoliteama.com\/fr\/wp-json\/wp\/v2\/users\/106"}],"replies":[{"embeddable":true,"href":"https:\/\/www.hotelpoliteama.com\/fr\/wp-json\/wp\/v2\/comments?post=814"}],"version-history":[{"count":0,"href":"https:\/\/www.hotelpoliteama.com\/fr\/wp-json\/wp\/v2\/pages\/814\/revisions"}],"up":[{"embeddable":true,"href":"https:\/\/www.hotelpoliteama.com\/fr\/wp-json\/wp\/v2\/pages\/921"}],"wp:attachment":[{"href":"https:\/\/www.hotelpoliteama.com\/fr\/wp-json\/wp\/v2\/media?parent=814"}],"curies":[{"name":"wp","href":"https:\/\/api.w.org\/{rel}","templated":true}]}}