{"id":79,"date":"2019-10-23T15:49:20","date_gmt":"2019-10-23T13:49:20","guid":{"rendered":"http:\/\/hotelpoliteama.ms.decms.eu\/?page_id=79"},"modified":"2019-12-02T14:17:53","modified_gmt":"2019-12-02T13:17:53","slug":"les-petit-dejeuner","status":"publish","type":"page","link":"https:\/\/www.hotelpoliteama.com\/fr\/gastronomie\/les-petit-dejeuner\/","title":{"rendered":"Les Petit D\u00e9jeuner"},"content":{"rendered":"<p>Quelle est la particularit\u00e9 de notre petit-d\u00e9jeuner?<\/p>\n<p>Nos pain, nos g\u00e2teaux et nos desserts proviennent de boulangeries et de patisseries locales pour offrir \u00e0 nos clients le maximum de gout tous les matins.<\/p>\n<p>Les amateurs de douceur pourront savourer un petit-d\u00e9jeuner continental comprenant du caf\u00e9 chaud, des brioches et des croissants frais, de nombreuses saveurs de confitures, des yaourts, des jus de fruits et des fruits de saison.<\/p>\n<p>Pour ceux qui choisissent de commencer la journ\u00e9e avec des go\u00fbts plus d\u00e9termin\u00e9s, l\u2019h\u00f4tel propose un riche assortiment de viandes, fromages, salades et \u0153ufs.<\/p>\n<p>L&rsquo;H\u00f4tel Politeama propose \u00e9galement une large s\u00e9lection de produits locauxtels que confitures, miel, fromages, jus d&rsquo;oranges siciliennes et p\u00e2tisseries de notre tradition, pour donner \u00e0 chaque invit\u00e9 l&rsquo;occasion de go\u00fbteraux saveurs de notre terre.<\/p>\n<p>Le service comprend des produits sans gluten et v\u00e9gans. En plus, le personnel est pr\u00eat \u00e0 r\u00e9pondre aux vos besoins en cas d&rsquo;intol\u00e9rances alimentaires.<\/p>\n","protected":false},"excerpt":{"rendered":"<p>Quelle est la particularit\u00e9 de notre petit-d\u00e9jeuner? Nos pain, nos g\u00e2teaux et nos desserts proviennent de boulangeries et de patisseries locales pour offrir \u00e0 nos clients le maximum de gout tous les matins. Les amateurs de douceur pourront savourer un petit-d\u00e9jeuner continental comprenant du caf\u00e9 chaud, des brioches et des croissants frais, de nombreuses saveurs [&hellip;]<\/p>\n","protected":false},"author":13,"featured_media":0,"parent":921,"menu_order":20,"comment_status":"closed","ping_status":"closed","template":"","meta":{"footnotes":""},"class_list":["post-79","page","type-page","status-publish","hentry"],"yoast_head":"<!-- This site is optimized with the Yoast SEO plugin v26.9 - https:\/\/yoast.com\/product\/yoast-seo-wordpress\/ -->\n<title>Les Petit D\u00e9jeuner - Hotel Politeama<\/title>\n<meta name=\"robots\" content=\"index, follow, max-snippet:-1, max-image-preview:large, max-video-preview:-1\" \/>\n<link rel=\"canonical\" href=\"https:\/\/www.hotelpoliteama.com\/fr\/gastronomie\/les-petit-dejeuner\/\" \/>\n<meta property=\"og:locale\" content=\"fr_FR\" \/>\n<meta property=\"og:type\" content=\"article\" \/>\n<meta property=\"og:title\" content=\"Les Petit D\u00e9jeuner - Hotel Politeama\" \/>\n<meta property=\"og:description\" content=\"Quelle est la particularit\u00e9 de notre petit-d\u00e9jeuner? Nos pain, nos g\u00e2teaux et nos desserts proviennent de boulangeries et de patisseries locales pour offrir \u00e0 nos clients le maximum de gout tous les matins. Les amateurs de douceur pourront savourer un petit-d\u00e9jeuner continental comprenant du caf\u00e9 chaud, des brioches et des croissants frais, de nombreuses saveurs [&hellip;]\" \/>\n<meta property=\"og:url\" content=\"https:\/\/www.hotelpoliteama.com\/fr\/gastronomie\/les-petit-dejeuner\/\" \/>\n<meta property=\"og:site_name\" content=\"Hotel Politeama\" \/>\n<meta property=\"article:modified_time\" content=\"2019-12-02T13:17:53+00:00\" \/>\n<meta name=\"twitter:card\" content=\"summary_large_image\" \/>\n<meta name=\"twitter:label1\" content=\"Dur\u00e9e de lecture estim\u00e9e\" \/>\n\t<meta name=\"twitter:data1\" content=\"1 minute\" \/>\n<script type=\"application\/ld+json\" class=\"yoast-schema-graph\">{\"@context\":\"https:\/\/schema.org\",\"@graph\":[{\"@type\":\"WebPage\",\"@id\":\"https:\/\/www.hotelpoliteama.com\/fr\/gastronomie\/les-petit-dejeuner\/\",\"url\":\"https:\/\/www.hotelpoliteama.com\/fr\/gastronomie\/les-petit-dejeuner\/\",\"name\":\"Les Petit D\u00e9jeuner - Hotel Politeama\",\"isPartOf\":{\"@id\":\"https:\/\/www.hotelpoliteama.com\/fr\/#website\"},\"datePublished\":\"2019-10-23T13:49:20+00:00\",\"dateModified\":\"2019-12-02T13:17:53+00:00\",\"breadcrumb\":{\"@id\":\"https:\/\/www.hotelpoliteama.com\/fr\/gastronomie\/les-petit-dejeuner\/#breadcrumb\"},\"inLanguage\":\"fr-FR\",\"potentialAction\":[{\"@type\":\"ReadAction\",\"target\":[\"https:\/\/www.hotelpoliteama.com\/fr\/gastronomie\/les-petit-dejeuner\/\"]}]},{\"@type\":\"BreadcrumbList\",\"@id\":\"https:\/\/www.hotelpoliteama.com\/fr\/gastronomie\/les-petit-dejeuner\/#breadcrumb\",\"itemListElement\":[{\"@type\":\"ListItem\",\"position\":1,\"name\":\"Home\",\"item\":\"https:\/\/www.hotelpoliteama.com\/fr\/\"},{\"@type\":\"ListItem\",\"position\":2,\"name\":\"Services\",\"item\":\"https:\/\/www.hotelpoliteama.com\/fr\/services\/\"},{\"@type\":\"ListItem\",\"position\":3,\"name\":\"Les Petit D\u00e9jeuner\"}]},{\"@type\":\"WebSite\",\"@id\":\"https:\/\/www.hotelpoliteama.com\/fr\/#website\",\"url\":\"https:\/\/www.hotelpoliteama.com\/fr\/\",\"name\":\"Hotel Politeama\",\"description\":\"Ecco un altro sito ms.decms.eu\",\"potentialAction\":[{\"@type\":\"SearchAction\",\"target\":{\"@type\":\"EntryPoint\",\"urlTemplate\":\"https:\/\/www.hotelpoliteama.com\/fr\/?s={search_term_string}\"},\"query-input\":{\"@type\":\"PropertyValueSpecification\",\"valueRequired\":true,\"valueName\":\"search_term_string\"}}],\"inLanguage\":\"fr-FR\"}]}<\/script>\n<!-- \/ Yoast SEO plugin. -->","yoast_head_json":{"title":"Les Petit D\u00e9jeuner - Hotel Politeama","robots":{"index":"index","follow":"follow","max-snippet":"max-snippet:-1","max-image-preview":"max-image-preview:large","max-video-preview":"max-video-preview:-1"},"canonical":"https:\/\/www.hotelpoliteama.com\/fr\/gastronomie\/les-petit-dejeuner\/","og_locale":"fr_FR","og_type":"article","og_title":"Les Petit D\u00e9jeuner - Hotel Politeama","og_description":"Quelle est la particularit\u00e9 de notre petit-d\u00e9jeuner? Nos pain, nos g\u00e2teaux et nos desserts proviennent de boulangeries et de patisseries locales pour offrir \u00e0 nos clients le maximum de gout tous les matins. Les amateurs de douceur pourront savourer un petit-d\u00e9jeuner continental comprenant du caf\u00e9 chaud, des brioches et des croissants frais, de nombreuses saveurs [&hellip;]","og_url":"https:\/\/www.hotelpoliteama.com\/fr\/gastronomie\/les-petit-dejeuner\/","og_site_name":"Hotel Politeama","article_modified_time":"2019-12-02T13:17:53+00:00","twitter_card":"summary_large_image","twitter_misc":{"Dur\u00e9e de lecture estim\u00e9e":"1 minute"},"schema":{"@context":"https:\/\/schema.org","@graph":[{"@type":"WebPage","@id":"https:\/\/www.hotelpoliteama.com\/fr\/gastronomie\/les-petit-dejeuner\/","url":"https:\/\/www.hotelpoliteama.com\/fr\/gastronomie\/les-petit-dejeuner\/","name":"Les Petit D\u00e9jeuner - Hotel Politeama","isPartOf":{"@id":"https:\/\/www.hotelpoliteama.com\/fr\/#website"},"datePublished":"2019-10-23T13:49:20+00:00","dateModified":"2019-12-02T13:17:53+00:00","breadcrumb":{"@id":"https:\/\/www.hotelpoliteama.com\/fr\/gastronomie\/les-petit-dejeuner\/#breadcrumb"},"inLanguage":"fr-FR","potentialAction":[{"@type":"ReadAction","target":["https:\/\/www.hotelpoliteama.com\/fr\/gastronomie\/les-petit-dejeuner\/"]}]},{"@type":"BreadcrumbList","@id":"https:\/\/www.hotelpoliteama.com\/fr\/gastronomie\/les-petit-dejeuner\/#breadcrumb","itemListElement":[{"@type":"ListItem","position":1,"name":"Home","item":"https:\/\/www.hotelpoliteama.com\/fr\/"},{"@type":"ListItem","position":2,"name":"Services","item":"https:\/\/www.hotelpoliteama.com\/fr\/services\/"},{"@type":"ListItem","position":3,"name":"Les Petit D\u00e9jeuner"}]},{"@type":"WebSite","@id":"https:\/\/www.hotelpoliteama.com\/fr\/#website","url":"https:\/\/www.hotelpoliteama.com\/fr\/","name":"Hotel Politeama","description":"Ecco un altro sito ms.decms.eu","potentialAction":[{"@type":"SearchAction","target":{"@type":"EntryPoint","urlTemplate":"https:\/\/www.hotelpoliteama.com\/fr\/?s={search_term_string}"},"query-input":{"@type":"PropertyValueSpecification","valueRequired":true,"valueName":"search_term_string"}}],"inLanguage":"fr-FR"}]}},"acf":[],"_links":{"self":[{"href":"https:\/\/www.hotelpoliteama.com\/fr\/wp-json\/wp\/v2\/pages\/79","targetHints":{"allow":["GET"]}}],"collection":[{"href":"https:\/\/www.hotelpoliteama.com\/fr\/wp-json\/wp\/v2\/pages"}],"about":[{"href":"https:\/\/www.hotelpoliteama.com\/fr\/wp-json\/wp\/v2\/types\/page"}],"author":[{"embeddable":true,"href":"https:\/\/www.hotelpoliteama.com\/fr\/wp-json\/wp\/v2\/users\/13"}],"replies":[{"embeddable":true,"href":"https:\/\/www.hotelpoliteama.com\/fr\/wp-json\/wp\/v2\/comments?post=79"}],"version-history":[{"count":0,"href":"https:\/\/www.hotelpoliteama.com\/fr\/wp-json\/wp\/v2\/pages\/79\/revisions"}],"up":[{"embeddable":true,"href":"https:\/\/www.hotelpoliteama.com\/fr\/wp-json\/wp\/v2\/pages\/921"}],"wp:attachment":[{"href":"https:\/\/www.hotelpoliteama.com\/fr\/wp-json\/wp\/v2\/media?parent=79"}],"curies":[{"name":"wp","href":"https:\/\/api.w.org\/{rel}","templated":true}]}}