{"id":75,"date":"2019-10-23T15:44:20","date_gmt":"2019-10-23T13:44:20","guid":{"rendered":"http:\/\/hotelpoliteama.ms.decms.eu\/?page_id=75"},"modified":"2021-02-11T21:46:42","modified_gmt":"2021-02-11T20:46:42","slug":"les-chambre","status":"publish","type":"page","link":"https:\/\/www.hotelpoliteama.com\/fr\/les-chambre\/","title":{"rendered":"Les Chambre"},"content":{"rendered":"<p>Les chambres et les suites de l&rsquo;h\u00f4tel Politeama ont \u00e9t\u00e9 enti\u00e8rement r\u00e9nov\u00e9es et les salles de bain remises \u00e0 neuf dans un style moderne.<\/p>\n<p>La plupart a une vue magnifique sur le majestueux th\u00e9\u00e2tre Politeama, symbole de Palerme et sur le centre n\u00e9vralgique de la ville.<\/p>\n<p>Chaque type de chambre est \u00e9quip\u00e9e de wifi gratuit, bouilloire, t\u00e9l\u00e9vision \u00e0 \u00e9cranplat, climatisation, t\u00e9l\u00e9phone, armoire, mini-bar, s\u00e8che-cheveux, fenetres insonoris\u00e9es.<\/p>\n<p>Dans toutes les chambres vous pouvez dormir dans nos matelas Dorelan de la gamme Superior Premier que offrent un maintien anatomique et un confort de sommeil agr\u00e9able, gr\u00e2ce \u00e0 la structure ind\u00e9formable et \u00e0 l&rsquo;accueil doux de la housse Compact avec la courtepointe Blade Quilting.<\/p>\n","protected":false},"excerpt":{"rendered":"<p>Les chambres et les suites de l&rsquo;h\u00f4tel Politeama ont \u00e9t\u00e9 enti\u00e8rement r\u00e9nov\u00e9es et les salles de bain remises \u00e0 neuf dans un style moderne. La plupart a une vue magnifique sur le majestueux th\u00e9\u00e2tre Politeama, symbole de Palerme et sur le centre n\u00e9vralgique de la ville. Chaque type de chambre est \u00e9quip\u00e9e de wifi gratuit, [&hellip;]<\/p>\n","protected":false},"author":13,"featured_media":0,"parent":0,"menu_order":20,"comment_status":"closed","ping_status":"closed","template":"template-rooms.php","meta":{"footnotes":""},"class_list":["post-75","page","type-page","status-publish","hentry"],"yoast_head":"<!-- This site is optimized with the Yoast SEO plugin v26.9 - https:\/\/yoast.com\/product\/yoast-seo-wordpress\/ -->\n<title>Les Chambre - Hotel Politeama<\/title>\n<meta name=\"robots\" content=\"index, follow, max-snippet:-1, max-image-preview:large, max-video-preview:-1\" \/>\n<link rel=\"canonical\" href=\"https:\/\/www.hotelpoliteama.com\/fr\/les-chambre\/\" \/>\n<meta property=\"og:locale\" content=\"fr_FR\" \/>\n<meta property=\"og:type\" content=\"article\" \/>\n<meta property=\"og:title\" content=\"Les Chambre - Hotel Politeama\" \/>\n<meta property=\"og:description\" content=\"Les chambres et les suites de l&rsquo;h\u00f4tel Politeama ont \u00e9t\u00e9 enti\u00e8rement r\u00e9nov\u00e9es et les salles de bain remises \u00e0 neuf dans un style moderne. La plupart a une vue magnifique sur le majestueux th\u00e9\u00e2tre Politeama, symbole de Palerme et sur le centre n\u00e9vralgique de la ville. Chaque type de chambre est \u00e9quip\u00e9e de wifi gratuit, [&hellip;]\" \/>\n<meta property=\"og:url\" content=\"https:\/\/www.hotelpoliteama.com\/fr\/les-chambre\/\" \/>\n<meta property=\"og:site_name\" content=\"Hotel Politeama\" \/>\n<meta property=\"article:modified_time\" content=\"2021-02-11T20:46:42+00:00\" \/>\n<meta name=\"twitter:card\" content=\"summary_large_image\" \/>\n<meta name=\"twitter:label1\" content=\"Dur\u00e9e de lecture estim\u00e9e\" \/>\n\t<meta name=\"twitter:data1\" content=\"1 minute\" \/>\n<script type=\"application\/ld+json\" class=\"yoast-schema-graph\">{\"@context\":\"https:\/\/schema.org\",\"@graph\":[{\"@type\":\"WebPage\",\"@id\":\"https:\/\/www.hotelpoliteama.com\/fr\/les-chambre\/\",\"url\":\"https:\/\/www.hotelpoliteama.com\/fr\/les-chambre\/\",\"name\":\"Les Chambre - Hotel Politeama\",\"isPartOf\":{\"@id\":\"https:\/\/www.hotelpoliteama.com\/fr\/#website\"},\"datePublished\":\"2019-10-23T13:44:20+00:00\",\"dateModified\":\"2021-02-11T20:46:42+00:00\",\"breadcrumb\":{\"@id\":\"https:\/\/www.hotelpoliteama.com\/fr\/les-chambre\/#breadcrumb\"},\"inLanguage\":\"fr-FR\",\"potentialAction\":[{\"@type\":\"ReadAction\",\"target\":[\"https:\/\/www.hotelpoliteama.com\/fr\/les-chambre\/\"]}]},{\"@type\":\"BreadcrumbList\",\"@id\":\"https:\/\/www.hotelpoliteama.com\/fr\/les-chambre\/#breadcrumb\",\"itemListElement\":[{\"@type\":\"ListItem\",\"position\":1,\"name\":\"Home\",\"item\":\"https:\/\/www.hotelpoliteama.com\/fr\/\"},{\"@type\":\"ListItem\",\"position\":2,\"name\":\"Les Chambre\"}]},{\"@type\":\"WebSite\",\"@id\":\"https:\/\/www.hotelpoliteama.com\/fr\/#website\",\"url\":\"https:\/\/www.hotelpoliteama.com\/fr\/\",\"name\":\"Hotel Politeama\",\"description\":\"Ecco un altro sito ms.decms.eu\",\"potentialAction\":[{\"@type\":\"SearchAction\",\"target\":{\"@type\":\"EntryPoint\",\"urlTemplate\":\"https:\/\/www.hotelpoliteama.com\/fr\/?s={search_term_string}\"},\"query-input\":{\"@type\":\"PropertyValueSpecification\",\"valueRequired\":true,\"valueName\":\"search_term_string\"}}],\"inLanguage\":\"fr-FR\"}]}<\/script>\n<!-- \/ Yoast SEO plugin. -->","yoast_head_json":{"title":"Les Chambre - Hotel Politeama","robots":{"index":"index","follow":"follow","max-snippet":"max-snippet:-1","max-image-preview":"max-image-preview:large","max-video-preview":"max-video-preview:-1"},"canonical":"https:\/\/www.hotelpoliteama.com\/fr\/les-chambre\/","og_locale":"fr_FR","og_type":"article","og_title":"Les Chambre - Hotel Politeama","og_description":"Les chambres et les suites de l&rsquo;h\u00f4tel Politeama ont \u00e9t\u00e9 enti\u00e8rement r\u00e9nov\u00e9es et les salles de bain remises \u00e0 neuf dans un style moderne. La plupart a une vue magnifique sur le majestueux th\u00e9\u00e2tre Politeama, symbole de Palerme et sur le centre n\u00e9vralgique de la ville. Chaque type de chambre est \u00e9quip\u00e9e de wifi gratuit, [&hellip;]","og_url":"https:\/\/www.hotelpoliteama.com\/fr\/les-chambre\/","og_site_name":"Hotel Politeama","article_modified_time":"2021-02-11T20:46:42+00:00","twitter_card":"summary_large_image","twitter_misc":{"Dur\u00e9e de lecture estim\u00e9e":"1 minute"},"schema":{"@context":"https:\/\/schema.org","@graph":[{"@type":"WebPage","@id":"https:\/\/www.hotelpoliteama.com\/fr\/les-chambre\/","url":"https:\/\/www.hotelpoliteama.com\/fr\/les-chambre\/","name":"Les Chambre - Hotel Politeama","isPartOf":{"@id":"https:\/\/www.hotelpoliteama.com\/fr\/#website"},"datePublished":"2019-10-23T13:44:20+00:00","dateModified":"2021-02-11T20:46:42+00:00","breadcrumb":{"@id":"https:\/\/www.hotelpoliteama.com\/fr\/les-chambre\/#breadcrumb"},"inLanguage":"fr-FR","potentialAction":[{"@type":"ReadAction","target":["https:\/\/www.hotelpoliteama.com\/fr\/les-chambre\/"]}]},{"@type":"BreadcrumbList","@id":"https:\/\/www.hotelpoliteama.com\/fr\/les-chambre\/#breadcrumb","itemListElement":[{"@type":"ListItem","position":1,"name":"Home","item":"https:\/\/www.hotelpoliteama.com\/fr\/"},{"@type":"ListItem","position":2,"name":"Les Chambre"}]},{"@type":"WebSite","@id":"https:\/\/www.hotelpoliteama.com\/fr\/#website","url":"https:\/\/www.hotelpoliteama.com\/fr\/","name":"Hotel Politeama","description":"Ecco un altro sito ms.decms.eu","potentialAction":[{"@type":"SearchAction","target":{"@type":"EntryPoint","urlTemplate":"https:\/\/www.hotelpoliteama.com\/fr\/?s={search_term_string}"},"query-input":{"@type":"PropertyValueSpecification","valueRequired":true,"valueName":"search_term_string"}}],"inLanguage":"fr-FR"}]}},"acf":[],"_links":{"self":[{"href":"https:\/\/www.hotelpoliteama.com\/fr\/wp-json\/wp\/v2\/pages\/75","targetHints":{"allow":["GET"]}}],"collection":[{"href":"https:\/\/www.hotelpoliteama.com\/fr\/wp-json\/wp\/v2\/pages"}],"about":[{"href":"https:\/\/www.hotelpoliteama.com\/fr\/wp-json\/wp\/v2\/types\/page"}],"author":[{"embeddable":true,"href":"https:\/\/www.hotelpoliteama.com\/fr\/wp-json\/wp\/v2\/users\/13"}],"replies":[{"embeddable":true,"href":"https:\/\/www.hotelpoliteama.com\/fr\/wp-json\/wp\/v2\/comments?post=75"}],"version-history":[{"count":0,"href":"https:\/\/www.hotelpoliteama.com\/fr\/wp-json\/wp\/v2\/pages\/75\/revisions"}],"wp:attachment":[{"href":"https:\/\/www.hotelpoliteama.com\/fr\/wp-json\/wp\/v2\/media?parent=75"}],"curies":[{"name":"wp","href":"https:\/\/api.w.org\/{rel}","templated":true}]}}