{"id":200,"date":"2019-12-02T12:01:34","date_gmt":"2019-12-02T11:01:34","guid":{"rendered":"http:\/\/hotelpoliteama.ms.decms.eu\/?page_id=200"},"modified":"2019-12-02T12:01:34","modified_gmt":"2019-12-02T11:01:34","slug":"lounge-bar-2","status":"publish","type":"page","link":"https:\/\/www.hotelpoliteama.com\/fr\/gastronomie\/lounge-bar-2\/","title":{"rendered":"Lounge Bar"},"content":{"rendered":"<p>Notre lounge bar est une oasis de paixaucoeur de la ville.<\/p>\n<p>L&rsquo;environnement sobre et \u00e9l\u00e9gant, la musique de fond chaleureuse et enveloppante, les grandes fen\u00eatres donnant sur le th\u00e9\u00e2tre et la ville en font l&rsquo;endroit id\u00e9al pour se d\u00e9tendre apr\u00e8s une journ\u00e9e de travail fatigante ou une longue visite de la ville. . De 16h00 \u00e0 minuit, vous pourrez siroter un bon verre de vin, un th\u00e9 perfume ou un cocktail, ou d\u00e9guster l&rsquo;un de nos plateaux de fromages locauxou l&rsquo;une de nos salades.<\/p>\n","protected":false},"excerpt":{"rendered":"<p>Notre lounge bar est une oasis de paixaucoeur de la ville. L&rsquo;environnement sobre et \u00e9l\u00e9gant, la musique de fond chaleureuse et enveloppante, les grandes fen\u00eatres donnant sur le th\u00e9\u00e2tre et la ville en font l&rsquo;endroit id\u00e9al pour se d\u00e9tendre apr\u00e8s une journ\u00e9e de travail fatigante ou une longue visite de la ville. . De 16h00 [&hellip;]<\/p>\n","protected":false},"author":13,"featured_media":0,"parent":921,"menu_order":40,"comment_status":"closed","ping_status":"closed","template":"","meta":{"footnotes":""},"class_list":["post-200","page","type-page","status-publish","hentry"],"yoast_head":"<!-- This site is optimized with the Yoast SEO plugin v26.9 - https:\/\/yoast.com\/product\/yoast-seo-wordpress\/ -->\n<title>Lounge Bar - Hotel Politeama<\/title>\n<meta name=\"robots\" content=\"index, follow, max-snippet:-1, max-image-preview:large, max-video-preview:-1\" \/>\n<link rel=\"canonical\" href=\"https:\/\/www.hotelpoliteama.com\/fr\/gastronomie\/lounge-bar-2\/\" \/>\n<meta property=\"og:locale\" content=\"fr_FR\" \/>\n<meta property=\"og:type\" content=\"article\" \/>\n<meta property=\"og:title\" content=\"Lounge Bar - Hotel Politeama\" \/>\n<meta property=\"og:description\" content=\"Notre lounge bar est une oasis de paixaucoeur de la ville. L&rsquo;environnement sobre et \u00e9l\u00e9gant, la musique de fond chaleureuse et enveloppante, les grandes fen\u00eatres donnant sur le th\u00e9\u00e2tre et la ville en font l&rsquo;endroit id\u00e9al pour se d\u00e9tendre apr\u00e8s une journ\u00e9e de travail fatigante ou une longue visite de la ville. . De 16h00 [&hellip;]\" \/>\n<meta property=\"og:url\" content=\"https:\/\/www.hotelpoliteama.com\/fr\/gastronomie\/lounge-bar-2\/\" \/>\n<meta property=\"og:site_name\" content=\"Hotel Politeama\" \/>\n<meta name=\"twitter:card\" content=\"summary_large_image\" \/>\n<script type=\"application\/ld+json\" class=\"yoast-schema-graph\">{\"@context\":\"https:\/\/schema.org\",\"@graph\":[{\"@type\":\"WebPage\",\"@id\":\"https:\/\/www.hotelpoliteama.com\/fr\/gastronomie\/lounge-bar-2\/\",\"url\":\"https:\/\/www.hotelpoliteama.com\/fr\/gastronomie\/lounge-bar-2\/\",\"name\":\"Lounge Bar - Hotel Politeama\",\"isPartOf\":{\"@id\":\"https:\/\/www.hotelpoliteama.com\/fr\/#website\"},\"datePublished\":\"2019-12-02T11:01:34+00:00\",\"breadcrumb\":{\"@id\":\"https:\/\/www.hotelpoliteama.com\/fr\/gastronomie\/lounge-bar-2\/#breadcrumb\"},\"inLanguage\":\"fr-FR\",\"potentialAction\":[{\"@type\":\"ReadAction\",\"target\":[\"https:\/\/www.hotelpoliteama.com\/fr\/gastronomie\/lounge-bar-2\/\"]}]},{\"@type\":\"BreadcrumbList\",\"@id\":\"https:\/\/www.hotelpoliteama.com\/fr\/gastronomie\/lounge-bar-2\/#breadcrumb\",\"itemListElement\":[{\"@type\":\"ListItem\",\"position\":1,\"name\":\"Home\",\"item\":\"https:\/\/www.hotelpoliteama.com\/fr\/\"},{\"@type\":\"ListItem\",\"position\":2,\"name\":\"Services\",\"item\":\"https:\/\/www.hotelpoliteama.com\/fr\/services\/\"},{\"@type\":\"ListItem\",\"position\":3,\"name\":\"Lounge Bar\"}]},{\"@type\":\"WebSite\",\"@id\":\"https:\/\/www.hotelpoliteama.com\/fr\/#website\",\"url\":\"https:\/\/www.hotelpoliteama.com\/fr\/\",\"name\":\"Hotel Politeama\",\"description\":\"Ecco un altro sito ms.decms.eu\",\"potentialAction\":[{\"@type\":\"SearchAction\",\"target\":{\"@type\":\"EntryPoint\",\"urlTemplate\":\"https:\/\/www.hotelpoliteama.com\/fr\/?s={search_term_string}\"},\"query-input\":{\"@type\":\"PropertyValueSpecification\",\"valueRequired\":true,\"valueName\":\"search_term_string\"}}],\"inLanguage\":\"fr-FR\"}]}<\/script>\n<!-- \/ Yoast SEO plugin. -->","yoast_head_json":{"title":"Lounge Bar - Hotel Politeama","robots":{"index":"index","follow":"follow","max-snippet":"max-snippet:-1","max-image-preview":"max-image-preview:large","max-video-preview":"max-video-preview:-1"},"canonical":"https:\/\/www.hotelpoliteama.com\/fr\/gastronomie\/lounge-bar-2\/","og_locale":"fr_FR","og_type":"article","og_title":"Lounge Bar - Hotel Politeama","og_description":"Notre lounge bar est une oasis de paixaucoeur de la ville. L&rsquo;environnement sobre et \u00e9l\u00e9gant, la musique de fond chaleureuse et enveloppante, les grandes fen\u00eatres donnant sur le th\u00e9\u00e2tre et la ville en font l&rsquo;endroit id\u00e9al pour se d\u00e9tendre apr\u00e8s une journ\u00e9e de travail fatigante ou une longue visite de la ville. . De 16h00 [&hellip;]","og_url":"https:\/\/www.hotelpoliteama.com\/fr\/gastronomie\/lounge-bar-2\/","og_site_name":"Hotel Politeama","twitter_card":"summary_large_image","schema":{"@context":"https:\/\/schema.org","@graph":[{"@type":"WebPage","@id":"https:\/\/www.hotelpoliteama.com\/fr\/gastronomie\/lounge-bar-2\/","url":"https:\/\/www.hotelpoliteama.com\/fr\/gastronomie\/lounge-bar-2\/","name":"Lounge Bar - Hotel Politeama","isPartOf":{"@id":"https:\/\/www.hotelpoliteama.com\/fr\/#website"},"datePublished":"2019-12-02T11:01:34+00:00","breadcrumb":{"@id":"https:\/\/www.hotelpoliteama.com\/fr\/gastronomie\/lounge-bar-2\/#breadcrumb"},"inLanguage":"fr-FR","potentialAction":[{"@type":"ReadAction","target":["https:\/\/www.hotelpoliteama.com\/fr\/gastronomie\/lounge-bar-2\/"]}]},{"@type":"BreadcrumbList","@id":"https:\/\/www.hotelpoliteama.com\/fr\/gastronomie\/lounge-bar-2\/#breadcrumb","itemListElement":[{"@type":"ListItem","position":1,"name":"Home","item":"https:\/\/www.hotelpoliteama.com\/fr\/"},{"@type":"ListItem","position":2,"name":"Services","item":"https:\/\/www.hotelpoliteama.com\/fr\/services\/"},{"@type":"ListItem","position":3,"name":"Lounge Bar"}]},{"@type":"WebSite","@id":"https:\/\/www.hotelpoliteama.com\/fr\/#website","url":"https:\/\/www.hotelpoliteama.com\/fr\/","name":"Hotel Politeama","description":"Ecco un altro sito ms.decms.eu","potentialAction":[{"@type":"SearchAction","target":{"@type":"EntryPoint","urlTemplate":"https:\/\/www.hotelpoliteama.com\/fr\/?s={search_term_string}"},"query-input":{"@type":"PropertyValueSpecification","valueRequired":true,"valueName":"search_term_string"}}],"inLanguage":"fr-FR"}]}},"acf":[],"_links":{"self":[{"href":"https:\/\/www.hotelpoliteama.com\/fr\/wp-json\/wp\/v2\/pages\/200","targetHints":{"allow":["GET"]}}],"collection":[{"href":"https:\/\/www.hotelpoliteama.com\/fr\/wp-json\/wp\/v2\/pages"}],"about":[{"href":"https:\/\/www.hotelpoliteama.com\/fr\/wp-json\/wp\/v2\/types\/page"}],"author":[{"embeddable":true,"href":"https:\/\/www.hotelpoliteama.com\/fr\/wp-json\/wp\/v2\/users\/13"}],"replies":[{"embeddable":true,"href":"https:\/\/www.hotelpoliteama.com\/fr\/wp-json\/wp\/v2\/comments?post=200"}],"version-history":[{"count":0,"href":"https:\/\/www.hotelpoliteama.com\/fr\/wp-json\/wp\/v2\/pages\/200\/revisions"}],"up":[{"embeddable":true,"href":"https:\/\/www.hotelpoliteama.com\/fr\/wp-json\/wp\/v2\/pages\/921"}],"wp:attachment":[{"href":"https:\/\/www.hotelpoliteama.com\/fr\/wp-json\/wp\/v2\/media?parent=200"}],"curies":[{"name":"wp","href":"https:\/\/api.w.org\/{rel}","templated":true}]}}