{"id":154,"date":"2019-10-28T17:17:25","date_gmt":"2019-10-28T16:17:25","guid":{"rendered":"http:\/\/hotelpoliteama.ms.decms.eu\/?page_id=154"},"modified":"2022-09-05T15:44:04","modified_gmt":"2022-09-05T13:44:04","slug":"junior-suite-avec-terrasse","status":"publish","type":"page","link":"https:\/\/www.hotelpoliteama.com\/fr\/les-chambre\/junior-suite-avec-terrasse\/","title":{"rendered":"Deluxe avec balcon"},"content":{"rendered":"<p>Baign\u00e9s de soleil d\u00e9s le matin: vue, charme et espace!<\/p>\n<p>Ces chambres sont caract\u00e9ris\u00e9es par un style contemporain impeccable et des d\u00e9tails qui d\u00e9notent une attention particuli\u00e8re aux d\u00e9tails.<\/p>\n<p>Elles sont toutes \u00e9quip\u00e9es d\u2019une terrasse panoramique o\u00f9 vous pouvez vous d\u00e9tendre et profiter d\u2019un repos bien m\u00e9rit\u00e9 apr\u00e8s une journ\u00e9e longue et intense dans la ville.<\/p>\n<p>Le parquet transmet chaleur, accueil et \u00e9l\u00e9gance.<\/p>\n<p>La salle de bain de design raffin\u00e9, les peignoirs et les pantoufles donnent la touche finale.<\/p>\n","protected":false},"excerpt":{"rendered":"<p>Baign\u00e9s de soleil d\u00e9s le matin: vue, charme et espace! Ces chambres sont caract\u00e9ris\u00e9es par un style contemporain impeccable et des d\u00e9tails qui d\u00e9notent une attention particuli\u00e8re aux d\u00e9tails. Elles sont toutes \u00e9quip\u00e9es d\u2019une terrasse panoramique o\u00f9 vous pouvez vous d\u00e9tendre et profiter d\u2019un repos bien m\u00e9rit\u00e9 apr\u00e8s une journ\u00e9e longue et intense dans la [&hellip;]<\/p>\n","protected":false},"author":13,"featured_media":0,"parent":75,"menu_order":70,"comment_status":"closed","ping_status":"closed","template":"template-single-room.php","meta":{"footnotes":""},"class_list":["post-154","page","type-page","status-publish","hentry"],"yoast_head":"<!-- This site is optimized with the Yoast SEO plugin v26.9 - https:\/\/yoast.com\/product\/yoast-seo-wordpress\/ -->\n<title>Deluxe avec balcon - Hotel Politeama<\/title>\n<meta name=\"robots\" content=\"index, follow, max-snippet:-1, max-image-preview:large, max-video-preview:-1\" \/>\n<link rel=\"canonical\" href=\"https:\/\/www.hotelpoliteama.com\/fr\/les-chambre\/junior-suite-avec-terrasse\/\" \/>\n<meta property=\"og:locale\" content=\"fr_FR\" \/>\n<meta property=\"og:type\" content=\"article\" \/>\n<meta property=\"og:title\" content=\"Deluxe avec balcon - Hotel Politeama\" \/>\n<meta property=\"og:description\" content=\"Baign\u00e9s de soleil d\u00e9s le matin: vue, charme et espace! Ces chambres sont caract\u00e9ris\u00e9es par un style contemporain impeccable et des d\u00e9tails qui d\u00e9notent une attention particuli\u00e8re aux d\u00e9tails. Elles sont toutes \u00e9quip\u00e9es d\u2019une terrasse panoramique o\u00f9 vous pouvez vous d\u00e9tendre et profiter d\u2019un repos bien m\u00e9rit\u00e9 apr\u00e8s une journ\u00e9e longue et intense dans la [&hellip;]\" \/>\n<meta property=\"og:url\" content=\"https:\/\/www.hotelpoliteama.com\/fr\/les-chambre\/junior-suite-avec-terrasse\/\" \/>\n<meta property=\"og:site_name\" content=\"Hotel Politeama\" \/>\n<meta property=\"article:modified_time\" content=\"2022-09-05T13:44:04+00:00\" \/>\n<meta name=\"twitter:card\" content=\"summary_large_image\" \/>\n<script type=\"application\/ld+json\" class=\"yoast-schema-graph\">{\"@context\":\"https:\/\/schema.org\",\"@graph\":[{\"@type\":\"WebPage\",\"@id\":\"https:\/\/www.hotelpoliteama.com\/fr\/les-chambre\/junior-suite-avec-terrasse\/\",\"url\":\"https:\/\/www.hotelpoliteama.com\/fr\/les-chambre\/junior-suite-avec-terrasse\/\",\"name\":\"Deluxe avec balcon - Hotel Politeama\",\"isPartOf\":{\"@id\":\"https:\/\/www.hotelpoliteama.com\/fr\/#website\"},\"datePublished\":\"2019-10-28T16:17:25+00:00\",\"dateModified\":\"2022-09-05T13:44:04+00:00\",\"breadcrumb\":{\"@id\":\"https:\/\/www.hotelpoliteama.com\/fr\/les-chambre\/junior-suite-avec-terrasse\/#breadcrumb\"},\"inLanguage\":\"fr-FR\",\"potentialAction\":[{\"@type\":\"ReadAction\",\"target\":[\"https:\/\/www.hotelpoliteama.com\/fr\/les-chambre\/junior-suite-avec-terrasse\/\"]}]},{\"@type\":\"BreadcrumbList\",\"@id\":\"https:\/\/www.hotelpoliteama.com\/fr\/les-chambre\/junior-suite-avec-terrasse\/#breadcrumb\",\"itemListElement\":[{\"@type\":\"ListItem\",\"position\":1,\"name\":\"Home\",\"item\":\"https:\/\/www.hotelpoliteama.com\/fr\/\"},{\"@type\":\"ListItem\",\"position\":2,\"name\":\"Les Chambre\",\"item\":\"https:\/\/www.hotelpoliteama.com\/fr\/les-chambre\/\"},{\"@type\":\"ListItem\",\"position\":3,\"name\":\"Deluxe avec balcon\"}]},{\"@type\":\"WebSite\",\"@id\":\"https:\/\/www.hotelpoliteama.com\/fr\/#website\",\"url\":\"https:\/\/www.hotelpoliteama.com\/fr\/\",\"name\":\"Hotel Politeama\",\"description\":\"Ecco un altro sito ms.decms.eu\",\"potentialAction\":[{\"@type\":\"SearchAction\",\"target\":{\"@type\":\"EntryPoint\",\"urlTemplate\":\"https:\/\/www.hotelpoliteama.com\/fr\/?s={search_term_string}\"},\"query-input\":{\"@type\":\"PropertyValueSpecification\",\"valueRequired\":true,\"valueName\":\"search_term_string\"}}],\"inLanguage\":\"fr-FR\"}]}<\/script>\n<!-- \/ Yoast SEO plugin. -->","yoast_head_json":{"title":"Deluxe avec balcon - Hotel Politeama","robots":{"index":"index","follow":"follow","max-snippet":"max-snippet:-1","max-image-preview":"max-image-preview:large","max-video-preview":"max-video-preview:-1"},"canonical":"https:\/\/www.hotelpoliteama.com\/fr\/les-chambre\/junior-suite-avec-terrasse\/","og_locale":"fr_FR","og_type":"article","og_title":"Deluxe avec balcon - Hotel Politeama","og_description":"Baign\u00e9s de soleil d\u00e9s le matin: vue, charme et espace! Ces chambres sont caract\u00e9ris\u00e9es par un style contemporain impeccable et des d\u00e9tails qui d\u00e9notent une attention particuli\u00e8re aux d\u00e9tails. Elles sont toutes \u00e9quip\u00e9es d\u2019une terrasse panoramique o\u00f9 vous pouvez vous d\u00e9tendre et profiter d\u2019un repos bien m\u00e9rit\u00e9 apr\u00e8s une journ\u00e9e longue et intense dans la [&hellip;]","og_url":"https:\/\/www.hotelpoliteama.com\/fr\/les-chambre\/junior-suite-avec-terrasse\/","og_site_name":"Hotel Politeama","article_modified_time":"2022-09-05T13:44:04+00:00","twitter_card":"summary_large_image","schema":{"@context":"https:\/\/schema.org","@graph":[{"@type":"WebPage","@id":"https:\/\/www.hotelpoliteama.com\/fr\/les-chambre\/junior-suite-avec-terrasse\/","url":"https:\/\/www.hotelpoliteama.com\/fr\/les-chambre\/junior-suite-avec-terrasse\/","name":"Deluxe avec balcon - Hotel Politeama","isPartOf":{"@id":"https:\/\/www.hotelpoliteama.com\/fr\/#website"},"datePublished":"2019-10-28T16:17:25+00:00","dateModified":"2022-09-05T13:44:04+00:00","breadcrumb":{"@id":"https:\/\/www.hotelpoliteama.com\/fr\/les-chambre\/junior-suite-avec-terrasse\/#breadcrumb"},"inLanguage":"fr-FR","potentialAction":[{"@type":"ReadAction","target":["https:\/\/www.hotelpoliteama.com\/fr\/les-chambre\/junior-suite-avec-terrasse\/"]}]},{"@type":"BreadcrumbList","@id":"https:\/\/www.hotelpoliteama.com\/fr\/les-chambre\/junior-suite-avec-terrasse\/#breadcrumb","itemListElement":[{"@type":"ListItem","position":1,"name":"Home","item":"https:\/\/www.hotelpoliteama.com\/fr\/"},{"@type":"ListItem","position":2,"name":"Les Chambre","item":"https:\/\/www.hotelpoliteama.com\/fr\/les-chambre\/"},{"@type":"ListItem","position":3,"name":"Deluxe avec balcon"}]},{"@type":"WebSite","@id":"https:\/\/www.hotelpoliteama.com\/fr\/#website","url":"https:\/\/www.hotelpoliteama.com\/fr\/","name":"Hotel Politeama","description":"Ecco un altro sito ms.decms.eu","potentialAction":[{"@type":"SearchAction","target":{"@type":"EntryPoint","urlTemplate":"https:\/\/www.hotelpoliteama.com\/fr\/?s={search_term_string}"},"query-input":{"@type":"PropertyValueSpecification","valueRequired":true,"valueName":"search_term_string"}}],"inLanguage":"fr-FR"}]}},"acf":[],"_links":{"self":[{"href":"https:\/\/www.hotelpoliteama.com\/fr\/wp-json\/wp\/v2\/pages\/154","targetHints":{"allow":["GET"]}}],"collection":[{"href":"https:\/\/www.hotelpoliteama.com\/fr\/wp-json\/wp\/v2\/pages"}],"about":[{"href":"https:\/\/www.hotelpoliteama.com\/fr\/wp-json\/wp\/v2\/types\/page"}],"author":[{"embeddable":true,"href":"https:\/\/www.hotelpoliteama.com\/fr\/wp-json\/wp\/v2\/users\/13"}],"replies":[{"embeddable":true,"href":"https:\/\/www.hotelpoliteama.com\/fr\/wp-json\/wp\/v2\/comments?post=154"}],"version-history":[{"count":0,"href":"https:\/\/www.hotelpoliteama.com\/fr\/wp-json\/wp\/v2\/pages\/154\/revisions"}],"up":[{"embeddable":true,"href":"https:\/\/www.hotelpoliteama.com\/fr\/wp-json\/wp\/v2\/pages\/75"}],"wp:attachment":[{"href":"https:\/\/www.hotelpoliteama.com\/fr\/wp-json\/wp\/v2\/media?parent=154"}],"curies":[{"name":"wp","href":"https:\/\/api.w.org\/{rel}","templated":true}]}}