{"id":152,"date":"2019-10-28T17:11:46","date_gmt":"2019-10-28T16:11:46","guid":{"rendered":"http:\/\/hotelpoliteama.ms.decms.eu\/?page_id=152"},"modified":"2019-10-28T17:11:46","modified_gmt":"2019-10-28T16:11:46","slug":"chambre-familiale","status":"publish","type":"page","link":"https:\/\/www.hotelpoliteama.com\/fr\/les-chambre\/chambre-familiale\/","title":{"rendered":"Chambre familiale"},"content":{"rendered":"<p>Des vacances \u00e0 vivre au nom du divertissement!<\/p>\n<p>Elles sont la solution id\u00e9al pour ceux qui veulent partir avec leur famille.<\/p>\n<p>Meubl\u00e9es avec un style contemporain et avec le parquet, elles disposent d\u2019un lit double et d\u2019un canap\u00e9-lit.<\/p>\n<p>Les salles de bain sont meubl\u00e9es avec un style moderne et des produits de toilette de haute qualit\u00e9 d\u00e9di\u00e9s \u00e0 la famille.<\/p>\n<p>Dormir avec ses proches est un r\u00e9el plaisir, la taille de la chambre vous invite \u00e0 discuter et \u00e0 jouer dans le matin, en transformant la chambre en un lieu amusant.<\/p>\n<p>Votre journ\u00e9e commencera de la meilleure fa\u00e7on!<\/p>\n","protected":false},"excerpt":{"rendered":"<p>Des vacances \u00e0 vivre au nom du divertissement! Elles sont la solution id\u00e9al pour ceux qui veulent partir avec leur famille. Meubl\u00e9es avec un style contemporain et avec le parquet, elles disposent d\u2019un lit double et d\u2019un canap\u00e9-lit. Les salles de bain sont meubl\u00e9es avec un style moderne et des produits de toilette de haute [&hellip;]<\/p>\n","protected":false},"author":13,"featured_media":0,"parent":75,"menu_order":60,"comment_status":"closed","ping_status":"closed","template":"template-single-room.php","meta":{"footnotes":""},"class_list":["post-152","page","type-page","status-publish","hentry"],"yoast_head":"<!-- This site is optimized with the Yoast SEO plugin v26.9 - https:\/\/yoast.com\/product\/yoast-seo-wordpress\/ -->\n<title>Chambre familiale - Hotel Politeama<\/title>\n<meta name=\"robots\" content=\"index, follow, max-snippet:-1, max-image-preview:large, max-video-preview:-1\" \/>\n<link rel=\"canonical\" href=\"https:\/\/www.hotelpoliteama.com\/fr\/les-chambre\/chambre-familiale\/\" \/>\n<meta property=\"og:locale\" content=\"fr_FR\" \/>\n<meta property=\"og:type\" content=\"article\" \/>\n<meta property=\"og:title\" content=\"Chambre familiale - Hotel Politeama\" \/>\n<meta property=\"og:description\" content=\"Des vacances \u00e0 vivre au nom du divertissement! Elles sont la solution id\u00e9al pour ceux qui veulent partir avec leur famille. Meubl\u00e9es avec un style contemporain et avec le parquet, elles disposent d\u2019un lit double et d\u2019un canap\u00e9-lit. Les salles de bain sont meubl\u00e9es avec un style moderne et des produits de toilette de haute [&hellip;]\" \/>\n<meta property=\"og:url\" content=\"https:\/\/www.hotelpoliteama.com\/fr\/les-chambre\/chambre-familiale\/\" \/>\n<meta property=\"og:site_name\" content=\"Hotel Politeama\" \/>\n<meta name=\"twitter:card\" content=\"summary_large_image\" \/>\n<meta name=\"twitter:label1\" content=\"Dur\u00e9e de lecture estim\u00e9e\" \/>\n\t<meta name=\"twitter:data1\" content=\"1 minute\" \/>\n<script type=\"application\/ld+json\" class=\"yoast-schema-graph\">{\"@context\":\"https:\/\/schema.org\",\"@graph\":[{\"@type\":\"WebPage\",\"@id\":\"https:\/\/www.hotelpoliteama.com\/fr\/les-chambre\/chambre-familiale\/\",\"url\":\"https:\/\/www.hotelpoliteama.com\/fr\/les-chambre\/chambre-familiale\/\",\"name\":\"Chambre familiale - Hotel Politeama\",\"isPartOf\":{\"@id\":\"https:\/\/www.hotelpoliteama.com\/fr\/#website\"},\"datePublished\":\"2019-10-28T16:11:46+00:00\",\"breadcrumb\":{\"@id\":\"https:\/\/www.hotelpoliteama.com\/fr\/les-chambre\/chambre-familiale\/#breadcrumb\"},\"inLanguage\":\"fr-FR\",\"potentialAction\":[{\"@type\":\"ReadAction\",\"target\":[\"https:\/\/www.hotelpoliteama.com\/fr\/les-chambre\/chambre-familiale\/\"]}]},{\"@type\":\"BreadcrumbList\",\"@id\":\"https:\/\/www.hotelpoliteama.com\/fr\/les-chambre\/chambre-familiale\/#breadcrumb\",\"itemListElement\":[{\"@type\":\"ListItem\",\"position\":1,\"name\":\"Home\",\"item\":\"https:\/\/www.hotelpoliteama.com\/fr\/\"},{\"@type\":\"ListItem\",\"position\":2,\"name\":\"Les Chambre\",\"item\":\"https:\/\/www.hotelpoliteama.com\/fr\/les-chambre\/\"},{\"@type\":\"ListItem\",\"position\":3,\"name\":\"Chambre familiale\"}]},{\"@type\":\"WebSite\",\"@id\":\"https:\/\/www.hotelpoliteama.com\/fr\/#website\",\"url\":\"https:\/\/www.hotelpoliteama.com\/fr\/\",\"name\":\"Hotel Politeama\",\"description\":\"Ecco un altro sito ms.decms.eu\",\"potentialAction\":[{\"@type\":\"SearchAction\",\"target\":{\"@type\":\"EntryPoint\",\"urlTemplate\":\"https:\/\/www.hotelpoliteama.com\/fr\/?s={search_term_string}\"},\"query-input\":{\"@type\":\"PropertyValueSpecification\",\"valueRequired\":true,\"valueName\":\"search_term_string\"}}],\"inLanguage\":\"fr-FR\"}]}<\/script>\n<!-- \/ Yoast SEO plugin. -->","yoast_head_json":{"title":"Chambre familiale - Hotel Politeama","robots":{"index":"index","follow":"follow","max-snippet":"max-snippet:-1","max-image-preview":"max-image-preview:large","max-video-preview":"max-video-preview:-1"},"canonical":"https:\/\/www.hotelpoliteama.com\/fr\/les-chambre\/chambre-familiale\/","og_locale":"fr_FR","og_type":"article","og_title":"Chambre familiale - Hotel Politeama","og_description":"Des vacances \u00e0 vivre au nom du divertissement! Elles sont la solution id\u00e9al pour ceux qui veulent partir avec leur famille. Meubl\u00e9es avec un style contemporain et avec le parquet, elles disposent d\u2019un lit double et d\u2019un canap\u00e9-lit. Les salles de bain sont meubl\u00e9es avec un style moderne et des produits de toilette de haute [&hellip;]","og_url":"https:\/\/www.hotelpoliteama.com\/fr\/les-chambre\/chambre-familiale\/","og_site_name":"Hotel Politeama","twitter_card":"summary_large_image","twitter_misc":{"Dur\u00e9e de lecture estim\u00e9e":"1 minute"},"schema":{"@context":"https:\/\/schema.org","@graph":[{"@type":"WebPage","@id":"https:\/\/www.hotelpoliteama.com\/fr\/les-chambre\/chambre-familiale\/","url":"https:\/\/www.hotelpoliteama.com\/fr\/les-chambre\/chambre-familiale\/","name":"Chambre familiale - Hotel Politeama","isPartOf":{"@id":"https:\/\/www.hotelpoliteama.com\/fr\/#website"},"datePublished":"2019-10-28T16:11:46+00:00","breadcrumb":{"@id":"https:\/\/www.hotelpoliteama.com\/fr\/les-chambre\/chambre-familiale\/#breadcrumb"},"inLanguage":"fr-FR","potentialAction":[{"@type":"ReadAction","target":["https:\/\/www.hotelpoliteama.com\/fr\/les-chambre\/chambre-familiale\/"]}]},{"@type":"BreadcrumbList","@id":"https:\/\/www.hotelpoliteama.com\/fr\/les-chambre\/chambre-familiale\/#breadcrumb","itemListElement":[{"@type":"ListItem","position":1,"name":"Home","item":"https:\/\/www.hotelpoliteama.com\/fr\/"},{"@type":"ListItem","position":2,"name":"Les Chambre","item":"https:\/\/www.hotelpoliteama.com\/fr\/les-chambre\/"},{"@type":"ListItem","position":3,"name":"Chambre familiale"}]},{"@type":"WebSite","@id":"https:\/\/www.hotelpoliteama.com\/fr\/#website","url":"https:\/\/www.hotelpoliteama.com\/fr\/","name":"Hotel Politeama","description":"Ecco un altro sito ms.decms.eu","potentialAction":[{"@type":"SearchAction","target":{"@type":"EntryPoint","urlTemplate":"https:\/\/www.hotelpoliteama.com\/fr\/?s={search_term_string}"},"query-input":{"@type":"PropertyValueSpecification","valueRequired":true,"valueName":"search_term_string"}}],"inLanguage":"fr-FR"}]}},"acf":[],"_links":{"self":[{"href":"https:\/\/www.hotelpoliteama.com\/fr\/wp-json\/wp\/v2\/pages\/152","targetHints":{"allow":["GET"]}}],"collection":[{"href":"https:\/\/www.hotelpoliteama.com\/fr\/wp-json\/wp\/v2\/pages"}],"about":[{"href":"https:\/\/www.hotelpoliteama.com\/fr\/wp-json\/wp\/v2\/types\/page"}],"author":[{"embeddable":true,"href":"https:\/\/www.hotelpoliteama.com\/fr\/wp-json\/wp\/v2\/users\/13"}],"replies":[{"embeddable":true,"href":"https:\/\/www.hotelpoliteama.com\/fr\/wp-json\/wp\/v2\/comments?post=152"}],"version-history":[{"count":0,"href":"https:\/\/www.hotelpoliteama.com\/fr\/wp-json\/wp\/v2\/pages\/152\/revisions"}],"up":[{"embeddable":true,"href":"https:\/\/www.hotelpoliteama.com\/fr\/wp-json\/wp\/v2\/pages\/75"}],"wp:attachment":[{"href":"https:\/\/www.hotelpoliteama.com\/fr\/wp-json\/wp\/v2\/media?parent=152"}],"curies":[{"name":"wp","href":"https:\/\/api.w.org\/{rel}","templated":true}]}}