{"id":146,"date":"2019-10-28T17:07:44","date_gmt":"2019-10-28T16:07:44","guid":{"rendered":"http:\/\/hotelpoliteama.ms.decms.eu\/?page_id=146"},"modified":"2019-10-28T17:08:32","modified_gmt":"2019-10-28T16:08:32","slug":"chambre-superior-grand-lit-vue-thea%cc%82tre","status":"publish","type":"page","link":"https:\/\/www.hotelpoliteama.com\/fr\/les-chambre\/chambre-superior-grand-lit-vue-thea%cc%82tre\/","title":{"rendered":"Chambre superior grand lit \u2013 vue th\u00e9a\u0302tre"},"content":{"rendered":"<p>La fene\u0302tre sur le Th\u00e9a\u0302tre\u2026<\/p>\n<p>Ces chambres ont une personnalit\u00e9 dynamique donn\u00e9e par un subtil jeux de combinaisons.<\/p>\n<p>De leurs grandes fene\u0302tres vous pouvez appr\u00e9cier l\u2019exclusive vue sur le Th\u00e9\u00e2tre et la Place.<\/p>\n<p>Les meubles contemporains caract\u00e9ris\u00e9s par des lignes l\u00e9g\u00e8res se marient bien avec les nuances des couleurs du parquet en \u00e9voquant luminosit\u00e9 et vitalit\u00e9.<\/p>\n<p>Salle de bain moderne avec des \u00e9l\u00e9ments de design sophistiqu\u00e9s et \u00e9l\u00e9gants.<\/p>\n","protected":false},"excerpt":{"rendered":"<p>La fene\u0302tre sur le Th\u00e9a\u0302tre\u2026 Ces chambres ont une personnalit\u00e9 dynamique donn\u00e9e par un subtil jeux de combinaisons. De leurs grandes fene\u0302tres vous pouvez appr\u00e9cier l\u2019exclusive vue sur le Th\u00e9\u00e2tre et la Place. Les meubles contemporains caract\u00e9ris\u00e9s par des lignes l\u00e9g\u00e8res se marient bien avec les nuances des couleurs du parquet en \u00e9voquant luminosit\u00e9 et [&hellip;]<\/p>\n","protected":false},"author":13,"featured_media":0,"parent":75,"menu_order":30,"comment_status":"closed","ping_status":"closed","template":"template-single-room.php","meta":{"footnotes":""},"class_list":["post-146","page","type-page","status-publish","hentry"],"yoast_head":"<!-- This site is optimized with the Yoast SEO plugin v26.9 - https:\/\/yoast.com\/product\/yoast-seo-wordpress\/ -->\n<title>Chambre superior grand lit \u2013 vue th\u00e9a\u0302tre - Hotel Politeama<\/title>\n<meta name=\"robots\" content=\"index, follow, max-snippet:-1, max-image-preview:large, max-video-preview:-1\" \/>\n<link rel=\"canonical\" href=\"https:\/\/www.hotelpoliteama.com\/fr\/les-chambre\/chambre-superior-grand-lit-vue-thea%cc%82tre\/\" \/>\n<meta property=\"og:locale\" content=\"fr_FR\" \/>\n<meta property=\"og:type\" content=\"article\" \/>\n<meta property=\"og:title\" content=\"Chambre superior grand lit \u2013 vue th\u00e9a\u0302tre - Hotel Politeama\" \/>\n<meta property=\"og:description\" content=\"La fene\u0302tre sur le Th\u00e9a\u0302tre\u2026 Ces chambres ont une personnalit\u00e9 dynamique donn\u00e9e par un subtil jeux de combinaisons. De leurs grandes fene\u0302tres vous pouvez appr\u00e9cier l\u2019exclusive vue sur le Th\u00e9\u00e2tre et la Place. Les meubles contemporains caract\u00e9ris\u00e9s par des lignes l\u00e9g\u00e8res se marient bien avec les nuances des couleurs du parquet en \u00e9voquant luminosit\u00e9 et [&hellip;]\" \/>\n<meta property=\"og:url\" content=\"https:\/\/www.hotelpoliteama.com\/fr\/les-chambre\/chambre-superior-grand-lit-vue-thea%cc%82tre\/\" \/>\n<meta property=\"og:site_name\" content=\"Hotel Politeama\" \/>\n<meta property=\"article:modified_time\" content=\"2019-10-28T16:08:32+00:00\" \/>\n<meta name=\"twitter:card\" content=\"summary_large_image\" \/>\n<script type=\"application\/ld+json\" class=\"yoast-schema-graph\">{\"@context\":\"https:\/\/schema.org\",\"@graph\":[{\"@type\":\"WebPage\",\"@id\":\"https:\/\/www.hotelpoliteama.com\/fr\/les-chambre\/chambre-superior-grand-lit-vue-thea%cc%82tre\/\",\"url\":\"https:\/\/www.hotelpoliteama.com\/fr\/les-chambre\/chambre-superior-grand-lit-vue-thea%cc%82tre\/\",\"name\":\"Chambre superior grand lit \u2013 vue th\u00e9a\u0302tre - Hotel Politeama\",\"isPartOf\":{\"@id\":\"https:\/\/www.hotelpoliteama.com\/fr\/#website\"},\"datePublished\":\"2019-10-28T16:07:44+00:00\",\"dateModified\":\"2019-10-28T16:08:32+00:00\",\"breadcrumb\":{\"@id\":\"https:\/\/www.hotelpoliteama.com\/fr\/les-chambre\/chambre-superior-grand-lit-vue-thea%cc%82tre\/#breadcrumb\"},\"inLanguage\":\"fr-FR\",\"potentialAction\":[{\"@type\":\"ReadAction\",\"target\":[\"https:\/\/www.hotelpoliteama.com\/fr\/les-chambre\/chambre-superior-grand-lit-vue-thea%cc%82tre\/\"]}]},{\"@type\":\"BreadcrumbList\",\"@id\":\"https:\/\/www.hotelpoliteama.com\/fr\/les-chambre\/chambre-superior-grand-lit-vue-thea%cc%82tre\/#breadcrumb\",\"itemListElement\":[{\"@type\":\"ListItem\",\"position\":1,\"name\":\"Home\",\"item\":\"https:\/\/www.hotelpoliteama.com\/fr\/\"},{\"@type\":\"ListItem\",\"position\":2,\"name\":\"Les Chambre\",\"item\":\"https:\/\/www.hotelpoliteama.com\/fr\/les-chambre\/\"},{\"@type\":\"ListItem\",\"position\":3,\"name\":\"Chambre superior grand lit \u2013 vue th\u00e9a\u0302tre\"}]},{\"@type\":\"WebSite\",\"@id\":\"https:\/\/www.hotelpoliteama.com\/fr\/#website\",\"url\":\"https:\/\/www.hotelpoliteama.com\/fr\/\",\"name\":\"Hotel Politeama\",\"description\":\"Ecco un altro sito ms.decms.eu\",\"potentialAction\":[{\"@type\":\"SearchAction\",\"target\":{\"@type\":\"EntryPoint\",\"urlTemplate\":\"https:\/\/www.hotelpoliteama.com\/fr\/?s={search_term_string}\"},\"query-input\":{\"@type\":\"PropertyValueSpecification\",\"valueRequired\":true,\"valueName\":\"search_term_string\"}}],\"inLanguage\":\"fr-FR\"}]}<\/script>\n<!-- \/ Yoast SEO plugin. -->","yoast_head_json":{"title":"Chambre superior grand lit \u2013 vue th\u00e9a\u0302tre - Hotel Politeama","robots":{"index":"index","follow":"follow","max-snippet":"max-snippet:-1","max-image-preview":"max-image-preview:large","max-video-preview":"max-video-preview:-1"},"canonical":"https:\/\/www.hotelpoliteama.com\/fr\/les-chambre\/chambre-superior-grand-lit-vue-thea%cc%82tre\/","og_locale":"fr_FR","og_type":"article","og_title":"Chambre superior grand lit \u2013 vue th\u00e9a\u0302tre - Hotel Politeama","og_description":"La fene\u0302tre sur le Th\u00e9a\u0302tre\u2026 Ces chambres ont une personnalit\u00e9 dynamique donn\u00e9e par un subtil jeux de combinaisons. De leurs grandes fene\u0302tres vous pouvez appr\u00e9cier l\u2019exclusive vue sur le Th\u00e9\u00e2tre et la Place. Les meubles contemporains caract\u00e9ris\u00e9s par des lignes l\u00e9g\u00e8res se marient bien avec les nuances des couleurs du parquet en \u00e9voquant luminosit\u00e9 et [&hellip;]","og_url":"https:\/\/www.hotelpoliteama.com\/fr\/les-chambre\/chambre-superior-grand-lit-vue-thea%cc%82tre\/","og_site_name":"Hotel Politeama","article_modified_time":"2019-10-28T16:08:32+00:00","twitter_card":"summary_large_image","schema":{"@context":"https:\/\/schema.org","@graph":[{"@type":"WebPage","@id":"https:\/\/www.hotelpoliteama.com\/fr\/les-chambre\/chambre-superior-grand-lit-vue-thea%cc%82tre\/","url":"https:\/\/www.hotelpoliteama.com\/fr\/les-chambre\/chambre-superior-grand-lit-vue-thea%cc%82tre\/","name":"Chambre superior grand lit \u2013 vue th\u00e9a\u0302tre - Hotel Politeama","isPartOf":{"@id":"https:\/\/www.hotelpoliteama.com\/fr\/#website"},"datePublished":"2019-10-28T16:07:44+00:00","dateModified":"2019-10-28T16:08:32+00:00","breadcrumb":{"@id":"https:\/\/www.hotelpoliteama.com\/fr\/les-chambre\/chambre-superior-grand-lit-vue-thea%cc%82tre\/#breadcrumb"},"inLanguage":"fr-FR","potentialAction":[{"@type":"ReadAction","target":["https:\/\/www.hotelpoliteama.com\/fr\/les-chambre\/chambre-superior-grand-lit-vue-thea%cc%82tre\/"]}]},{"@type":"BreadcrumbList","@id":"https:\/\/www.hotelpoliteama.com\/fr\/les-chambre\/chambre-superior-grand-lit-vue-thea%cc%82tre\/#breadcrumb","itemListElement":[{"@type":"ListItem","position":1,"name":"Home","item":"https:\/\/www.hotelpoliteama.com\/fr\/"},{"@type":"ListItem","position":2,"name":"Les Chambre","item":"https:\/\/www.hotelpoliteama.com\/fr\/les-chambre\/"},{"@type":"ListItem","position":3,"name":"Chambre superior grand lit \u2013 vue th\u00e9a\u0302tre"}]},{"@type":"WebSite","@id":"https:\/\/www.hotelpoliteama.com\/fr\/#website","url":"https:\/\/www.hotelpoliteama.com\/fr\/","name":"Hotel Politeama","description":"Ecco un altro sito ms.decms.eu","potentialAction":[{"@type":"SearchAction","target":{"@type":"EntryPoint","urlTemplate":"https:\/\/www.hotelpoliteama.com\/fr\/?s={search_term_string}"},"query-input":{"@type":"PropertyValueSpecification","valueRequired":true,"valueName":"search_term_string"}}],"inLanguage":"fr-FR"}]}},"acf":[],"_links":{"self":[{"href":"https:\/\/www.hotelpoliteama.com\/fr\/wp-json\/wp\/v2\/pages\/146","targetHints":{"allow":["GET"]}}],"collection":[{"href":"https:\/\/www.hotelpoliteama.com\/fr\/wp-json\/wp\/v2\/pages"}],"about":[{"href":"https:\/\/www.hotelpoliteama.com\/fr\/wp-json\/wp\/v2\/types\/page"}],"author":[{"embeddable":true,"href":"https:\/\/www.hotelpoliteama.com\/fr\/wp-json\/wp\/v2\/users\/13"}],"replies":[{"embeddable":true,"href":"https:\/\/www.hotelpoliteama.com\/fr\/wp-json\/wp\/v2\/comments?post=146"}],"version-history":[{"count":0,"href":"https:\/\/www.hotelpoliteama.com\/fr\/wp-json\/wp\/v2\/pages\/146\/revisions"}],"up":[{"embeddable":true,"href":"https:\/\/www.hotelpoliteama.com\/fr\/wp-json\/wp\/v2\/pages\/75"}],"wp:attachment":[{"href":"https:\/\/www.hotelpoliteama.com\/fr\/wp-json\/wp\/v2\/media?parent=146"}],"curies":[{"name":"wp","href":"https:\/\/api.w.org\/{rel}","templated":true}]}}