{"id":142,"date":"2019-10-28T17:03:50","date_gmt":"2019-10-28T16:03:50","guid":{"rendered":"http:\/\/hotelpoliteama.ms.decms.eu\/?page_id=142"},"modified":"2019-10-28T17:03:50","modified_gmt":"2019-10-28T16:03:50","slug":"chambre-standard-grand-lit-vue-ville","status":"publish","type":"page","link":"https:\/\/www.hotelpoliteama.com\/fr\/les-chambre\/chambre-standard-grand-lit-vue-ville\/","title":{"rendered":"Chambre standard grand lit \u2013 vue ville"},"content":{"rendered":"<p>Le confort id\u00e9al pour d&rsquo;agr\u00e9ables voyages \u00e0 la d\u00e9couverte de la Sicile\u2026<\/p>\n<p>Ces chambres sont caract\u00e9ris\u00e9es par les tendances les plus contemporaines avec des lignes simples et des finitions \u00e9l\u00e9gantes.<\/p>\n<p>Les nouveaux meubles et les combinaisons de couleurs donnent vie \u00e0 une ambiance accueillante, qui met en valeur le charme des d\u00e9tails, pour un r\u00e9sultat harmonieux et raffin\u00e9.<\/p>\n<p>Le parquet en bois et la salle de bain de design conf\u00e8rent \u00e0 la chambre une sensation d&rsquo;accueil et de raffinement.<\/p>\n","protected":false},"excerpt":{"rendered":"<p>Le confort id\u00e9al pour d&rsquo;agr\u00e9ables voyages \u00e0 la d\u00e9couverte de la Sicile\u2026 Ces chambres sont caract\u00e9ris\u00e9es par les tendances les plus contemporaines avec des lignes simples et des finitions \u00e9l\u00e9gantes. Les nouveaux meubles et les combinaisons de couleurs donnent vie \u00e0 une ambiance accueillante, qui met en valeur le charme des d\u00e9tails, pour un r\u00e9sultat [&hellip;]<\/p>\n","protected":false},"author":13,"featured_media":0,"parent":75,"menu_order":20,"comment_status":"closed","ping_status":"closed","template":"template-single-room.php","meta":{"footnotes":""},"class_list":["post-142","page","type-page","status-publish","hentry"],"yoast_head":"<!-- This site is optimized with the Yoast SEO plugin v26.9 - https:\/\/yoast.com\/product\/yoast-seo-wordpress\/ -->\n<title>Chambre standard grand lit \u2013 vue ville - Hotel Politeama<\/title>\n<meta name=\"robots\" content=\"index, follow, max-snippet:-1, max-image-preview:large, max-video-preview:-1\" \/>\n<link rel=\"canonical\" href=\"https:\/\/www.hotelpoliteama.com\/fr\/les-chambre\/chambre-standard-grand-lit-vue-ville\/\" \/>\n<meta property=\"og:locale\" content=\"fr_FR\" \/>\n<meta property=\"og:type\" content=\"article\" \/>\n<meta property=\"og:title\" content=\"Chambre standard grand lit \u2013 vue ville - Hotel Politeama\" \/>\n<meta property=\"og:description\" content=\"Le confort id\u00e9al pour d&rsquo;agr\u00e9ables voyages \u00e0 la d\u00e9couverte de la Sicile\u2026 Ces chambres sont caract\u00e9ris\u00e9es par les tendances les plus contemporaines avec des lignes simples et des finitions \u00e9l\u00e9gantes. Les nouveaux meubles et les combinaisons de couleurs donnent vie \u00e0 une ambiance accueillante, qui met en valeur le charme des d\u00e9tails, pour un r\u00e9sultat [&hellip;]\" \/>\n<meta property=\"og:url\" content=\"https:\/\/www.hotelpoliteama.com\/fr\/les-chambre\/chambre-standard-grand-lit-vue-ville\/\" \/>\n<meta property=\"og:site_name\" content=\"Hotel Politeama\" \/>\n<meta name=\"twitter:card\" content=\"summary_large_image\" \/>\n<script type=\"application\/ld+json\" class=\"yoast-schema-graph\">{\"@context\":\"https:\/\/schema.org\",\"@graph\":[{\"@type\":\"WebPage\",\"@id\":\"https:\/\/www.hotelpoliteama.com\/fr\/les-chambre\/chambre-standard-grand-lit-vue-ville\/\",\"url\":\"https:\/\/www.hotelpoliteama.com\/fr\/les-chambre\/chambre-standard-grand-lit-vue-ville\/\",\"name\":\"Chambre standard grand lit \u2013 vue ville - Hotel Politeama\",\"isPartOf\":{\"@id\":\"https:\/\/www.hotelpoliteama.com\/fr\/#website\"},\"datePublished\":\"2019-10-28T16:03:50+00:00\",\"breadcrumb\":{\"@id\":\"https:\/\/www.hotelpoliteama.com\/fr\/les-chambre\/chambre-standard-grand-lit-vue-ville\/#breadcrumb\"},\"inLanguage\":\"fr-FR\",\"potentialAction\":[{\"@type\":\"ReadAction\",\"target\":[\"https:\/\/www.hotelpoliteama.com\/fr\/les-chambre\/chambre-standard-grand-lit-vue-ville\/\"]}]},{\"@type\":\"BreadcrumbList\",\"@id\":\"https:\/\/www.hotelpoliteama.com\/fr\/les-chambre\/chambre-standard-grand-lit-vue-ville\/#breadcrumb\",\"itemListElement\":[{\"@type\":\"ListItem\",\"position\":1,\"name\":\"Home\",\"item\":\"https:\/\/www.hotelpoliteama.com\/fr\/\"},{\"@type\":\"ListItem\",\"position\":2,\"name\":\"Les Chambre\",\"item\":\"https:\/\/www.hotelpoliteama.com\/fr\/les-chambre\/\"},{\"@type\":\"ListItem\",\"position\":3,\"name\":\"Chambre standard grand lit \u2013 vue ville\"}]},{\"@type\":\"WebSite\",\"@id\":\"https:\/\/www.hotelpoliteama.com\/fr\/#website\",\"url\":\"https:\/\/www.hotelpoliteama.com\/fr\/\",\"name\":\"Hotel Politeama\",\"description\":\"Ecco un altro sito ms.decms.eu\",\"potentialAction\":[{\"@type\":\"SearchAction\",\"target\":{\"@type\":\"EntryPoint\",\"urlTemplate\":\"https:\/\/www.hotelpoliteama.com\/fr\/?s={search_term_string}\"},\"query-input\":{\"@type\":\"PropertyValueSpecification\",\"valueRequired\":true,\"valueName\":\"search_term_string\"}}],\"inLanguage\":\"fr-FR\"}]}<\/script>\n<!-- \/ Yoast SEO plugin. -->","yoast_head_json":{"title":"Chambre standard grand lit \u2013 vue ville - Hotel Politeama","robots":{"index":"index","follow":"follow","max-snippet":"max-snippet:-1","max-image-preview":"max-image-preview:large","max-video-preview":"max-video-preview:-1"},"canonical":"https:\/\/www.hotelpoliteama.com\/fr\/les-chambre\/chambre-standard-grand-lit-vue-ville\/","og_locale":"fr_FR","og_type":"article","og_title":"Chambre standard grand lit \u2013 vue ville - Hotel Politeama","og_description":"Le confort id\u00e9al pour d&rsquo;agr\u00e9ables voyages \u00e0 la d\u00e9couverte de la Sicile\u2026 Ces chambres sont caract\u00e9ris\u00e9es par les tendances les plus contemporaines avec des lignes simples et des finitions \u00e9l\u00e9gantes. Les nouveaux meubles et les combinaisons de couleurs donnent vie \u00e0 une ambiance accueillante, qui met en valeur le charme des d\u00e9tails, pour un r\u00e9sultat [&hellip;]","og_url":"https:\/\/www.hotelpoliteama.com\/fr\/les-chambre\/chambre-standard-grand-lit-vue-ville\/","og_site_name":"Hotel Politeama","twitter_card":"summary_large_image","schema":{"@context":"https:\/\/schema.org","@graph":[{"@type":"WebPage","@id":"https:\/\/www.hotelpoliteama.com\/fr\/les-chambre\/chambre-standard-grand-lit-vue-ville\/","url":"https:\/\/www.hotelpoliteama.com\/fr\/les-chambre\/chambre-standard-grand-lit-vue-ville\/","name":"Chambre standard grand lit \u2013 vue ville - Hotel Politeama","isPartOf":{"@id":"https:\/\/www.hotelpoliteama.com\/fr\/#website"},"datePublished":"2019-10-28T16:03:50+00:00","breadcrumb":{"@id":"https:\/\/www.hotelpoliteama.com\/fr\/les-chambre\/chambre-standard-grand-lit-vue-ville\/#breadcrumb"},"inLanguage":"fr-FR","potentialAction":[{"@type":"ReadAction","target":["https:\/\/www.hotelpoliteama.com\/fr\/les-chambre\/chambre-standard-grand-lit-vue-ville\/"]}]},{"@type":"BreadcrumbList","@id":"https:\/\/www.hotelpoliteama.com\/fr\/les-chambre\/chambre-standard-grand-lit-vue-ville\/#breadcrumb","itemListElement":[{"@type":"ListItem","position":1,"name":"Home","item":"https:\/\/www.hotelpoliteama.com\/fr\/"},{"@type":"ListItem","position":2,"name":"Les Chambre","item":"https:\/\/www.hotelpoliteama.com\/fr\/les-chambre\/"},{"@type":"ListItem","position":3,"name":"Chambre standard grand lit \u2013 vue ville"}]},{"@type":"WebSite","@id":"https:\/\/www.hotelpoliteama.com\/fr\/#website","url":"https:\/\/www.hotelpoliteama.com\/fr\/","name":"Hotel Politeama","description":"Ecco un altro sito ms.decms.eu","potentialAction":[{"@type":"SearchAction","target":{"@type":"EntryPoint","urlTemplate":"https:\/\/www.hotelpoliteama.com\/fr\/?s={search_term_string}"},"query-input":{"@type":"PropertyValueSpecification","valueRequired":true,"valueName":"search_term_string"}}],"inLanguage":"fr-FR"}]}},"acf":[],"_links":{"self":[{"href":"https:\/\/www.hotelpoliteama.com\/fr\/wp-json\/wp\/v2\/pages\/142","targetHints":{"allow":["GET"]}}],"collection":[{"href":"https:\/\/www.hotelpoliteama.com\/fr\/wp-json\/wp\/v2\/pages"}],"about":[{"href":"https:\/\/www.hotelpoliteama.com\/fr\/wp-json\/wp\/v2\/types\/page"}],"author":[{"embeddable":true,"href":"https:\/\/www.hotelpoliteama.com\/fr\/wp-json\/wp\/v2\/users\/13"}],"replies":[{"embeddable":true,"href":"https:\/\/www.hotelpoliteama.com\/fr\/wp-json\/wp\/v2\/comments?post=142"}],"version-history":[{"count":0,"href":"https:\/\/www.hotelpoliteama.com\/fr\/wp-json\/wp\/v2\/pages\/142\/revisions"}],"up":[{"embeddable":true,"href":"https:\/\/www.hotelpoliteama.com\/fr\/wp-json\/wp\/v2\/pages\/75"}],"wp:attachment":[{"href":"https:\/\/www.hotelpoliteama.com\/fr\/wp-json\/wp\/v2\/media?parent=142"}],"curies":[{"name":"wp","href":"https:\/\/api.w.org\/{rel}","templated":true}]}}