{"id":1066,"date":"2026-02-20T13:16:01","date_gmt":"2026-02-20T12:16:01","guid":{"rendered":"https:\/\/www.hotelpoliteama.com\/?page_id=1066"},"modified":"2026-02-20T13:16:01","modified_gmt":"2026-02-20T12:16:01","slug":"mondello-capo-gallo-isola-delle-femmine-boat-tour","status":"publish","type":"page","link":"https:\/\/www.hotelpoliteama.com\/fr\/experiences\/mondello-capo-gallo-isola-delle-femmine-boat-tour\/","title":{"rendered":"Mondello, Capo Gallo &amp; Isola delle Femmine Boat Tour"},"content":{"rendered":"<p data-start=\"5782\" data-end=\"5956\">Navigation priv\u00e9e le long de la c\u00f4te jusqu\u2019\u00e0 la <span class=\"hover:entity-accent entity-underline inline cursor-pointer align-baseline\"><span class=\"whitespace-normal\">R\u00e9serve naturelle de Capo Gallo<\/span><\/span> et <span class=\"hover:entity-accent entity-underline inline cursor-pointer align-baseline\"><span class=\"whitespace-normal\">Isola delle Femmine<\/span><\/span>, avec baignade et ap\u00e9ritif sicilien \u00e0 bord.<\/p>\n<p data-start=\"5969\" data-end=\"6141\">\n","protected":false},"excerpt":{"rendered":"<p>Navigation priv\u00e9e le long de la c\u00f4te jusqu\u2019\u00e0 la R\u00e9serve naturelle de Capo Gallo et Isola delle Femmine, avec baignade et ap\u00e9ritif sicilien \u00e0 bord.<\/p>\n","protected":false},"author":106,"featured_media":0,"parent":85,"menu_order":7,"comment_status":"closed","ping_status":"closed","template":"","meta":{"footnotes":""},"class_list":["post-1066","page","type-page","status-publish","hentry"],"yoast_head":"<!-- This site is optimized with the Yoast SEO plugin v26.9 - https:\/\/yoast.com\/product\/yoast-seo-wordpress\/ -->\n<title>Mondello, Capo Gallo &amp; Isola delle Femmine Boat Tour - Hotel Politeama<\/title>\n<meta name=\"robots\" content=\"index, follow, max-snippet:-1, max-image-preview:large, max-video-preview:-1\" \/>\n<link rel=\"canonical\" href=\"https:\/\/www.hotelpoliteama.com\/fr\/experiences\/mondello-capo-gallo-isola-delle-femmine-boat-tour\/\" \/>\n<meta property=\"og:locale\" content=\"fr_FR\" \/>\n<meta property=\"og:type\" content=\"article\" \/>\n<meta property=\"og:title\" content=\"Mondello, Capo Gallo &amp; Isola delle Femmine Boat Tour - Hotel Politeama\" \/>\n<meta property=\"og:description\" content=\"Navigation priv\u00e9e le long de la c\u00f4te jusqu\u2019\u00e0 la R\u00e9serve naturelle de Capo Gallo et Isola delle Femmine, avec baignade et ap\u00e9ritif sicilien \u00e0 bord.\" \/>\n<meta property=\"og:url\" content=\"https:\/\/www.hotelpoliteama.com\/fr\/experiences\/mondello-capo-gallo-isola-delle-femmine-boat-tour\/\" \/>\n<meta property=\"og:site_name\" content=\"Hotel Politeama\" \/>\n<meta name=\"twitter:card\" content=\"summary_large_image\" \/>\n<meta name=\"twitter:label1\" content=\"Dur\u00e9e de lecture estim\u00e9e\" \/>\n\t<meta name=\"twitter:data1\" content=\"1 minute\" \/>\n<script type=\"application\/ld+json\" class=\"yoast-schema-graph\">{\"@context\":\"https:\/\/schema.org\",\"@graph\":[{\"@type\":\"WebPage\",\"@id\":\"https:\/\/www.hotelpoliteama.com\/fr\/experiences\/mondello-capo-gallo-isola-delle-femmine-boat-tour\/\",\"url\":\"https:\/\/www.hotelpoliteama.com\/fr\/experiences\/mondello-capo-gallo-isola-delle-femmine-boat-tour\/\",\"name\":\"Mondello, Capo Gallo &amp; Isola delle Femmine Boat Tour - Hotel Politeama\",\"isPartOf\":{\"@id\":\"https:\/\/www.hotelpoliteama.com\/fr\/#website\"},\"datePublished\":\"2026-02-20T12:16:01+00:00\",\"breadcrumb\":{\"@id\":\"https:\/\/www.hotelpoliteama.com\/fr\/experiences\/mondello-capo-gallo-isola-delle-femmine-boat-tour\/#breadcrumb\"},\"inLanguage\":\"fr-FR\",\"potentialAction\":[{\"@type\":\"ReadAction\",\"target\":[\"https:\/\/www.hotelpoliteama.com\/fr\/experiences\/mondello-capo-gallo-isola-delle-femmine-boat-tour\/\"]}]},{\"@type\":\"BreadcrumbList\",\"@id\":\"https:\/\/www.hotelpoliteama.com\/fr\/experiences\/mondello-capo-gallo-isola-delle-femmine-boat-tour\/#breadcrumb\",\"itemListElement\":[{\"@type\":\"ListItem\",\"position\":1,\"name\":\"Home\",\"item\":\"https:\/\/www.hotelpoliteama.com\/fr\/\"},{\"@type\":\"ListItem\",\"position\":2,\"name\":\"Experiences\",\"item\":\"https:\/\/www.hotelpoliteama.com\/fr\/experiences\/\"},{\"@type\":\"ListItem\",\"position\":3,\"name\":\"Mondello, Capo Gallo &amp; Isola delle Femmine Boat Tour\"}]},{\"@type\":\"WebSite\",\"@id\":\"https:\/\/www.hotelpoliteama.com\/fr\/#website\",\"url\":\"https:\/\/www.hotelpoliteama.com\/fr\/\",\"name\":\"Hotel Politeama\",\"description\":\"Ecco un altro sito ms.decms.eu\",\"potentialAction\":[{\"@type\":\"SearchAction\",\"target\":{\"@type\":\"EntryPoint\",\"urlTemplate\":\"https:\/\/www.hotelpoliteama.com\/fr\/?s={search_term_string}\"},\"query-input\":{\"@type\":\"PropertyValueSpecification\",\"valueRequired\":true,\"valueName\":\"search_term_string\"}}],\"inLanguage\":\"fr-FR\"}]}<\/script>\n<!-- \/ Yoast SEO plugin. -->","yoast_head_json":{"title":"Mondello, Capo Gallo &amp; Isola delle Femmine Boat Tour - Hotel Politeama","robots":{"index":"index","follow":"follow","max-snippet":"max-snippet:-1","max-image-preview":"max-image-preview:large","max-video-preview":"max-video-preview:-1"},"canonical":"https:\/\/www.hotelpoliteama.com\/fr\/experiences\/mondello-capo-gallo-isola-delle-femmine-boat-tour\/","og_locale":"fr_FR","og_type":"article","og_title":"Mondello, Capo Gallo &amp; Isola delle Femmine Boat Tour - Hotel Politeama","og_description":"Navigation priv\u00e9e le long de la c\u00f4te jusqu\u2019\u00e0 la R\u00e9serve naturelle de Capo Gallo et Isola delle Femmine, avec baignade et ap\u00e9ritif sicilien \u00e0 bord.","og_url":"https:\/\/www.hotelpoliteama.com\/fr\/experiences\/mondello-capo-gallo-isola-delle-femmine-boat-tour\/","og_site_name":"Hotel Politeama","twitter_card":"summary_large_image","twitter_misc":{"Dur\u00e9e de lecture estim\u00e9e":"1 minute"},"schema":{"@context":"https:\/\/schema.org","@graph":[{"@type":"WebPage","@id":"https:\/\/www.hotelpoliteama.com\/fr\/experiences\/mondello-capo-gallo-isola-delle-femmine-boat-tour\/","url":"https:\/\/www.hotelpoliteama.com\/fr\/experiences\/mondello-capo-gallo-isola-delle-femmine-boat-tour\/","name":"Mondello, Capo Gallo &amp; Isola delle Femmine Boat Tour - Hotel Politeama","isPartOf":{"@id":"https:\/\/www.hotelpoliteama.com\/fr\/#website"},"datePublished":"2026-02-20T12:16:01+00:00","breadcrumb":{"@id":"https:\/\/www.hotelpoliteama.com\/fr\/experiences\/mondello-capo-gallo-isola-delle-femmine-boat-tour\/#breadcrumb"},"inLanguage":"fr-FR","potentialAction":[{"@type":"ReadAction","target":["https:\/\/www.hotelpoliteama.com\/fr\/experiences\/mondello-capo-gallo-isola-delle-femmine-boat-tour\/"]}]},{"@type":"BreadcrumbList","@id":"https:\/\/www.hotelpoliteama.com\/fr\/experiences\/mondello-capo-gallo-isola-delle-femmine-boat-tour\/#breadcrumb","itemListElement":[{"@type":"ListItem","position":1,"name":"Home","item":"https:\/\/www.hotelpoliteama.com\/fr\/"},{"@type":"ListItem","position":2,"name":"Experiences","item":"https:\/\/www.hotelpoliteama.com\/fr\/experiences\/"},{"@type":"ListItem","position":3,"name":"Mondello, Capo Gallo &amp; Isola delle Femmine Boat Tour"}]},{"@type":"WebSite","@id":"https:\/\/www.hotelpoliteama.com\/fr\/#website","url":"https:\/\/www.hotelpoliteama.com\/fr\/","name":"Hotel Politeama","description":"Ecco un altro sito ms.decms.eu","potentialAction":[{"@type":"SearchAction","target":{"@type":"EntryPoint","urlTemplate":"https:\/\/www.hotelpoliteama.com\/fr\/?s={search_term_string}"},"query-input":{"@type":"PropertyValueSpecification","valueRequired":true,"valueName":"search_term_string"}}],"inLanguage":"fr-FR"}]}},"acf":[],"_links":{"self":[{"href":"https:\/\/www.hotelpoliteama.com\/fr\/wp-json\/wp\/v2\/pages\/1066","targetHints":{"allow":["GET"]}}],"collection":[{"href":"https:\/\/www.hotelpoliteama.com\/fr\/wp-json\/wp\/v2\/pages"}],"about":[{"href":"https:\/\/www.hotelpoliteama.com\/fr\/wp-json\/wp\/v2\/types\/page"}],"author":[{"embeddable":true,"href":"https:\/\/www.hotelpoliteama.com\/fr\/wp-json\/wp\/v2\/users\/106"}],"replies":[{"embeddable":true,"href":"https:\/\/www.hotelpoliteama.com\/fr\/wp-json\/wp\/v2\/comments?post=1066"}],"version-history":[{"count":0,"href":"https:\/\/www.hotelpoliteama.com\/fr\/wp-json\/wp\/v2\/pages\/1066\/revisions"}],"up":[{"embeddable":true,"href":"https:\/\/www.hotelpoliteama.com\/fr\/wp-json\/wp\/v2\/pages\/85"}],"wp:attachment":[{"href":"https:\/\/www.hotelpoliteama.com\/fr\/wp-json\/wp\/v2\/media?parent=1066"}],"curies":[{"name":"wp","href":"https:\/\/api.w.org\/{rel}","templated":true}]}}