{"id":1061,"date":"2026-02-20T12:08:28","date_gmt":"2026-02-20T11:08:28","guid":{"rendered":"https:\/\/www.hotelpoliteama.com\/?page_id=1061"},"modified":"2026-02-20T12:08:28","modified_gmt":"2026-02-20T11:08:28","slug":"duca-di-salaparuta-wine-experience-bagheria","status":"publish","type":"page","link":"https:\/\/www.hotelpoliteama.com\/fr\/experiences\/duca-di-salaparuta-wine-experience-bagheria\/","title":{"rendered":"Duca di Salaparuta Wine Experience &amp; Bagheria"},"content":{"rendered":"<p data-start=\"5219\" data-end=\"5455\">Visite de la cave historique <span class=\"hover:entity-accent entity-underline inline cursor-pointer align-baseline\"><span class=\"whitespace-normal\">Duca di Salaparuta<\/span><\/span> avec d\u00e9gustation guid\u00e9e de vins accompagn\u00e9s de sp\u00e9cialit\u00e9s locales, suivie d\u2019une promenade \u00e0 <span class=\"hover:entity-accent entity-underline inline cursor-pointer align-baseline\"><span class=\"whitespace-normal\">Bagheria<\/span><\/span>, c\u00e9l\u00e8bre pour ses villas baroques.<\/p>\n<p data-start=\"5468\" data-end=\"5703\">\n","protected":false},"excerpt":{"rendered":"<p>Visite de la cave historique Duca di Salaparuta avec d\u00e9gustation guid\u00e9e de vins accompagn\u00e9s de sp\u00e9cialit\u00e9s locales, suivie d\u2019une promenade \u00e0 Bagheria, c\u00e9l\u00e8bre pour ses villas baroques.<\/p>\n","protected":false},"author":106,"featured_media":0,"parent":85,"menu_order":7,"comment_status":"closed","ping_status":"closed","template":"","meta":{"footnotes":""},"class_list":["post-1061","page","type-page","status-publish","hentry"],"yoast_head":"<!-- This site is optimized with the Yoast SEO plugin v26.9 - https:\/\/yoast.com\/product\/yoast-seo-wordpress\/ -->\n<title>Duca di Salaparuta Wine Experience &amp; Bagheria - Hotel Politeama<\/title>\n<meta name=\"robots\" content=\"index, follow, max-snippet:-1, max-image-preview:large, max-video-preview:-1\" \/>\n<link rel=\"canonical\" href=\"https:\/\/www.hotelpoliteama.com\/fr\/experiences\/duca-di-salaparuta-wine-experience-bagheria\/\" \/>\n<meta property=\"og:locale\" content=\"fr_FR\" \/>\n<meta property=\"og:type\" content=\"article\" \/>\n<meta property=\"og:title\" content=\"Duca di Salaparuta Wine Experience &amp; Bagheria - Hotel Politeama\" \/>\n<meta property=\"og:description\" content=\"Visite de la cave historique Duca di Salaparuta avec d\u00e9gustation guid\u00e9e de vins accompagn\u00e9s de sp\u00e9cialit\u00e9s locales, suivie d\u2019une promenade \u00e0 Bagheria, c\u00e9l\u00e8bre pour ses villas baroques.\" \/>\n<meta property=\"og:url\" content=\"https:\/\/www.hotelpoliteama.com\/fr\/experiences\/duca-di-salaparuta-wine-experience-bagheria\/\" \/>\n<meta property=\"og:site_name\" content=\"Hotel Politeama\" \/>\n<meta name=\"twitter:card\" content=\"summary_large_image\" \/>\n<meta name=\"twitter:label1\" content=\"Dur\u00e9e de lecture estim\u00e9e\" \/>\n\t<meta name=\"twitter:data1\" content=\"1 minute\" \/>\n<script type=\"application\/ld+json\" class=\"yoast-schema-graph\">{\"@context\":\"https:\/\/schema.org\",\"@graph\":[{\"@type\":\"WebPage\",\"@id\":\"https:\/\/www.hotelpoliteama.com\/fr\/experiences\/duca-di-salaparuta-wine-experience-bagheria\/\",\"url\":\"https:\/\/www.hotelpoliteama.com\/fr\/experiences\/duca-di-salaparuta-wine-experience-bagheria\/\",\"name\":\"Duca di Salaparuta Wine Experience &amp; Bagheria - Hotel Politeama\",\"isPartOf\":{\"@id\":\"https:\/\/www.hotelpoliteama.com\/fr\/#website\"},\"datePublished\":\"2026-02-20T11:08:28+00:00\",\"breadcrumb\":{\"@id\":\"https:\/\/www.hotelpoliteama.com\/fr\/experiences\/duca-di-salaparuta-wine-experience-bagheria\/#breadcrumb\"},\"inLanguage\":\"fr-FR\",\"potentialAction\":[{\"@type\":\"ReadAction\",\"target\":[\"https:\/\/www.hotelpoliteama.com\/fr\/experiences\/duca-di-salaparuta-wine-experience-bagheria\/\"]}]},{\"@type\":\"BreadcrumbList\",\"@id\":\"https:\/\/www.hotelpoliteama.com\/fr\/experiences\/duca-di-salaparuta-wine-experience-bagheria\/#breadcrumb\",\"itemListElement\":[{\"@type\":\"ListItem\",\"position\":1,\"name\":\"Home\",\"item\":\"https:\/\/www.hotelpoliteama.com\/fr\/\"},{\"@type\":\"ListItem\",\"position\":2,\"name\":\"Experiences\",\"item\":\"https:\/\/www.hotelpoliteama.com\/fr\/experiences\/\"},{\"@type\":\"ListItem\",\"position\":3,\"name\":\"Duca di Salaparuta Wine Experience &amp; Bagheria\"}]},{\"@type\":\"WebSite\",\"@id\":\"https:\/\/www.hotelpoliteama.com\/fr\/#website\",\"url\":\"https:\/\/www.hotelpoliteama.com\/fr\/\",\"name\":\"Hotel Politeama\",\"description\":\"Ecco un altro sito ms.decms.eu\",\"potentialAction\":[{\"@type\":\"SearchAction\",\"target\":{\"@type\":\"EntryPoint\",\"urlTemplate\":\"https:\/\/www.hotelpoliteama.com\/fr\/?s={search_term_string}\"},\"query-input\":{\"@type\":\"PropertyValueSpecification\",\"valueRequired\":true,\"valueName\":\"search_term_string\"}}],\"inLanguage\":\"fr-FR\"}]}<\/script>\n<!-- \/ Yoast SEO plugin. -->","yoast_head_json":{"title":"Duca di Salaparuta Wine Experience &amp; Bagheria - Hotel Politeama","robots":{"index":"index","follow":"follow","max-snippet":"max-snippet:-1","max-image-preview":"max-image-preview:large","max-video-preview":"max-video-preview:-1"},"canonical":"https:\/\/www.hotelpoliteama.com\/fr\/experiences\/duca-di-salaparuta-wine-experience-bagheria\/","og_locale":"fr_FR","og_type":"article","og_title":"Duca di Salaparuta Wine Experience &amp; Bagheria - Hotel Politeama","og_description":"Visite de la cave historique Duca di Salaparuta avec d\u00e9gustation guid\u00e9e de vins accompagn\u00e9s de sp\u00e9cialit\u00e9s locales, suivie d\u2019une promenade \u00e0 Bagheria, c\u00e9l\u00e8bre pour ses villas baroques.","og_url":"https:\/\/www.hotelpoliteama.com\/fr\/experiences\/duca-di-salaparuta-wine-experience-bagheria\/","og_site_name":"Hotel Politeama","twitter_card":"summary_large_image","twitter_misc":{"Dur\u00e9e de lecture estim\u00e9e":"1 minute"},"schema":{"@context":"https:\/\/schema.org","@graph":[{"@type":"WebPage","@id":"https:\/\/www.hotelpoliteama.com\/fr\/experiences\/duca-di-salaparuta-wine-experience-bagheria\/","url":"https:\/\/www.hotelpoliteama.com\/fr\/experiences\/duca-di-salaparuta-wine-experience-bagheria\/","name":"Duca di Salaparuta Wine Experience &amp; Bagheria - Hotel Politeama","isPartOf":{"@id":"https:\/\/www.hotelpoliteama.com\/fr\/#website"},"datePublished":"2026-02-20T11:08:28+00:00","breadcrumb":{"@id":"https:\/\/www.hotelpoliteama.com\/fr\/experiences\/duca-di-salaparuta-wine-experience-bagheria\/#breadcrumb"},"inLanguage":"fr-FR","potentialAction":[{"@type":"ReadAction","target":["https:\/\/www.hotelpoliteama.com\/fr\/experiences\/duca-di-salaparuta-wine-experience-bagheria\/"]}]},{"@type":"BreadcrumbList","@id":"https:\/\/www.hotelpoliteama.com\/fr\/experiences\/duca-di-salaparuta-wine-experience-bagheria\/#breadcrumb","itemListElement":[{"@type":"ListItem","position":1,"name":"Home","item":"https:\/\/www.hotelpoliteama.com\/fr\/"},{"@type":"ListItem","position":2,"name":"Experiences","item":"https:\/\/www.hotelpoliteama.com\/fr\/experiences\/"},{"@type":"ListItem","position":3,"name":"Duca di Salaparuta Wine Experience &amp; Bagheria"}]},{"@type":"WebSite","@id":"https:\/\/www.hotelpoliteama.com\/fr\/#website","url":"https:\/\/www.hotelpoliteama.com\/fr\/","name":"Hotel Politeama","description":"Ecco un altro sito ms.decms.eu","potentialAction":[{"@type":"SearchAction","target":{"@type":"EntryPoint","urlTemplate":"https:\/\/www.hotelpoliteama.com\/fr\/?s={search_term_string}"},"query-input":{"@type":"PropertyValueSpecification","valueRequired":true,"valueName":"search_term_string"}}],"inLanguage":"fr-FR"}]}},"acf":[],"_links":{"self":[{"href":"https:\/\/www.hotelpoliteama.com\/fr\/wp-json\/wp\/v2\/pages\/1061","targetHints":{"allow":["GET"]}}],"collection":[{"href":"https:\/\/www.hotelpoliteama.com\/fr\/wp-json\/wp\/v2\/pages"}],"about":[{"href":"https:\/\/www.hotelpoliteama.com\/fr\/wp-json\/wp\/v2\/types\/page"}],"author":[{"embeddable":true,"href":"https:\/\/www.hotelpoliteama.com\/fr\/wp-json\/wp\/v2\/users\/106"}],"replies":[{"embeddable":true,"href":"https:\/\/www.hotelpoliteama.com\/fr\/wp-json\/wp\/v2\/comments?post=1061"}],"version-history":[{"count":0,"href":"https:\/\/www.hotelpoliteama.com\/fr\/wp-json\/wp\/v2\/pages\/1061\/revisions"}],"up":[{"embeddable":true,"href":"https:\/\/www.hotelpoliteama.com\/fr\/wp-json\/wp\/v2\/pages\/85"}],"wp:attachment":[{"href":"https:\/\/www.hotelpoliteama.com\/fr\/wp-json\/wp\/v2\/media?parent=1061"}],"curies":[{"name":"wp","href":"https:\/\/api.w.org\/{rel}","templated":true}]}}