{"id":895,"date":"2021-05-21T10:34:31","date_gmt":"2021-05-21T08:34:31","guid":{"rendered":"https:\/\/www.hotelpoliteama.com\/?page_id=895"},"modified":"2021-05-21T10:34:57","modified_gmt":"2021-05-21T08:34:57","slug":"and-the-dinner-is","status":"publish","type":"page","link":"https:\/\/www.hotelpoliteama.com\/es\/ofertas-y-paquetes\/and-the-dinner-is\/","title":{"rendered":"AND THE DINNER IS&#8230;"},"content":{"rendered":"<p style=\"font-weight: 400\">Pasar unas vacaciones en una ciudad llena de vida y cultura como Palermo nunca ha sido tan simple y agradable. Qu\u00e9dese y cene en el Politeama con estilo.<\/p>\n<p style=\"font-weight: 400\">La oferta incluye:<\/p>\n<p style=\"font-weight: 400\">&#8211; Noche en el tipo de habitaci\u00f3n elegido<\/p>\n<p style=\"font-weight: 400\">\u00a0&#8211; Para empezar el d\u00eda todas las ma\u00f1anas un desayuno nutritivo y energ\u00e9tico servido en su habitaci\u00f3n<\/p>\n<p style=\"font-weight: 400\">\u00a0&#8211; 1 cena para 2 que consta de un aperitivo m\u00e1s un plato principal con agua y una copa de vino por persona<\/p>\n<p style=\"font-weight: 400\">\u00a0&#8211; Wi-Fi gratis<\/p>\n<p style=\"font-weight: 400\">\u00a0Tasa tur\u00edstica no incluida<\/p>\n<p>&nbsp;<\/p>\n<p><a href=\"http:\/\/redirect.fastbooking.com\/DIRECTORY\/dispoprice.phtml?&amp;Clusternames=ITPALHTLHotelPolitea&amp;rate=PACCHETTO-CON-CENA&amp;langue=es\"><span style=\"color: #ff0000\">RESERVA AQUI<\/span><\/a><\/p>\n","protected":false},"excerpt":{"rendered":"<p>Pasar unas vacaciones en una ciudad llena de vida y cultura como Palermo nunca ha sido tan simple y agradable. Qu\u00e9dese y cene en el Politeama con estilo. La oferta incluye: &#8211; Noche en el tipo de habitaci\u00f3n elegido \u00a0&#8211; Para empezar el d\u00eda todas las ma\u00f1anas un desayuno nutritivo y energ\u00e9tico servido en su [&hellip;]<\/p>\n","protected":false},"author":106,"featured_media":0,"parent":614,"menu_order":3,"comment_status":"closed","ping_status":"closed","template":"","meta":{"footnotes":""},"class_list":["post-895","page","type-page","status-publish","hentry"],"yoast_head":"<!-- This site is optimized with the Yoast SEO plugin v26.9 - https:\/\/yoast.com\/product\/yoast-seo-wordpress\/ -->\n<title>AND THE DINNER IS... - Hotel Politeama<\/title>\n<meta name=\"robots\" content=\"index, follow, max-snippet:-1, max-image-preview:large, max-video-preview:-1\" \/>\n<link rel=\"canonical\" href=\"https:\/\/www.hotelpoliteama.com\/es\/ofertas-y-paquetes\/and-the-dinner-is\/\" \/>\n<meta property=\"og:locale\" content=\"es_ES\" \/>\n<meta property=\"og:type\" content=\"article\" \/>\n<meta property=\"og:title\" content=\"AND THE DINNER IS... - Hotel Politeama\" \/>\n<meta property=\"og:description\" content=\"Pasar unas vacaciones en una ciudad llena de vida y cultura como Palermo nunca ha sido tan simple y agradable. Qu\u00e9dese y cene en el Politeama con estilo. La oferta incluye: &#8211; Noche en el tipo de habitaci\u00f3n elegido \u00a0&#8211; Para empezar el d\u00eda todas las ma\u00f1anas un desayuno nutritivo y energ\u00e9tico servido en su [&hellip;]\" \/>\n<meta property=\"og:url\" content=\"https:\/\/www.hotelpoliteama.com\/es\/ofertas-y-paquetes\/and-the-dinner-is\/\" \/>\n<meta property=\"og:site_name\" content=\"Hotel Politeama\" \/>\n<meta property=\"article:modified_time\" content=\"2021-05-21T08:34:57+00:00\" \/>\n<meta name=\"twitter:card\" content=\"summary_large_image\" \/>\n<script type=\"application\/ld+json\" class=\"yoast-schema-graph\">{\"@context\":\"https:\/\/schema.org\",\"@graph\":[{\"@type\":\"WebPage\",\"@id\":\"https:\/\/www.hotelpoliteama.com\/es\/ofertas-y-paquetes\/and-the-dinner-is\/\",\"url\":\"https:\/\/www.hotelpoliteama.com\/es\/ofertas-y-paquetes\/and-the-dinner-is\/\",\"name\":\"AND THE DINNER IS... - Hotel Politeama\",\"isPartOf\":{\"@id\":\"https:\/\/www.hotelpoliteama.com\/es\/#website\"},\"datePublished\":\"2021-05-21T08:34:31+00:00\",\"dateModified\":\"2021-05-21T08:34:57+00:00\",\"breadcrumb\":{\"@id\":\"https:\/\/www.hotelpoliteama.com\/es\/ofertas-y-paquetes\/and-the-dinner-is\/#breadcrumb\"},\"inLanguage\":\"es\",\"potentialAction\":[{\"@type\":\"ReadAction\",\"target\":[\"https:\/\/www.hotelpoliteama.com\/es\/ofertas-y-paquetes\/and-the-dinner-is\/\"]}]},{\"@type\":\"BreadcrumbList\",\"@id\":\"https:\/\/www.hotelpoliteama.com\/es\/ofertas-y-paquetes\/and-the-dinner-is\/#breadcrumb\",\"itemListElement\":[{\"@type\":\"ListItem\",\"position\":1,\"name\":\"Home\",\"item\":\"https:\/\/www.hotelpoliteama.com\/es\/\"},{\"@type\":\"ListItem\",\"position\":2,\"name\":\"Ofertas y Paquetes\",\"item\":\"https:\/\/www.hotelpoliteama.com\/es\/ofertas-y-paquetes\/\"},{\"@type\":\"ListItem\",\"position\":3,\"name\":\"AND THE DINNER IS&#8230;\"}]},{\"@type\":\"WebSite\",\"@id\":\"https:\/\/www.hotelpoliteama.com\/es\/#website\",\"url\":\"https:\/\/www.hotelpoliteama.com\/es\/\",\"name\":\"Hotel Politeama\",\"description\":\"Ecco un altro sito ms.decms.eu\",\"potentialAction\":[{\"@type\":\"SearchAction\",\"target\":{\"@type\":\"EntryPoint\",\"urlTemplate\":\"https:\/\/www.hotelpoliteama.com\/es\/?s={search_term_string}\"},\"query-input\":{\"@type\":\"PropertyValueSpecification\",\"valueRequired\":true,\"valueName\":\"search_term_string\"}}],\"inLanguage\":\"es\"}]}<\/script>\n<!-- \/ Yoast SEO plugin. -->","yoast_head_json":{"title":"AND THE DINNER IS... - Hotel Politeama","robots":{"index":"index","follow":"follow","max-snippet":"max-snippet:-1","max-image-preview":"max-image-preview:large","max-video-preview":"max-video-preview:-1"},"canonical":"https:\/\/www.hotelpoliteama.com\/es\/ofertas-y-paquetes\/and-the-dinner-is\/","og_locale":"es_ES","og_type":"article","og_title":"AND THE DINNER IS... - Hotel Politeama","og_description":"Pasar unas vacaciones en una ciudad llena de vida y cultura como Palermo nunca ha sido tan simple y agradable. Qu\u00e9dese y cene en el Politeama con estilo. La oferta incluye: &#8211; Noche en el tipo de habitaci\u00f3n elegido \u00a0&#8211; Para empezar el d\u00eda todas las ma\u00f1anas un desayuno nutritivo y energ\u00e9tico servido en su [&hellip;]","og_url":"https:\/\/www.hotelpoliteama.com\/es\/ofertas-y-paquetes\/and-the-dinner-is\/","og_site_name":"Hotel Politeama","article_modified_time":"2021-05-21T08:34:57+00:00","twitter_card":"summary_large_image","schema":{"@context":"https:\/\/schema.org","@graph":[{"@type":"WebPage","@id":"https:\/\/www.hotelpoliteama.com\/es\/ofertas-y-paquetes\/and-the-dinner-is\/","url":"https:\/\/www.hotelpoliteama.com\/es\/ofertas-y-paquetes\/and-the-dinner-is\/","name":"AND THE DINNER IS... - Hotel Politeama","isPartOf":{"@id":"https:\/\/www.hotelpoliteama.com\/es\/#website"},"datePublished":"2021-05-21T08:34:31+00:00","dateModified":"2021-05-21T08:34:57+00:00","breadcrumb":{"@id":"https:\/\/www.hotelpoliteama.com\/es\/ofertas-y-paquetes\/and-the-dinner-is\/#breadcrumb"},"inLanguage":"es","potentialAction":[{"@type":"ReadAction","target":["https:\/\/www.hotelpoliteama.com\/es\/ofertas-y-paquetes\/and-the-dinner-is\/"]}]},{"@type":"BreadcrumbList","@id":"https:\/\/www.hotelpoliteama.com\/es\/ofertas-y-paquetes\/and-the-dinner-is\/#breadcrumb","itemListElement":[{"@type":"ListItem","position":1,"name":"Home","item":"https:\/\/www.hotelpoliteama.com\/es\/"},{"@type":"ListItem","position":2,"name":"Ofertas y Paquetes","item":"https:\/\/www.hotelpoliteama.com\/es\/ofertas-y-paquetes\/"},{"@type":"ListItem","position":3,"name":"AND THE DINNER IS&#8230;"}]},{"@type":"WebSite","@id":"https:\/\/www.hotelpoliteama.com\/es\/#website","url":"https:\/\/www.hotelpoliteama.com\/es\/","name":"Hotel Politeama","description":"Ecco un altro sito ms.decms.eu","potentialAction":[{"@type":"SearchAction","target":{"@type":"EntryPoint","urlTemplate":"https:\/\/www.hotelpoliteama.com\/es\/?s={search_term_string}"},"query-input":{"@type":"PropertyValueSpecification","valueRequired":true,"valueName":"search_term_string"}}],"inLanguage":"es"}]}},"acf":[],"_links":{"self":[{"href":"https:\/\/www.hotelpoliteama.com\/es\/wp-json\/wp\/v2\/pages\/895","targetHints":{"allow":["GET"]}}],"collection":[{"href":"https:\/\/www.hotelpoliteama.com\/es\/wp-json\/wp\/v2\/pages"}],"about":[{"href":"https:\/\/www.hotelpoliteama.com\/es\/wp-json\/wp\/v2\/types\/page"}],"author":[{"embeddable":true,"href":"https:\/\/www.hotelpoliteama.com\/es\/wp-json\/wp\/v2\/users\/106"}],"replies":[{"embeddable":true,"href":"https:\/\/www.hotelpoliteama.com\/es\/wp-json\/wp\/v2\/comments?post=895"}],"version-history":[{"count":0,"href":"https:\/\/www.hotelpoliteama.com\/es\/wp-json\/wp\/v2\/pages\/895\/revisions"}],"up":[{"embeddable":true,"href":"https:\/\/www.hotelpoliteama.com\/es\/wp-json\/wp\/v2\/pages\/614"}],"wp:attachment":[{"href":"https:\/\/www.hotelpoliteama.com\/es\/wp-json\/wp\/v2\/media?parent=895"}],"curies":[{"name":"wp","href":"https:\/\/api.w.org\/{rel}","templated":true}]}}