{"id":856,"date":"2021-02-12T10:45:32","date_gmt":"2021-02-12T09:45:32","guid":{"rendered":"https:\/\/www.hotelpoliteama.com\/?page_id=856"},"modified":"2021-02-12T10:45:32","modified_gmt":"2021-02-12T09:45:32","slug":"informacion-sobre-covid-19","status":"publish","type":"page","link":"https:\/\/www.hotelpoliteama.com\/es\/informacion-sobre-covid-19\/","title":{"rendered":"Informaci\u00f3n sobre Covid 19"},"content":{"rendered":"<div id=\"tw-container\" class=\"vk_c\" data-cp=\"1\" data-nnttsvi=\"1\" data-sm=\"1\" data-sugg-time=\"500\" data-sugg-url=\"https:\/\/clients1.google.com\/complete\/search\" data-uilc=\"it\">\n<div class=\"jhH5U\">\n<div id=\"tw-ob\" class=\"tw-src-ltr\">\n<div class=\"oSioSc\">\n<div id=\"tw-target\">\n<div id=\"kAz1tf\" class=\"g9WsWb\">\n<div id=\"tw-target-text-container\" class=\"tw-ta-container hide-focus-ring tw-nfl\">\n<pre id=\"tw-target-text\" class=\"tw-data-text tw-text-large XcVN5d tw-ta\" data-placeholder=\"Traduzione\"><span lang=\"es\">En Hotel Politeama, la seguridad y salud de nuestros hu\u00e9spedes y colaboradores son la prioridad. ahora m\u00e1s que nunca.\r\nPor eso, hemos hecho a\u00fan m\u00e1s cuidadosas nuestras pr\u00e1cticas de limpieza y hemos adoptado medidas espec\u00edficas\r\npara garantizarle una experiencia segura, \"limpia y desinfectada\".\r\n\r\nPara asegurarle eso, tomamos las siguientes medidas:\r\n\r\n\u2022 Ambientes saludables y seguros, gracias a la mayor limpieza y desinfecci\u00f3n de las \u00e1reas comunes,\r\n\r\n\u2022 Desinfecci\u00f3n de todas las habitaciones\r\n\r\n\u2022 Columnas con guantes y gel desinfectante disponibles en todas las \u00e1reas comunes\r\n\r\n\u2022 Desinfecci\u00f3n peri\u00f3dica de superficies (ascensores, pasamanos, manijas, interruptores, mandos a distancia, etc.)\r\n\r\n\u2022 M\u00e1scaras obligatorias para hu\u00e9spedes y personal en \u00e1reas p\u00fablicas\r\n\r\n\u2022 Pantalla de plexigl\u00e1s en la recepci\u00f3n\r\n\r\n\u2022 Pantalla de plexigl\u00e1s para el desayuno servido directamente por un empleado\r\n\r\n\u2022 Un metro de distancia entre una mesa y otra en la sala de desayunos \/ restaurante\r\n\r\n\u2022 C\u00f3digo QR para el men\u00fa del restaurante\r\n\r\n\u2022 Ropa de cama desinfectada y lavada a altas temperaturas\r\n\r\n\u2022 Nuestros colaboradores est\u00e1n constantemente capacitados e informados con actualizaciones diarias sobre las mejores pr\u00e1cticas de higiene.\r\n\r\n\r\nIntentamos estar cerca de ti en estos momentos dif\u00edciles, compartiendo la pasi\u00f3n por los viajes y so\u00f1ando con las vacaciones.<\/span><\/pre>\n<\/div>\n<div id=\"tw-target-rmn-container\" class=\"tw-ta-container hide-focus-ring tw-nfl\">\n<pre id=\"tw-target-rmn\" class=\"tw-data-placeholder tw-text-small tw-ta\" data-placeholder=\"\"><\/pre>\n<\/div>\n<div class=\"iYB33c\">\n<div class=\"dlJLJe\">\n<div data-cviv=\"false\" data-ved=\"2ahUKEwij0p6Ls-LuAhUGjhQKHWPmC6EQz_AEMAB6BAgBEA8\">\n<div class=\"U9URNb\"><\/div>\n<\/div>\n<\/div>\n<div id=\"tw-tmenu\" class=\"tw-menu\"><\/div>\n<\/div>\n<\/div>\n<\/div>\n<\/div>\n<\/div>\n<div id=\"tw-images\"><\/div>\n<div class=\"dURPtb\"><\/div>\n<div>\n<div><\/div>\n<\/div>\n<\/div>\n<\/div>\n<table class=\"di8g3 ChOqnd B88PGb\">\n<tbody>\n<tr>\n<td class=\"IXAuT\"><a id=\"tw-gtlink\" href=\"https:\/\/translate.google.com\/?rlz=1C1GCEA_enIT889IT889&amp;um=1&amp;ie=UTF-8&amp;hl=it&amp;client=tw-ob#en\/es\/At%20Hotel%20Politeama,%20the%20safety%20and%20health%20of%20our%20guest%20and%20our%20collaborators%20are%20the%20priority,%20now%20more%20than%20ever.%0ATherefore,%20we%20have%20made%20our%20cleaning%20practices%20even%20more%20careful%20and%20have%20adopted%20specific%20measures%0Ato%20guarantee%20you%20a%20safe,%20clean%20and%20sanitized%20experience.%0A%0ATo%20ensure%20you%20that,%20we%20take%20the%20following%20measures:%0A%0A%E2%80%A2%20Healthy%20and%20safe%20environments,%20thanks%20to%20the%20increased%20cleaning%20and%20disinfection%20of%20common%20areas,%0A%0A%E2%80%A2%20Disinfection%20of%20all%20rooms%0A%0A%E2%80%A2%20Columns%20with%20gloves%20and%20hand%20sanitizer%20gel%20available%20in%20all%20common%20areas%0A%0A%E2%80%A2%20Regular%20disinfection%20of%20surfaces%20(lifts,%20handrails,%20handles,%20switches,%20remote%20controls,%20etc.)%0A%0A%E2%80%A2%20Obligatory%20masks%20for%20guests%20and%20staff%20in%20public%20areas%0A%0A%E2%80%A2%20Plexiglas%20screen%20at%20reception%20desk%0A%0A%E2%80%A2%20Plexiglas%20screen%20for%20breakfast%20buffet%20served%20directly%20by%20an%20employee%0A%0A%E2%80%A2%20One%20meter%20distance%20between%20one%20table%20and%20another%20in%20the%20breakfast%20room%20\/%20restaurant%0A%0A%E2%80%A2%20QRcode%20for%20restaurant%20menu%0A%0A%E2%80%A2%20Sanitized%20linen%20and%20washed%20at%20high%20temperatures%0A%0A%E2%80%A2%20Our%20collaborators%20are%20constantly%20trained%20and%20informed%20with%20daily%20updates%20on%20best%20hygiene%20practice%0A%0A%0A%0A%0AWe%20try%20to%20be%20close%20to%20you%20in%20this%20hard%20time,%20sharing%20the%20passion%20for%20travel%20and%20dreaming%20about%20holidays.\">Apri in Google Traduttore<\/a><\/td>\n<\/tr>\n<\/tbody>\n<\/table>\n","protected":false},"excerpt":{"rendered":"<p>En Hotel Politeama, la seguridad y salud de nuestros hu\u00e9spedes y colaboradores son la prioridad. ahora m\u00e1s que nunca. Por eso, hemos hecho a\u00fan m\u00e1s cuidadosas nuestras pr\u00e1cticas de limpieza y hemos adoptado medidas espec\u00edficas para garantizarle una experiencia segura, \u00ablimpia y desinfectada\u00bb. Para asegurarle eso, tomamos las siguientes medidas: \u2022 Ambientes saludables y seguros, [&hellip;]<\/p>\n","protected":false},"author":106,"featured_media":0,"parent":0,"menu_order":0,"comment_status":"closed","ping_status":"closed","template":"","meta":{"footnotes":""},"class_list":["post-856","page","type-page","status-publish","hentry"],"yoast_head":"<!-- This site is optimized with the Yoast SEO plugin v26.9 - https:\/\/yoast.com\/product\/yoast-seo-wordpress\/ -->\n<title>Informaci\u00f3n sobre Covid 19 - Hotel Politeama<\/title>\n<meta name=\"robots\" content=\"index, follow, max-snippet:-1, max-image-preview:large, max-video-preview:-1\" \/>\n<link rel=\"canonical\" href=\"https:\/\/www.hotelpoliteama.com\/es\/informacion-sobre-covid-19\/\" \/>\n<meta property=\"og:locale\" content=\"es_ES\" \/>\n<meta property=\"og:type\" content=\"article\" \/>\n<meta property=\"og:title\" content=\"Informaci\u00f3n sobre Covid 19 - Hotel Politeama\" \/>\n<meta property=\"og:description\" content=\"En Hotel Politeama, la seguridad y salud de nuestros hu\u00e9spedes y colaboradores son la prioridad. ahora m\u00e1s que nunca. Por eso, hemos hecho a\u00fan m\u00e1s cuidadosas nuestras pr\u00e1cticas de limpieza y hemos adoptado medidas espec\u00edficas para garantizarle una experiencia segura, &quot;limpia y desinfectada&quot;. Para asegurarle eso, tomamos las siguientes medidas: \u2022 Ambientes saludables y seguros, [&hellip;]\" \/>\n<meta property=\"og:url\" content=\"https:\/\/www.hotelpoliteama.com\/es\/informacion-sobre-covid-19\/\" \/>\n<meta property=\"og:site_name\" content=\"Hotel Politeama\" \/>\n<meta name=\"twitter:card\" content=\"summary_large_image\" \/>\n<meta name=\"twitter:label1\" content=\"Tiempo de lectura\" \/>\n\t<meta name=\"twitter:data1\" content=\"1 minuto\" \/>\n<script type=\"application\/ld+json\" class=\"yoast-schema-graph\">{\"@context\":\"https:\/\/schema.org\",\"@graph\":[{\"@type\":\"WebPage\",\"@id\":\"https:\/\/www.hotelpoliteama.com\/es\/informacion-sobre-covid-19\/\",\"url\":\"https:\/\/www.hotelpoliteama.com\/es\/informacion-sobre-covid-19\/\",\"name\":\"Informaci\u00f3n sobre Covid 19 - Hotel Politeama\",\"isPartOf\":{\"@id\":\"https:\/\/www.hotelpoliteama.com\/es\/#website\"},\"datePublished\":\"2021-02-12T09:45:32+00:00\",\"breadcrumb\":{\"@id\":\"https:\/\/www.hotelpoliteama.com\/es\/informacion-sobre-covid-19\/#breadcrumb\"},\"inLanguage\":\"es\",\"potentialAction\":[{\"@type\":\"ReadAction\",\"target\":[\"https:\/\/www.hotelpoliteama.com\/es\/informacion-sobre-covid-19\/\"]}]},{\"@type\":\"BreadcrumbList\",\"@id\":\"https:\/\/www.hotelpoliteama.com\/es\/informacion-sobre-covid-19\/#breadcrumb\",\"itemListElement\":[{\"@type\":\"ListItem\",\"position\":1,\"name\":\"Home\",\"item\":\"https:\/\/www.hotelpoliteama.com\/es\/\"},{\"@type\":\"ListItem\",\"position\":2,\"name\":\"Informaci\u00f3n sobre Covid 19\"}]},{\"@type\":\"WebSite\",\"@id\":\"https:\/\/www.hotelpoliteama.com\/es\/#website\",\"url\":\"https:\/\/www.hotelpoliteama.com\/es\/\",\"name\":\"Hotel Politeama\",\"description\":\"Ecco un altro sito ms.decms.eu\",\"potentialAction\":[{\"@type\":\"SearchAction\",\"target\":{\"@type\":\"EntryPoint\",\"urlTemplate\":\"https:\/\/www.hotelpoliteama.com\/es\/?s={search_term_string}\"},\"query-input\":{\"@type\":\"PropertyValueSpecification\",\"valueRequired\":true,\"valueName\":\"search_term_string\"}}],\"inLanguage\":\"es\"}]}<\/script>\n<!-- \/ Yoast SEO plugin. -->","yoast_head_json":{"title":"Informaci\u00f3n sobre Covid 19 - Hotel Politeama","robots":{"index":"index","follow":"follow","max-snippet":"max-snippet:-1","max-image-preview":"max-image-preview:large","max-video-preview":"max-video-preview:-1"},"canonical":"https:\/\/www.hotelpoliteama.com\/es\/informacion-sobre-covid-19\/","og_locale":"es_ES","og_type":"article","og_title":"Informaci\u00f3n sobre Covid 19 - Hotel Politeama","og_description":"En Hotel Politeama, la seguridad y salud de nuestros hu\u00e9spedes y colaboradores son la prioridad. ahora m\u00e1s que nunca. Por eso, hemos hecho a\u00fan m\u00e1s cuidadosas nuestras pr\u00e1cticas de limpieza y hemos adoptado medidas espec\u00edficas para garantizarle una experiencia segura, \"limpia y desinfectada\". Para asegurarle eso, tomamos las siguientes medidas: \u2022 Ambientes saludables y seguros, [&hellip;]","og_url":"https:\/\/www.hotelpoliteama.com\/es\/informacion-sobre-covid-19\/","og_site_name":"Hotel Politeama","twitter_card":"summary_large_image","twitter_misc":{"Tiempo de lectura":"1 minuto"},"schema":{"@context":"https:\/\/schema.org","@graph":[{"@type":"WebPage","@id":"https:\/\/www.hotelpoliteama.com\/es\/informacion-sobre-covid-19\/","url":"https:\/\/www.hotelpoliteama.com\/es\/informacion-sobre-covid-19\/","name":"Informaci\u00f3n sobre Covid 19 - Hotel Politeama","isPartOf":{"@id":"https:\/\/www.hotelpoliteama.com\/es\/#website"},"datePublished":"2021-02-12T09:45:32+00:00","breadcrumb":{"@id":"https:\/\/www.hotelpoliteama.com\/es\/informacion-sobre-covid-19\/#breadcrumb"},"inLanguage":"es","potentialAction":[{"@type":"ReadAction","target":["https:\/\/www.hotelpoliteama.com\/es\/informacion-sobre-covid-19\/"]}]},{"@type":"BreadcrumbList","@id":"https:\/\/www.hotelpoliteama.com\/es\/informacion-sobre-covid-19\/#breadcrumb","itemListElement":[{"@type":"ListItem","position":1,"name":"Home","item":"https:\/\/www.hotelpoliteama.com\/es\/"},{"@type":"ListItem","position":2,"name":"Informaci\u00f3n sobre Covid 19"}]},{"@type":"WebSite","@id":"https:\/\/www.hotelpoliteama.com\/es\/#website","url":"https:\/\/www.hotelpoliteama.com\/es\/","name":"Hotel Politeama","description":"Ecco un altro sito ms.decms.eu","potentialAction":[{"@type":"SearchAction","target":{"@type":"EntryPoint","urlTemplate":"https:\/\/www.hotelpoliteama.com\/es\/?s={search_term_string}"},"query-input":{"@type":"PropertyValueSpecification","valueRequired":true,"valueName":"search_term_string"}}],"inLanguage":"es"}]}},"acf":[],"_links":{"self":[{"href":"https:\/\/www.hotelpoliteama.com\/es\/wp-json\/wp\/v2\/pages\/856","targetHints":{"allow":["GET"]}}],"collection":[{"href":"https:\/\/www.hotelpoliteama.com\/es\/wp-json\/wp\/v2\/pages"}],"about":[{"href":"https:\/\/www.hotelpoliteama.com\/es\/wp-json\/wp\/v2\/types\/page"}],"author":[{"embeddable":true,"href":"https:\/\/www.hotelpoliteama.com\/es\/wp-json\/wp\/v2\/users\/106"}],"replies":[{"embeddable":true,"href":"https:\/\/www.hotelpoliteama.com\/es\/wp-json\/wp\/v2\/comments?post=856"}],"version-history":[{"count":0,"href":"https:\/\/www.hotelpoliteama.com\/es\/wp-json\/wp\/v2\/pages\/856\/revisions"}],"wp:attachment":[{"href":"https:\/\/www.hotelpoliteama.com\/es\/wp-json\/wp\/v2\/media?parent=856"}],"curies":[{"name":"wp","href":"https:\/\/api.w.org\/{rel}","templated":true}]}}