{"id":815,"date":"2021-01-16T19:08:44","date_gmt":"2021-01-16T18:08:44","guid":{"rendered":"https:\/\/www.hotelpoliteama.com\/?page_id=815"},"modified":"2023-09-01T12:11:13","modified_gmt":"2023-09-01T10:11:13","slug":"restaurante","status":"publish","type":"page","link":"https:\/\/www.hotelpoliteama.com\/es\/gastronomia\/restaurante\/","title":{"rendered":"Restaurante"},"content":{"rendered":"<p>Con su ambiente sobrio y elegante, el restaurante Politeama ofrece a nuestros hu\u00e9spedes una cocina de alto nivel a cargo del Chef Giarraffa, que propone una selecci\u00f3n de platos tradicionales sicilianos e italianos que combinan sabor, sencillez y refinamiento.<\/p>\n<p>De 19:30 a 22:00 podr\u00e1 disfrutar de un men\u00fa con sabores aut\u00e9nticos elaborado con productos frescos de la zona, acompa\u00f1ado de una selecci\u00f3n de vinos sicilianos e italianos.<\/p>\n<p>Bajo pedido servimos productos sin gluten.<\/p>\n<p><span style=\"color: #ff0000\">Cont\u00e1ctenos para m\u00e1s informaci\u00f3n: +39091 322777 &#8211; <a style=\"color: #ff0000\" href=\"mailto:mail@hotelpoliteama.it\">mail@hotelpoliteama.it<\/a><\/span><\/p>\n","protected":false},"excerpt":{"rendered":"<p>Con su ambiente sobrio y elegante, el restaurante Politeama ofrece a nuestros hu\u00e9spedes una cocina de alto nivel a cargo del Chef Giarraffa, que propone una selecci\u00f3n de platos tradicionales sicilianos e italianos que combinan sabor, sencillez y refinamiento. De 19:30 a 22:00 podr\u00e1 disfrutar de un men\u00fa con sabores aut\u00e9nticos elaborado con productos frescos [&hellip;]<\/p>\n","protected":false},"author":106,"featured_media":0,"parent":922,"menu_order":10,"comment_status":"closed","ping_status":"closed","template":"","meta":{"footnotes":""},"class_list":["post-815","page","type-page","status-publish","hentry"],"yoast_head":"<!-- This site is optimized with the Yoast SEO plugin v26.9 - https:\/\/yoast.com\/product\/yoast-seo-wordpress\/ -->\n<title>Restaurante - Hotel Politeama<\/title>\n<meta name=\"robots\" content=\"index, follow, max-snippet:-1, max-image-preview:large, max-video-preview:-1\" \/>\n<link rel=\"canonical\" href=\"https:\/\/www.hotelpoliteama.com\/es\/gastronomia\/restaurante\/\" \/>\n<meta property=\"og:locale\" content=\"es_ES\" \/>\n<meta property=\"og:type\" content=\"article\" \/>\n<meta property=\"og:title\" content=\"Restaurante - Hotel Politeama\" \/>\n<meta property=\"og:description\" content=\"Con su ambiente sobrio y elegante, el restaurante Politeama ofrece a nuestros hu\u00e9spedes una cocina de alto nivel a cargo del Chef Giarraffa, que propone una selecci\u00f3n de platos tradicionales sicilianos e italianos que combinan sabor, sencillez y refinamiento. De 19:30 a 22:00 podr\u00e1 disfrutar de un men\u00fa con sabores aut\u00e9nticos elaborado con productos frescos [&hellip;]\" \/>\n<meta property=\"og:url\" content=\"https:\/\/www.hotelpoliteama.com\/es\/gastronomia\/restaurante\/\" \/>\n<meta property=\"og:site_name\" content=\"Hotel Politeama\" \/>\n<meta property=\"article:modified_time\" content=\"2023-09-01T10:11:13+00:00\" \/>\n<meta name=\"twitter:card\" content=\"summary_large_image\" \/>\n<script type=\"application\/ld+json\" class=\"yoast-schema-graph\">{\"@context\":\"https:\/\/schema.org\",\"@graph\":[{\"@type\":\"WebPage\",\"@id\":\"https:\/\/www.hotelpoliteama.com\/es\/gastronomia\/restaurante\/\",\"url\":\"https:\/\/www.hotelpoliteama.com\/es\/gastronomia\/restaurante\/\",\"name\":\"Restaurante - Hotel Politeama\",\"isPartOf\":{\"@id\":\"https:\/\/www.hotelpoliteama.com\/es\/#website\"},\"datePublished\":\"2021-01-16T18:08:44+00:00\",\"dateModified\":\"2023-09-01T10:11:13+00:00\",\"breadcrumb\":{\"@id\":\"https:\/\/www.hotelpoliteama.com\/es\/gastronomia\/restaurante\/#breadcrumb\"},\"inLanguage\":\"es\",\"potentialAction\":[{\"@type\":\"ReadAction\",\"target\":[\"https:\/\/www.hotelpoliteama.com\/es\/gastronomia\/restaurante\/\"]}]},{\"@type\":\"BreadcrumbList\",\"@id\":\"https:\/\/www.hotelpoliteama.com\/es\/gastronomia\/restaurante\/#breadcrumb\",\"itemListElement\":[{\"@type\":\"ListItem\",\"position\":1,\"name\":\"Home\",\"item\":\"https:\/\/www.hotelpoliteama.com\/es\/\"},{\"@type\":\"ListItem\",\"position\":2,\"name\":\"Gastronom\u00eda\",\"item\":\"https:\/\/www.hotelpoliteama.com\/es\/gastronomia\/\"},{\"@type\":\"ListItem\",\"position\":3,\"name\":\"Restaurante\"}]},{\"@type\":\"WebSite\",\"@id\":\"https:\/\/www.hotelpoliteama.com\/es\/#website\",\"url\":\"https:\/\/www.hotelpoliteama.com\/es\/\",\"name\":\"Hotel Politeama\",\"description\":\"Ecco un altro sito ms.decms.eu\",\"potentialAction\":[{\"@type\":\"SearchAction\",\"target\":{\"@type\":\"EntryPoint\",\"urlTemplate\":\"https:\/\/www.hotelpoliteama.com\/es\/?s={search_term_string}\"},\"query-input\":{\"@type\":\"PropertyValueSpecification\",\"valueRequired\":true,\"valueName\":\"search_term_string\"}}],\"inLanguage\":\"es\"}]}<\/script>\n<!-- \/ Yoast SEO plugin. -->","yoast_head_json":{"title":"Restaurante - Hotel Politeama","robots":{"index":"index","follow":"follow","max-snippet":"max-snippet:-1","max-image-preview":"max-image-preview:large","max-video-preview":"max-video-preview:-1"},"canonical":"https:\/\/www.hotelpoliteama.com\/es\/gastronomia\/restaurante\/","og_locale":"es_ES","og_type":"article","og_title":"Restaurante - Hotel Politeama","og_description":"Con su ambiente sobrio y elegante, el restaurante Politeama ofrece a nuestros hu\u00e9spedes una cocina de alto nivel a cargo del Chef Giarraffa, que propone una selecci\u00f3n de platos tradicionales sicilianos e italianos que combinan sabor, sencillez y refinamiento. De 19:30 a 22:00 podr\u00e1 disfrutar de un men\u00fa con sabores aut\u00e9nticos elaborado con productos frescos [&hellip;]","og_url":"https:\/\/www.hotelpoliteama.com\/es\/gastronomia\/restaurante\/","og_site_name":"Hotel Politeama","article_modified_time":"2023-09-01T10:11:13+00:00","twitter_card":"summary_large_image","schema":{"@context":"https:\/\/schema.org","@graph":[{"@type":"WebPage","@id":"https:\/\/www.hotelpoliteama.com\/es\/gastronomia\/restaurante\/","url":"https:\/\/www.hotelpoliteama.com\/es\/gastronomia\/restaurante\/","name":"Restaurante - Hotel Politeama","isPartOf":{"@id":"https:\/\/www.hotelpoliteama.com\/es\/#website"},"datePublished":"2021-01-16T18:08:44+00:00","dateModified":"2023-09-01T10:11:13+00:00","breadcrumb":{"@id":"https:\/\/www.hotelpoliteama.com\/es\/gastronomia\/restaurante\/#breadcrumb"},"inLanguage":"es","potentialAction":[{"@type":"ReadAction","target":["https:\/\/www.hotelpoliteama.com\/es\/gastronomia\/restaurante\/"]}]},{"@type":"BreadcrumbList","@id":"https:\/\/www.hotelpoliteama.com\/es\/gastronomia\/restaurante\/#breadcrumb","itemListElement":[{"@type":"ListItem","position":1,"name":"Home","item":"https:\/\/www.hotelpoliteama.com\/es\/"},{"@type":"ListItem","position":2,"name":"Gastronom\u00eda","item":"https:\/\/www.hotelpoliteama.com\/es\/gastronomia\/"},{"@type":"ListItem","position":3,"name":"Restaurante"}]},{"@type":"WebSite","@id":"https:\/\/www.hotelpoliteama.com\/es\/#website","url":"https:\/\/www.hotelpoliteama.com\/es\/","name":"Hotel Politeama","description":"Ecco un altro sito ms.decms.eu","potentialAction":[{"@type":"SearchAction","target":{"@type":"EntryPoint","urlTemplate":"https:\/\/www.hotelpoliteama.com\/es\/?s={search_term_string}"},"query-input":{"@type":"PropertyValueSpecification","valueRequired":true,"valueName":"search_term_string"}}],"inLanguage":"es"}]}},"acf":[],"_links":{"self":[{"href":"https:\/\/www.hotelpoliteama.com\/es\/wp-json\/wp\/v2\/pages\/815","targetHints":{"allow":["GET"]}}],"collection":[{"href":"https:\/\/www.hotelpoliteama.com\/es\/wp-json\/wp\/v2\/pages"}],"about":[{"href":"https:\/\/www.hotelpoliteama.com\/es\/wp-json\/wp\/v2\/types\/page"}],"author":[{"embeddable":true,"href":"https:\/\/www.hotelpoliteama.com\/es\/wp-json\/wp\/v2\/users\/106"}],"replies":[{"embeddable":true,"href":"https:\/\/www.hotelpoliteama.com\/es\/wp-json\/wp\/v2\/comments?post=815"}],"version-history":[{"count":0,"href":"https:\/\/www.hotelpoliteama.com\/es\/wp-json\/wp\/v2\/pages\/815\/revisions"}],"up":[{"embeddable":true,"href":"https:\/\/www.hotelpoliteama.com\/es\/wp-json\/wp\/v2\/pages\/922"}],"wp:attachment":[{"href":"https:\/\/www.hotelpoliteama.com\/es\/wp-json\/wp\/v2\/media?parent=815"}],"curies":[{"name":"wp","href":"https:\/\/api.w.org\/{rel}","templated":true}]}}