{"id":455,"date":"2019-12-11T11:54:56","date_gmt":"2019-12-11T10:54:56","guid":{"rendered":"http:\/\/hotelpoliteama.ms.decms.eu\/?page_id=455"},"modified":"2026-02-20T10:56:59","modified_gmt":"2026-02-20T09:56:59","slug":"tour-a-pie-para-descubrir-palermo","status":"publish","type":"page","link":"https:\/\/www.hotelpoliteama.com\/es\/experiencias\/tour-a-pie-para-descubrir-palermo\/","title":{"rendered":"Tour por Palermo con Conductor Privado"},"content":{"rendered":"<p data-start=\"3226\" data-end=\"3539\">Una experiencia exclusiva para descubrir Palermo con conductor privado.<\/p>\n<p data-start=\"3226\" data-end=\"3539\">Visite el <span class=\"hover:entity-accent entity-underline inline cursor-pointer align-baseline\"><span class=\"whitespace-normal\">Teatro Massimo<\/span><\/span>, la <span class=\"hover:entity-accent entity-underline inline cursor-pointer align-baseline\"><span class=\"whitespace-normal\">Catedral de Palermo<\/span><\/span>, los <span class=\"hover:entity-accent entity-underline inline cursor-pointer align-baseline\"><span class=\"whitespace-normal\">Quattro Canti<\/span><\/span> y el <span class=\"hover:entity-accent entity-underline inline cursor-pointer align-baseline\"><span class=\"whitespace-normal\">Palacio de los Normandos<\/span><\/span>.<\/p>\n<p data-start=\"3226\" data-end=\"3539\">Final en los mercados hist\u00f3ricos. Duraci\u00f3n: 6 u 8 horas.<\/p>\n<p>Llame al n\u00famero <span style=\"color: #ff0000\">+39 091322777<\/span> o cont\u00e1ctenos por correo electr\u00f3nico\u00a0<span style=\"color: #ff0000\"><a style=\"color: #ff0000\" href=\"mailto:mail@hotelpoliteama.it\">mail@hotelpoliteama.it<\/a><\/span><\/p>\n<p><strong>\u00a0<\/strong><\/p>\n","protected":false},"excerpt":{"rendered":"<p>Una experiencia exclusiva para descubrir Palermo con conductor privado. Visite el Teatro Massimo, la Catedral de Palermo, los Quattro Canti y el Palacio de los Normandos. Final en los mercados hist\u00f3ricos. Duraci\u00f3n: 6 u 8 horas. Llame al n\u00famero +39 091322777 o cont\u00e1ctenos por correo electr\u00f3nico\u00a0mail@hotelpoliteama.it \u00a0<\/p>\n","protected":false},"author":13,"featured_media":0,"parent":287,"menu_order":1,"comment_status":"closed","ping_status":"closed","template":"","meta":{"footnotes":""},"class_list":["post-455","page","type-page","status-publish","hentry"],"yoast_head":"<!-- This site is optimized with the Yoast SEO plugin v26.9 - https:\/\/yoast.com\/product\/yoast-seo-wordpress\/ -->\n<title>Tour por Palermo con Conductor Privado - Hotel Politeama<\/title>\n<meta name=\"robots\" content=\"index, follow, max-snippet:-1, max-image-preview:large, max-video-preview:-1\" \/>\n<link rel=\"canonical\" href=\"https:\/\/www.hotelpoliteama.com\/es\/experiencias\/tour-a-pie-para-descubrir-palermo\/\" \/>\n<meta property=\"og:locale\" content=\"es_ES\" \/>\n<meta property=\"og:type\" content=\"article\" \/>\n<meta property=\"og:title\" content=\"Tour por Palermo con Conductor Privado - Hotel Politeama\" \/>\n<meta property=\"og:description\" content=\"Una experiencia exclusiva para descubrir Palermo con conductor privado. Visite el Teatro Massimo, la Catedral de Palermo, los Quattro Canti y el Palacio de los Normandos. Final en los mercados hist\u00f3ricos. Duraci\u00f3n: 6 u 8 horas. Llame al n\u00famero +39 091322777 o cont\u00e1ctenos por correo electr\u00f3nico\u00a0mail@hotelpoliteama.it \u00a0\" \/>\n<meta property=\"og:url\" content=\"https:\/\/www.hotelpoliteama.com\/es\/experiencias\/tour-a-pie-para-descubrir-palermo\/\" \/>\n<meta property=\"og:site_name\" content=\"Hotel Politeama\" \/>\n<meta property=\"article:modified_time\" content=\"2026-02-20T09:56:59+00:00\" \/>\n<meta name=\"twitter:card\" content=\"summary_large_image\" \/>\n<meta name=\"twitter:label1\" content=\"Tiempo de lectura\" \/>\n\t<meta name=\"twitter:data1\" content=\"1 minuto\" \/>\n<script type=\"application\/ld+json\" class=\"yoast-schema-graph\">{\"@context\":\"https:\/\/schema.org\",\"@graph\":[{\"@type\":\"WebPage\",\"@id\":\"https:\/\/www.hotelpoliteama.com\/es\/experiencias\/tour-a-pie-para-descubrir-palermo\/\",\"url\":\"https:\/\/www.hotelpoliteama.com\/es\/experiencias\/tour-a-pie-para-descubrir-palermo\/\",\"name\":\"Tour por Palermo con Conductor Privado - Hotel Politeama\",\"isPartOf\":{\"@id\":\"https:\/\/www.hotelpoliteama.com\/es\/#website\"},\"datePublished\":\"2019-12-11T10:54:56+00:00\",\"dateModified\":\"2026-02-20T09:56:59+00:00\",\"breadcrumb\":{\"@id\":\"https:\/\/www.hotelpoliteama.com\/es\/experiencias\/tour-a-pie-para-descubrir-palermo\/#breadcrumb\"},\"inLanguage\":\"es\",\"potentialAction\":[{\"@type\":\"ReadAction\",\"target\":[\"https:\/\/www.hotelpoliteama.com\/es\/experiencias\/tour-a-pie-para-descubrir-palermo\/\"]}]},{\"@type\":\"BreadcrumbList\",\"@id\":\"https:\/\/www.hotelpoliteama.com\/es\/experiencias\/tour-a-pie-para-descubrir-palermo\/#breadcrumb\",\"itemListElement\":[{\"@type\":\"ListItem\",\"position\":1,\"name\":\"Home\",\"item\":\"https:\/\/www.hotelpoliteama.com\/es\/\"},{\"@type\":\"ListItem\",\"position\":2,\"name\":\"Experiencias\",\"item\":\"https:\/\/www.hotelpoliteama.com\/es\/experiencias\/\"},{\"@type\":\"ListItem\",\"position\":3,\"name\":\"Tour por Palermo con Conductor Privado\"}]},{\"@type\":\"WebSite\",\"@id\":\"https:\/\/www.hotelpoliteama.com\/es\/#website\",\"url\":\"https:\/\/www.hotelpoliteama.com\/es\/\",\"name\":\"Hotel Politeama\",\"description\":\"Ecco un altro sito ms.decms.eu\",\"potentialAction\":[{\"@type\":\"SearchAction\",\"target\":{\"@type\":\"EntryPoint\",\"urlTemplate\":\"https:\/\/www.hotelpoliteama.com\/es\/?s={search_term_string}\"},\"query-input\":{\"@type\":\"PropertyValueSpecification\",\"valueRequired\":true,\"valueName\":\"search_term_string\"}}],\"inLanguage\":\"es\"}]}<\/script>\n<!-- \/ Yoast SEO plugin. -->","yoast_head_json":{"title":"Tour por Palermo con Conductor Privado - Hotel Politeama","robots":{"index":"index","follow":"follow","max-snippet":"max-snippet:-1","max-image-preview":"max-image-preview:large","max-video-preview":"max-video-preview:-1"},"canonical":"https:\/\/www.hotelpoliteama.com\/es\/experiencias\/tour-a-pie-para-descubrir-palermo\/","og_locale":"es_ES","og_type":"article","og_title":"Tour por Palermo con Conductor Privado - Hotel Politeama","og_description":"Una experiencia exclusiva para descubrir Palermo con conductor privado. Visite el Teatro Massimo, la Catedral de Palermo, los Quattro Canti y el Palacio de los Normandos. Final en los mercados hist\u00f3ricos. Duraci\u00f3n: 6 u 8 horas. Llame al n\u00famero +39 091322777 o cont\u00e1ctenos por correo electr\u00f3nico\u00a0mail@hotelpoliteama.it \u00a0","og_url":"https:\/\/www.hotelpoliteama.com\/es\/experiencias\/tour-a-pie-para-descubrir-palermo\/","og_site_name":"Hotel Politeama","article_modified_time":"2026-02-20T09:56:59+00:00","twitter_card":"summary_large_image","twitter_misc":{"Tiempo de lectura":"1 minuto"},"schema":{"@context":"https:\/\/schema.org","@graph":[{"@type":"WebPage","@id":"https:\/\/www.hotelpoliteama.com\/es\/experiencias\/tour-a-pie-para-descubrir-palermo\/","url":"https:\/\/www.hotelpoliteama.com\/es\/experiencias\/tour-a-pie-para-descubrir-palermo\/","name":"Tour por Palermo con Conductor Privado - Hotel Politeama","isPartOf":{"@id":"https:\/\/www.hotelpoliteama.com\/es\/#website"},"datePublished":"2019-12-11T10:54:56+00:00","dateModified":"2026-02-20T09:56:59+00:00","breadcrumb":{"@id":"https:\/\/www.hotelpoliteama.com\/es\/experiencias\/tour-a-pie-para-descubrir-palermo\/#breadcrumb"},"inLanguage":"es","potentialAction":[{"@type":"ReadAction","target":["https:\/\/www.hotelpoliteama.com\/es\/experiencias\/tour-a-pie-para-descubrir-palermo\/"]}]},{"@type":"BreadcrumbList","@id":"https:\/\/www.hotelpoliteama.com\/es\/experiencias\/tour-a-pie-para-descubrir-palermo\/#breadcrumb","itemListElement":[{"@type":"ListItem","position":1,"name":"Home","item":"https:\/\/www.hotelpoliteama.com\/es\/"},{"@type":"ListItem","position":2,"name":"Experiencias","item":"https:\/\/www.hotelpoliteama.com\/es\/experiencias\/"},{"@type":"ListItem","position":3,"name":"Tour por Palermo con Conductor Privado"}]},{"@type":"WebSite","@id":"https:\/\/www.hotelpoliteama.com\/es\/#website","url":"https:\/\/www.hotelpoliteama.com\/es\/","name":"Hotel Politeama","description":"Ecco un altro sito ms.decms.eu","potentialAction":[{"@type":"SearchAction","target":{"@type":"EntryPoint","urlTemplate":"https:\/\/www.hotelpoliteama.com\/es\/?s={search_term_string}"},"query-input":{"@type":"PropertyValueSpecification","valueRequired":true,"valueName":"search_term_string"}}],"inLanguage":"es"}]}},"acf":[],"_links":{"self":[{"href":"https:\/\/www.hotelpoliteama.com\/es\/wp-json\/wp\/v2\/pages\/455","targetHints":{"allow":["GET"]}}],"collection":[{"href":"https:\/\/www.hotelpoliteama.com\/es\/wp-json\/wp\/v2\/pages"}],"about":[{"href":"https:\/\/www.hotelpoliteama.com\/es\/wp-json\/wp\/v2\/types\/page"}],"author":[{"embeddable":true,"href":"https:\/\/www.hotelpoliteama.com\/es\/wp-json\/wp\/v2\/users\/13"}],"replies":[{"embeddable":true,"href":"https:\/\/www.hotelpoliteama.com\/es\/wp-json\/wp\/v2\/comments?post=455"}],"version-history":[{"count":0,"href":"https:\/\/www.hotelpoliteama.com\/es\/wp-json\/wp\/v2\/pages\/455\/revisions"}],"up":[{"embeddable":true,"href":"https:\/\/www.hotelpoliteama.com\/es\/wp-json\/wp\/v2\/pages\/287"}],"wp:attachment":[{"href":"https:\/\/www.hotelpoliteama.com\/es\/wp-json\/wp\/v2\/media?parent=455"}],"curies":[{"name":"wp","href":"https:\/\/api.w.org\/{rel}","templated":true}]}}