{"id":307,"date":"2019-12-02T16:14:59","date_gmt":"2019-12-02T15:14:59","guid":{"rendered":"http:\/\/hotelpoliteama.ms.decms.eu\/?page_id=307"},"modified":"2021-03-05T10:32:18","modified_gmt":"2021-03-05T09:32:18","slug":"corporate","status":"publish","type":"page","link":"https:\/\/www.hotelpoliteama.com\/es\/corporate\/","title":{"rendered":"Corporate"},"content":{"rendered":"<p>El Hotel Politeama ofrece tarifas preferenciales a empresas, aut\u00f3nomos, organismos y organizaciones en general que utilizan nuestros servicios de manera continua, sin tener que garantizar un n\u00famero m\u00ednimo de pernoctaciones de la propia empresa.<\/p>\n<p>&nbsp;<\/p>\n<p>POR QU\u00c9 CONVENIR DE ACUERDO CON EL HOTEL POLITEAMA<\/p>\n<ul>\n<li>Ubicaci\u00f3n<\/li>\n<li>Recepci\u00f3n 24h<\/li>\n<li>Desayuno disponible desde las 7 a.m.<\/li>\n<li>Restaurante<\/li>\n<li>Servicio de habitaci\u00f3n<\/li>\n<li>Sala de reuniones<\/li>\n<li>Catering<\/li>\n<li>Gimnasio<\/li>\n<li>Conexi\u00f3n a Internet wifi de alta velocidad en todas las habitaciones y \u00e1reas comunes.<\/li>\n<li>Habitaciones equipadas con todas las comodidades: wifi gratuito, hervidor de agua, TV de pantalla plana, aire acondicionado, tel\u00e9fono, armario, minibar, secador de cabellos, ventanas insonorizadas.<\/li>\n<li>Estacionamiento con descuento<\/li>\n<li>Servicio de lavander\u00eda con entrega en 24h.<\/li>\n<li>Shuttle Bus: traslados privados desde \/ hacia el aeropuerto de Palermo, la Estaci\u00f3n Central, Catania y otros.<\/li>\n<\/ul>\n","protected":false},"excerpt":{"rendered":"<p>El Hotel Politeama ofrece tarifas preferenciales a empresas, aut\u00f3nomos, organismos y organizaciones en general que utilizan nuestros servicios de manera continua, sin tener que garantizar un n\u00famero m\u00ednimo de pernoctaciones de la propia empresa. &nbsp; POR QU\u00c9 CONVENIR DE ACUERDO CON EL HOTEL POLITEAMA Ubicaci\u00f3n Recepci\u00f3n 24h Desayuno disponible desde las 7 a.m. Restaurante Servicio [&hellip;]<\/p>\n","protected":false},"author":13,"featured_media":0,"parent":0,"menu_order":90,"comment_status":"closed","ping_status":"closed","template":"","meta":{"footnotes":""},"class_list":["post-307","page","type-page","status-publish","hentry"],"yoast_head":"<!-- This site is optimized with the Yoast SEO plugin v26.9 - https:\/\/yoast.com\/product\/yoast-seo-wordpress\/ -->\n<title>Corporate - Hotel Politeama<\/title>\n<meta name=\"robots\" content=\"index, follow, max-snippet:-1, max-image-preview:large, max-video-preview:-1\" \/>\n<link rel=\"canonical\" href=\"https:\/\/www.hotelpoliteama.com\/es\/corporate\/\" \/>\n<meta property=\"og:locale\" content=\"es_ES\" \/>\n<meta property=\"og:type\" content=\"article\" \/>\n<meta property=\"og:title\" content=\"Corporate - Hotel Politeama\" \/>\n<meta property=\"og:description\" content=\"El Hotel Politeama ofrece tarifas preferenciales a empresas, aut\u00f3nomos, organismos y organizaciones en general que utilizan nuestros servicios de manera continua, sin tener que garantizar un n\u00famero m\u00ednimo de pernoctaciones de la propia empresa. &nbsp; POR QU\u00c9 CONVENIR DE ACUERDO CON EL HOTEL POLITEAMA Ubicaci\u00f3n Recepci\u00f3n 24h Desayuno disponible desde las 7 a.m. Restaurante Servicio [&hellip;]\" \/>\n<meta property=\"og:url\" content=\"https:\/\/www.hotelpoliteama.com\/es\/corporate\/\" \/>\n<meta property=\"og:site_name\" content=\"Hotel Politeama\" \/>\n<meta property=\"article:modified_time\" content=\"2021-03-05T09:32:18+00:00\" \/>\n<meta name=\"twitter:card\" content=\"summary_large_image\" \/>\n<meta name=\"twitter:label1\" content=\"Tiempo de lectura\" \/>\n\t<meta name=\"twitter:data1\" content=\"1 minuto\" \/>\n<script type=\"application\/ld+json\" class=\"yoast-schema-graph\">{\"@context\":\"https:\/\/schema.org\",\"@graph\":[{\"@type\":\"WebPage\",\"@id\":\"https:\/\/www.hotelpoliteama.com\/es\/corporate\/\",\"url\":\"https:\/\/www.hotelpoliteama.com\/es\/corporate\/\",\"name\":\"Corporate - Hotel Politeama\",\"isPartOf\":{\"@id\":\"https:\/\/www.hotelpoliteama.com\/es\/#website\"},\"datePublished\":\"2019-12-02T15:14:59+00:00\",\"dateModified\":\"2021-03-05T09:32:18+00:00\",\"breadcrumb\":{\"@id\":\"https:\/\/www.hotelpoliteama.com\/es\/corporate\/#breadcrumb\"},\"inLanguage\":\"es\",\"potentialAction\":[{\"@type\":\"ReadAction\",\"target\":[\"https:\/\/www.hotelpoliteama.com\/es\/corporate\/\"]}]},{\"@type\":\"BreadcrumbList\",\"@id\":\"https:\/\/www.hotelpoliteama.com\/es\/corporate\/#breadcrumb\",\"itemListElement\":[{\"@type\":\"ListItem\",\"position\":1,\"name\":\"Home\",\"item\":\"https:\/\/www.hotelpoliteama.com\/es\/\"},{\"@type\":\"ListItem\",\"position\":2,\"name\":\"Corporate\"}]},{\"@type\":\"WebSite\",\"@id\":\"https:\/\/www.hotelpoliteama.com\/es\/#website\",\"url\":\"https:\/\/www.hotelpoliteama.com\/es\/\",\"name\":\"Hotel Politeama\",\"description\":\"Ecco un altro sito ms.decms.eu\",\"potentialAction\":[{\"@type\":\"SearchAction\",\"target\":{\"@type\":\"EntryPoint\",\"urlTemplate\":\"https:\/\/www.hotelpoliteama.com\/es\/?s={search_term_string}\"},\"query-input\":{\"@type\":\"PropertyValueSpecification\",\"valueRequired\":true,\"valueName\":\"search_term_string\"}}],\"inLanguage\":\"es\"}]}<\/script>\n<!-- \/ Yoast SEO plugin. -->","yoast_head_json":{"title":"Corporate - Hotel Politeama","robots":{"index":"index","follow":"follow","max-snippet":"max-snippet:-1","max-image-preview":"max-image-preview:large","max-video-preview":"max-video-preview:-1"},"canonical":"https:\/\/www.hotelpoliteama.com\/es\/corporate\/","og_locale":"es_ES","og_type":"article","og_title":"Corporate - Hotel Politeama","og_description":"El Hotel Politeama ofrece tarifas preferenciales a empresas, aut\u00f3nomos, organismos y organizaciones en general que utilizan nuestros servicios de manera continua, sin tener que garantizar un n\u00famero m\u00ednimo de pernoctaciones de la propia empresa. &nbsp; POR QU\u00c9 CONVENIR DE ACUERDO CON EL HOTEL POLITEAMA Ubicaci\u00f3n Recepci\u00f3n 24h Desayuno disponible desde las 7 a.m. Restaurante Servicio [&hellip;]","og_url":"https:\/\/www.hotelpoliteama.com\/es\/corporate\/","og_site_name":"Hotel Politeama","article_modified_time":"2021-03-05T09:32:18+00:00","twitter_card":"summary_large_image","twitter_misc":{"Tiempo de lectura":"1 minuto"},"schema":{"@context":"https:\/\/schema.org","@graph":[{"@type":"WebPage","@id":"https:\/\/www.hotelpoliteama.com\/es\/corporate\/","url":"https:\/\/www.hotelpoliteama.com\/es\/corporate\/","name":"Corporate - Hotel Politeama","isPartOf":{"@id":"https:\/\/www.hotelpoliteama.com\/es\/#website"},"datePublished":"2019-12-02T15:14:59+00:00","dateModified":"2021-03-05T09:32:18+00:00","breadcrumb":{"@id":"https:\/\/www.hotelpoliteama.com\/es\/corporate\/#breadcrumb"},"inLanguage":"es","potentialAction":[{"@type":"ReadAction","target":["https:\/\/www.hotelpoliteama.com\/es\/corporate\/"]}]},{"@type":"BreadcrumbList","@id":"https:\/\/www.hotelpoliteama.com\/es\/corporate\/#breadcrumb","itemListElement":[{"@type":"ListItem","position":1,"name":"Home","item":"https:\/\/www.hotelpoliteama.com\/es\/"},{"@type":"ListItem","position":2,"name":"Corporate"}]},{"@type":"WebSite","@id":"https:\/\/www.hotelpoliteama.com\/es\/#website","url":"https:\/\/www.hotelpoliteama.com\/es\/","name":"Hotel Politeama","description":"Ecco un altro sito ms.decms.eu","potentialAction":[{"@type":"SearchAction","target":{"@type":"EntryPoint","urlTemplate":"https:\/\/www.hotelpoliteama.com\/es\/?s={search_term_string}"},"query-input":{"@type":"PropertyValueSpecification","valueRequired":true,"valueName":"search_term_string"}}],"inLanguage":"es"}]}},"acf":[],"_links":{"self":[{"href":"https:\/\/www.hotelpoliteama.com\/es\/wp-json\/wp\/v2\/pages\/307","targetHints":{"allow":["GET"]}}],"collection":[{"href":"https:\/\/www.hotelpoliteama.com\/es\/wp-json\/wp\/v2\/pages"}],"about":[{"href":"https:\/\/www.hotelpoliteama.com\/es\/wp-json\/wp\/v2\/types\/page"}],"author":[{"embeddable":true,"href":"https:\/\/www.hotelpoliteama.com\/es\/wp-json\/wp\/v2\/users\/13"}],"replies":[{"embeddable":true,"href":"https:\/\/www.hotelpoliteama.com\/es\/wp-json\/wp\/v2\/comments?post=307"}],"version-history":[{"count":0,"href":"https:\/\/www.hotelpoliteama.com\/es\/wp-json\/wp\/v2\/pages\/307\/revisions"}],"wp:attachment":[{"href":"https:\/\/www.hotelpoliteama.com\/es\/wp-json\/wp\/v2\/media?parent=307"}],"curies":[{"name":"wp","href":"https:\/\/api.w.org\/{rel}","templated":true}]}}