{"id":304,"date":"2019-12-02T16:12:40","date_gmt":"2019-12-02T15:12:40","guid":{"rendered":"http:\/\/hotelpoliteama.ms.decms.eu\/?page_id=304"},"modified":"2019-12-02T16:12:40","modified_gmt":"2019-12-02T15:12:40","slug":"sala-de-reunion","status":"publish","type":"page","link":"https:\/\/www.hotelpoliteama.com\/es\/servicios\/sala-de-reunion\/","title":{"rendered":"Sala de reuni\u00f3n"},"content":{"rendered":"<p>Gracias a su ubicaci\u00f3n central, a solo unos pasos de la parada de autob\u00fas al aeropuerto, las salas de reuniones del Hotel Politeama son la soluci\u00f3n perfecta para reuniones de negocios, conferencias, cursos de capacitaci\u00f3n, eventos y convenciones en Palermo. Sus dos grandes salas de reuniones, con 50 y 100 asientos respectivamente, est\u00e1n equipadas con tecnolog\u00edas modernas y funcionales.<\/p>\n<p>Entre los servicios, el hotel ofrece la cafeter\u00eda del hotel para pausas para el caf\u00e9, almuerzos ligeros y la profesionalidad del personal para el soporte t\u00e9cnico en el uso del equipo.<\/p>\n<p>&nbsp;<\/p>\n<p><strong>Equipamiento t\u00e9cnico:<\/strong> pantalla retr\u00e1ctil, videoproyector, reproductor de DVD, sistema de amplificaci\u00f3n de sonido, WiFi<\/p>\n<p><strong>Servicios adicionales:<\/strong> Mostrador de bienvenido &#8211; Servicios de secretar\u00eda &#8211; Servicios de traducci\u00f3n &#8211; Soporte t\u00e9cnico<\/p>\n<p><strong>Alimentos y bebidas:<\/strong> pausa para el caf\u00e9 &#8211; almuerzo ligero tipo buffet o servido &#8211; c\u00f3cteles &#8211; aperitivos reforzados.<\/p>\n","protected":false},"excerpt":{"rendered":"<p>Gracias a su ubicaci\u00f3n central, a solo unos pasos de la parada de autob\u00fas al aeropuerto, las salas de reuniones del Hotel Politeama son la soluci\u00f3n perfecta para reuniones de negocios, conferencias, cursos de capacitaci\u00f3n, eventos y convenciones en Palermo. Sus dos grandes salas de reuniones, con 50 y 100 asientos respectivamente, est\u00e1n equipadas con [&hellip;]<\/p>\n","protected":false},"author":13,"featured_media":0,"parent":299,"menu_order":40,"comment_status":"closed","ping_status":"closed","template":"","meta":{"footnotes":""},"class_list":["post-304","page","type-page","status-publish","hentry"],"yoast_head":"<!-- This site is optimized with the Yoast SEO plugin v26.9 - https:\/\/yoast.com\/product\/yoast-seo-wordpress\/ -->\n<title>Sala de reuni\u00f3n - Hotel Politeama<\/title>\n<meta name=\"robots\" content=\"index, follow, max-snippet:-1, max-image-preview:large, max-video-preview:-1\" \/>\n<link rel=\"canonical\" href=\"https:\/\/www.hotelpoliteama.com\/es\/servicios\/sala-de-reunion\/\" \/>\n<meta property=\"og:locale\" content=\"es_ES\" \/>\n<meta property=\"og:type\" content=\"article\" \/>\n<meta property=\"og:title\" content=\"Sala de reuni\u00f3n - Hotel Politeama\" \/>\n<meta property=\"og:description\" content=\"Gracias a su ubicaci\u00f3n central, a solo unos pasos de la parada de autob\u00fas al aeropuerto, las salas de reuniones del Hotel Politeama son la soluci\u00f3n perfecta para reuniones de negocios, conferencias, cursos de capacitaci\u00f3n, eventos y convenciones en Palermo. Sus dos grandes salas de reuniones, con 50 y 100 asientos respectivamente, est\u00e1n equipadas con [&hellip;]\" \/>\n<meta property=\"og:url\" content=\"https:\/\/www.hotelpoliteama.com\/es\/servicios\/sala-de-reunion\/\" \/>\n<meta property=\"og:site_name\" content=\"Hotel Politeama\" \/>\n<meta name=\"twitter:card\" content=\"summary_large_image\" \/>\n<meta name=\"twitter:label1\" content=\"Tiempo de lectura\" \/>\n\t<meta name=\"twitter:data1\" content=\"1 minuto\" \/>\n<script type=\"application\/ld+json\" class=\"yoast-schema-graph\">{\"@context\":\"https:\/\/schema.org\",\"@graph\":[{\"@type\":\"WebPage\",\"@id\":\"https:\/\/www.hotelpoliteama.com\/es\/servicios\/sala-de-reunion\/\",\"url\":\"https:\/\/www.hotelpoliteama.com\/es\/servicios\/sala-de-reunion\/\",\"name\":\"Sala de reuni\u00f3n - Hotel Politeama\",\"isPartOf\":{\"@id\":\"https:\/\/www.hotelpoliteama.com\/es\/#website\"},\"datePublished\":\"2019-12-02T15:12:40+00:00\",\"breadcrumb\":{\"@id\":\"https:\/\/www.hotelpoliteama.com\/es\/servicios\/sala-de-reunion\/#breadcrumb\"},\"inLanguage\":\"es\",\"potentialAction\":[{\"@type\":\"ReadAction\",\"target\":[\"https:\/\/www.hotelpoliteama.com\/es\/servicios\/sala-de-reunion\/\"]}]},{\"@type\":\"BreadcrumbList\",\"@id\":\"https:\/\/www.hotelpoliteama.com\/es\/servicios\/sala-de-reunion\/#breadcrumb\",\"itemListElement\":[{\"@type\":\"ListItem\",\"position\":1,\"name\":\"Home\",\"item\":\"https:\/\/www.hotelpoliteama.com\/es\/\"},{\"@type\":\"ListItem\",\"position\":2,\"name\":\"Servicios\",\"item\":\"https:\/\/www.hotelpoliteama.com\/es\/servicios\/\"},{\"@type\":\"ListItem\",\"position\":3,\"name\":\"Sala de reuni\u00f3n\"}]},{\"@type\":\"WebSite\",\"@id\":\"https:\/\/www.hotelpoliteama.com\/es\/#website\",\"url\":\"https:\/\/www.hotelpoliteama.com\/es\/\",\"name\":\"Hotel Politeama\",\"description\":\"Ecco un altro sito ms.decms.eu\",\"potentialAction\":[{\"@type\":\"SearchAction\",\"target\":{\"@type\":\"EntryPoint\",\"urlTemplate\":\"https:\/\/www.hotelpoliteama.com\/es\/?s={search_term_string}\"},\"query-input\":{\"@type\":\"PropertyValueSpecification\",\"valueRequired\":true,\"valueName\":\"search_term_string\"}}],\"inLanguage\":\"es\"}]}<\/script>\n<!-- \/ Yoast SEO plugin. -->","yoast_head_json":{"title":"Sala de reuni\u00f3n - Hotel Politeama","robots":{"index":"index","follow":"follow","max-snippet":"max-snippet:-1","max-image-preview":"max-image-preview:large","max-video-preview":"max-video-preview:-1"},"canonical":"https:\/\/www.hotelpoliteama.com\/es\/servicios\/sala-de-reunion\/","og_locale":"es_ES","og_type":"article","og_title":"Sala de reuni\u00f3n - Hotel Politeama","og_description":"Gracias a su ubicaci\u00f3n central, a solo unos pasos de la parada de autob\u00fas al aeropuerto, las salas de reuniones del Hotel Politeama son la soluci\u00f3n perfecta para reuniones de negocios, conferencias, cursos de capacitaci\u00f3n, eventos y convenciones en Palermo. Sus dos grandes salas de reuniones, con 50 y 100 asientos respectivamente, est\u00e1n equipadas con [&hellip;]","og_url":"https:\/\/www.hotelpoliteama.com\/es\/servicios\/sala-de-reunion\/","og_site_name":"Hotel Politeama","twitter_card":"summary_large_image","twitter_misc":{"Tiempo de lectura":"1 minuto"},"schema":{"@context":"https:\/\/schema.org","@graph":[{"@type":"WebPage","@id":"https:\/\/www.hotelpoliteama.com\/es\/servicios\/sala-de-reunion\/","url":"https:\/\/www.hotelpoliteama.com\/es\/servicios\/sala-de-reunion\/","name":"Sala de reuni\u00f3n - Hotel Politeama","isPartOf":{"@id":"https:\/\/www.hotelpoliteama.com\/es\/#website"},"datePublished":"2019-12-02T15:12:40+00:00","breadcrumb":{"@id":"https:\/\/www.hotelpoliteama.com\/es\/servicios\/sala-de-reunion\/#breadcrumb"},"inLanguage":"es","potentialAction":[{"@type":"ReadAction","target":["https:\/\/www.hotelpoliteama.com\/es\/servicios\/sala-de-reunion\/"]}]},{"@type":"BreadcrumbList","@id":"https:\/\/www.hotelpoliteama.com\/es\/servicios\/sala-de-reunion\/#breadcrumb","itemListElement":[{"@type":"ListItem","position":1,"name":"Home","item":"https:\/\/www.hotelpoliteama.com\/es\/"},{"@type":"ListItem","position":2,"name":"Servicios","item":"https:\/\/www.hotelpoliteama.com\/es\/servicios\/"},{"@type":"ListItem","position":3,"name":"Sala de reuni\u00f3n"}]},{"@type":"WebSite","@id":"https:\/\/www.hotelpoliteama.com\/es\/#website","url":"https:\/\/www.hotelpoliteama.com\/es\/","name":"Hotel Politeama","description":"Ecco un altro sito ms.decms.eu","potentialAction":[{"@type":"SearchAction","target":{"@type":"EntryPoint","urlTemplate":"https:\/\/www.hotelpoliteama.com\/es\/?s={search_term_string}"},"query-input":{"@type":"PropertyValueSpecification","valueRequired":true,"valueName":"search_term_string"}}],"inLanguage":"es"}]}},"acf":[],"_links":{"self":[{"href":"https:\/\/www.hotelpoliteama.com\/es\/wp-json\/wp\/v2\/pages\/304","targetHints":{"allow":["GET"]}}],"collection":[{"href":"https:\/\/www.hotelpoliteama.com\/es\/wp-json\/wp\/v2\/pages"}],"about":[{"href":"https:\/\/www.hotelpoliteama.com\/es\/wp-json\/wp\/v2\/types\/page"}],"author":[{"embeddable":true,"href":"https:\/\/www.hotelpoliteama.com\/es\/wp-json\/wp\/v2\/users\/13"}],"replies":[{"embeddable":true,"href":"https:\/\/www.hotelpoliteama.com\/es\/wp-json\/wp\/v2\/comments?post=304"}],"version-history":[{"count":0,"href":"https:\/\/www.hotelpoliteama.com\/es\/wp-json\/wp\/v2\/pages\/304\/revisions"}],"up":[{"embeddable":true,"href":"https:\/\/www.hotelpoliteama.com\/es\/wp-json\/wp\/v2\/pages\/299"}],"wp:attachment":[{"href":"https:\/\/www.hotelpoliteama.com\/es\/wp-json\/wp\/v2\/media?parent=304"}],"curies":[{"name":"wp","href":"https:\/\/api.w.org\/{rel}","templated":true}]}}