{"id":303,"date":"2019-12-02T16:12:04","date_gmt":"2019-12-02T15:12:04","guid":{"rendered":"http:\/\/hotelpoliteama.ms.decms.eu\/?page_id=303"},"modified":"2019-12-02T16:12:04","modified_gmt":"2019-12-02T15:12:04","slug":"desayuno","status":"publish","type":"page","link":"https:\/\/www.hotelpoliteama.com\/es\/gastronomia\/desayuno\/","title":{"rendered":"Desayuno"},"content":{"rendered":"<p>\u00bfQu\u00e9 tiene de especial nuestro desayuno?<\/p>\n<p>Nuestro pan, nuestras tortas y nuestros postres provienen de panader\u00edas y pasteler\u00edas locales para ofrecer a nuestros hu\u00e9spedes el m\u00e1ximo sabor cada ma\u00f1ana.<\/p>\n<p>Los amantes de un dulce despertar pueden disfrutar de un desayuno continental con caf\u00e9 humeante, brioche y cruasanes (medias lunas) reci\u00e9n horneados, muchos sabores de mermeladas, yogur, jugos y frutas de temporada.<\/p>\n<p>Para aquellos que eligen comenzar el d\u00eda con gustos m\u00e1s determinados, el hotel ofrece una rica variedad de fiambres, quesos, ensaladas y huevos.<\/p>\n<p>El Hotel Politeama tambi\u00e9n ofrece una amplia selecci\u00f3n de productos locales como mermeladas, miel, quesos, jugos de naranjas sicilianas y pasteles de nuestra tradici\u00f3n, para brindar a cada hu\u00e9sped la oportunidad de probar los sabores de nuestra tierra.<\/p>\n<p>Finalmente, el servicio tambi\u00e9n incluye productos veganos y sin gluten, y nuestro personal est\u00e1 preparado para satisfacer las necesidades de quienes padecen intolerancias alimentarias.<\/p>\n","protected":false},"excerpt":{"rendered":"<p>\u00bfQu\u00e9 tiene de especial nuestro desayuno? Nuestro pan, nuestras tortas y nuestros postres provienen de panader\u00edas y pasteler\u00edas locales para ofrecer a nuestros hu\u00e9spedes el m\u00e1ximo sabor cada ma\u00f1ana. Los amantes de un dulce despertar pueden disfrutar de un desayuno continental con caf\u00e9 humeante, brioche y cruasanes (medias lunas) reci\u00e9n horneados, muchos sabores de mermeladas, [&hellip;]<\/p>\n","protected":false},"author":13,"featured_media":0,"parent":922,"menu_order":20,"comment_status":"closed","ping_status":"closed","template":"","meta":{"footnotes":""},"class_list":["post-303","page","type-page","status-publish","hentry"],"yoast_head":"<!-- This site is optimized with the Yoast SEO plugin v26.9 - https:\/\/yoast.com\/product\/yoast-seo-wordpress\/ -->\n<title>Desayuno - Hotel Politeama<\/title>\n<meta name=\"robots\" content=\"index, follow, max-snippet:-1, max-image-preview:large, max-video-preview:-1\" \/>\n<link rel=\"canonical\" href=\"https:\/\/www.hotelpoliteama.com\/es\/gastronomia\/desayuno\/\" \/>\n<meta property=\"og:locale\" content=\"es_ES\" \/>\n<meta property=\"og:type\" content=\"article\" \/>\n<meta property=\"og:title\" content=\"Desayuno - Hotel Politeama\" \/>\n<meta property=\"og:description\" content=\"\u00bfQu\u00e9 tiene de especial nuestro desayuno? Nuestro pan, nuestras tortas y nuestros postres provienen de panader\u00edas y pasteler\u00edas locales para ofrecer a nuestros hu\u00e9spedes el m\u00e1ximo sabor cada ma\u00f1ana. Los amantes de un dulce despertar pueden disfrutar de un desayuno continental con caf\u00e9 humeante, brioche y cruasanes (medias lunas) reci\u00e9n horneados, muchos sabores de mermeladas, [&hellip;]\" \/>\n<meta property=\"og:url\" content=\"https:\/\/www.hotelpoliteama.com\/es\/gastronomia\/desayuno\/\" \/>\n<meta property=\"og:site_name\" content=\"Hotel Politeama\" \/>\n<meta name=\"twitter:card\" content=\"summary_large_image\" \/>\n<meta name=\"twitter:label1\" content=\"Tiempo de lectura\" \/>\n\t<meta name=\"twitter:data1\" content=\"1 minuto\" \/>\n<script type=\"application\/ld+json\" class=\"yoast-schema-graph\">{\"@context\":\"https:\/\/schema.org\",\"@graph\":[{\"@type\":\"WebPage\",\"@id\":\"https:\/\/www.hotelpoliteama.com\/es\/gastronomia\/desayuno\/\",\"url\":\"https:\/\/www.hotelpoliteama.com\/es\/gastronomia\/desayuno\/\",\"name\":\"Desayuno - Hotel Politeama\",\"isPartOf\":{\"@id\":\"https:\/\/www.hotelpoliteama.com\/es\/#website\"},\"datePublished\":\"2019-12-02T15:12:04+00:00\",\"breadcrumb\":{\"@id\":\"https:\/\/www.hotelpoliteama.com\/es\/gastronomia\/desayuno\/#breadcrumb\"},\"inLanguage\":\"es\",\"potentialAction\":[{\"@type\":\"ReadAction\",\"target\":[\"https:\/\/www.hotelpoliteama.com\/es\/gastronomia\/desayuno\/\"]}]},{\"@type\":\"BreadcrumbList\",\"@id\":\"https:\/\/www.hotelpoliteama.com\/es\/gastronomia\/desayuno\/#breadcrumb\",\"itemListElement\":[{\"@type\":\"ListItem\",\"position\":1,\"name\":\"Home\",\"item\":\"https:\/\/www.hotelpoliteama.com\/es\/\"},{\"@type\":\"ListItem\",\"position\":2,\"name\":\"Servicios\",\"item\":\"https:\/\/www.hotelpoliteama.com\/es\/servicios\/\"},{\"@type\":\"ListItem\",\"position\":3,\"name\":\"Desayuno\"}]},{\"@type\":\"WebSite\",\"@id\":\"https:\/\/www.hotelpoliteama.com\/es\/#website\",\"url\":\"https:\/\/www.hotelpoliteama.com\/es\/\",\"name\":\"Hotel Politeama\",\"description\":\"Ecco un altro sito ms.decms.eu\",\"potentialAction\":[{\"@type\":\"SearchAction\",\"target\":{\"@type\":\"EntryPoint\",\"urlTemplate\":\"https:\/\/www.hotelpoliteama.com\/es\/?s={search_term_string}\"},\"query-input\":{\"@type\":\"PropertyValueSpecification\",\"valueRequired\":true,\"valueName\":\"search_term_string\"}}],\"inLanguage\":\"es\"}]}<\/script>\n<!-- \/ Yoast SEO plugin. -->","yoast_head_json":{"title":"Desayuno - Hotel Politeama","robots":{"index":"index","follow":"follow","max-snippet":"max-snippet:-1","max-image-preview":"max-image-preview:large","max-video-preview":"max-video-preview:-1"},"canonical":"https:\/\/www.hotelpoliteama.com\/es\/gastronomia\/desayuno\/","og_locale":"es_ES","og_type":"article","og_title":"Desayuno - Hotel Politeama","og_description":"\u00bfQu\u00e9 tiene de especial nuestro desayuno? Nuestro pan, nuestras tortas y nuestros postres provienen de panader\u00edas y pasteler\u00edas locales para ofrecer a nuestros hu\u00e9spedes el m\u00e1ximo sabor cada ma\u00f1ana. Los amantes de un dulce despertar pueden disfrutar de un desayuno continental con caf\u00e9 humeante, brioche y cruasanes (medias lunas) reci\u00e9n horneados, muchos sabores de mermeladas, [&hellip;]","og_url":"https:\/\/www.hotelpoliteama.com\/es\/gastronomia\/desayuno\/","og_site_name":"Hotel Politeama","twitter_card":"summary_large_image","twitter_misc":{"Tiempo de lectura":"1 minuto"},"schema":{"@context":"https:\/\/schema.org","@graph":[{"@type":"WebPage","@id":"https:\/\/www.hotelpoliteama.com\/es\/gastronomia\/desayuno\/","url":"https:\/\/www.hotelpoliteama.com\/es\/gastronomia\/desayuno\/","name":"Desayuno - Hotel Politeama","isPartOf":{"@id":"https:\/\/www.hotelpoliteama.com\/es\/#website"},"datePublished":"2019-12-02T15:12:04+00:00","breadcrumb":{"@id":"https:\/\/www.hotelpoliteama.com\/es\/gastronomia\/desayuno\/#breadcrumb"},"inLanguage":"es","potentialAction":[{"@type":"ReadAction","target":["https:\/\/www.hotelpoliteama.com\/es\/gastronomia\/desayuno\/"]}]},{"@type":"BreadcrumbList","@id":"https:\/\/www.hotelpoliteama.com\/es\/gastronomia\/desayuno\/#breadcrumb","itemListElement":[{"@type":"ListItem","position":1,"name":"Home","item":"https:\/\/www.hotelpoliteama.com\/es\/"},{"@type":"ListItem","position":2,"name":"Servicios","item":"https:\/\/www.hotelpoliteama.com\/es\/servicios\/"},{"@type":"ListItem","position":3,"name":"Desayuno"}]},{"@type":"WebSite","@id":"https:\/\/www.hotelpoliteama.com\/es\/#website","url":"https:\/\/www.hotelpoliteama.com\/es\/","name":"Hotel Politeama","description":"Ecco un altro sito ms.decms.eu","potentialAction":[{"@type":"SearchAction","target":{"@type":"EntryPoint","urlTemplate":"https:\/\/www.hotelpoliteama.com\/es\/?s={search_term_string}"},"query-input":{"@type":"PropertyValueSpecification","valueRequired":true,"valueName":"search_term_string"}}],"inLanguage":"es"}]}},"acf":[],"_links":{"self":[{"href":"https:\/\/www.hotelpoliteama.com\/es\/wp-json\/wp\/v2\/pages\/303","targetHints":{"allow":["GET"]}}],"collection":[{"href":"https:\/\/www.hotelpoliteama.com\/es\/wp-json\/wp\/v2\/pages"}],"about":[{"href":"https:\/\/www.hotelpoliteama.com\/es\/wp-json\/wp\/v2\/types\/page"}],"author":[{"embeddable":true,"href":"https:\/\/www.hotelpoliteama.com\/es\/wp-json\/wp\/v2\/users\/13"}],"replies":[{"embeddable":true,"href":"https:\/\/www.hotelpoliteama.com\/es\/wp-json\/wp\/v2\/comments?post=303"}],"version-history":[{"count":0,"href":"https:\/\/www.hotelpoliteama.com\/es\/wp-json\/wp\/v2\/pages\/303\/revisions"}],"up":[{"embeddable":true,"href":"https:\/\/www.hotelpoliteama.com\/es\/wp-json\/wp\/v2\/pages\/922"}],"wp:attachment":[{"href":"https:\/\/www.hotelpoliteama.com\/es\/wp-json\/wp\/v2\/media?parent=303"}],"curies":[{"name":"wp","href":"https:\/\/api.w.org\/{rel}","templated":true}]}}