{"id":288,"date":"2019-12-02T16:01:28","date_gmt":"2019-12-02T15:01:28","guid":{"rendered":"http:\/\/hotelpoliteama.ms.decms.eu\/?page_id=288"},"modified":"2021-02-11T21:49:28","modified_gmt":"2021-02-11T20:49:28","slug":"camaras","status":"publish","type":"page","link":"https:\/\/www.hotelpoliteama.com\/es\/camaras\/","title":{"rendered":"Camaras"},"content":{"rendered":"<p>Las habitaciones y suites del hotel Politeama han sido completamente renovadas en el muebles, y los ba\u00f1os han sido renovados en un estilo moderno.<\/p>\n<p>La mayor\u00eda tiene una vista espl\u00e9ndida del imponente Teatro Politeama, s\u00edmbolo de Palermo, y del centro neur\u00e1lgico de la ciudad.<\/p>\n<p>Cada tipo de habitaci\u00f3n est\u00e1 equipada con wifi gratuito, hervidor de agua, TV de pantalla plana, aire acondicionado, tel\u00e9fono, armario, minibar, secador de cabellos, accesorios insoronizados.<\/p>\n<p>En nuestras habitaciones pudes dormir en colchones Dorelan de la l\u00ednea Superior Premier que ofrecen soporte anat\u00f3mico y una agradable comodidad para dormir, gracias a la estructura indeformable y la suave acogida de la funda Compact con edred\u00f3n Blade Quilting.<\/p>\n","protected":false},"excerpt":{"rendered":"<p>Las habitaciones y suites del hotel Politeama han sido completamente renovadas en el muebles, y los ba\u00f1os han sido renovados en un estilo moderno. La mayor\u00eda tiene una vista espl\u00e9ndida del imponente Teatro Politeama, s\u00edmbolo de Palermo, y del centro neur\u00e1lgico de la ciudad. Cada tipo de habitaci\u00f3n est\u00e1 equipada con wifi gratuito, hervidor de [&hellip;]<\/p>\n","protected":false},"author":13,"featured_media":0,"parent":0,"menu_order":20,"comment_status":"closed","ping_status":"closed","template":"template-rooms.php","meta":{"footnotes":""},"class_list":["post-288","page","type-page","status-publish","hentry"],"yoast_head":"<!-- This site is optimized with the Yoast SEO plugin v26.9 - https:\/\/yoast.com\/product\/yoast-seo-wordpress\/ -->\n<title>Camaras - Hotel Politeama<\/title>\n<meta name=\"robots\" content=\"index, follow, max-snippet:-1, max-image-preview:large, max-video-preview:-1\" \/>\n<link rel=\"canonical\" href=\"https:\/\/www.hotelpoliteama.com\/es\/camaras\/\" \/>\n<meta property=\"og:locale\" content=\"es_ES\" \/>\n<meta property=\"og:type\" content=\"article\" \/>\n<meta property=\"og:title\" content=\"Camaras - Hotel Politeama\" \/>\n<meta property=\"og:description\" content=\"Las habitaciones y suites del hotel Politeama han sido completamente renovadas en el muebles, y los ba\u00f1os han sido renovados en un estilo moderno. La mayor\u00eda tiene una vista espl\u00e9ndida del imponente Teatro Politeama, s\u00edmbolo de Palermo, y del centro neur\u00e1lgico de la ciudad. Cada tipo de habitaci\u00f3n est\u00e1 equipada con wifi gratuito, hervidor de [&hellip;]\" \/>\n<meta property=\"og:url\" content=\"https:\/\/www.hotelpoliteama.com\/es\/camaras\/\" \/>\n<meta property=\"og:site_name\" content=\"Hotel Politeama\" \/>\n<meta property=\"article:modified_time\" content=\"2021-02-11T20:49:28+00:00\" \/>\n<meta name=\"twitter:card\" content=\"summary_large_image\" \/>\n<meta name=\"twitter:label1\" content=\"Tiempo de lectura\" \/>\n\t<meta name=\"twitter:data1\" content=\"1 minuto\" \/>\n<script type=\"application\/ld+json\" class=\"yoast-schema-graph\">{\"@context\":\"https:\/\/schema.org\",\"@graph\":[{\"@type\":\"WebPage\",\"@id\":\"https:\/\/www.hotelpoliteama.com\/es\/camaras\/\",\"url\":\"https:\/\/www.hotelpoliteama.com\/es\/camaras\/\",\"name\":\"Camaras - Hotel Politeama\",\"isPartOf\":{\"@id\":\"https:\/\/www.hotelpoliteama.com\/es\/#website\"},\"datePublished\":\"2019-12-02T15:01:28+00:00\",\"dateModified\":\"2021-02-11T20:49:28+00:00\",\"breadcrumb\":{\"@id\":\"https:\/\/www.hotelpoliteama.com\/es\/camaras\/#breadcrumb\"},\"inLanguage\":\"es\",\"potentialAction\":[{\"@type\":\"ReadAction\",\"target\":[\"https:\/\/www.hotelpoliteama.com\/es\/camaras\/\"]}]},{\"@type\":\"BreadcrumbList\",\"@id\":\"https:\/\/www.hotelpoliteama.com\/es\/camaras\/#breadcrumb\",\"itemListElement\":[{\"@type\":\"ListItem\",\"position\":1,\"name\":\"Home\",\"item\":\"https:\/\/www.hotelpoliteama.com\/es\/\"},{\"@type\":\"ListItem\",\"position\":2,\"name\":\"Camaras\"}]},{\"@type\":\"WebSite\",\"@id\":\"https:\/\/www.hotelpoliteama.com\/es\/#website\",\"url\":\"https:\/\/www.hotelpoliteama.com\/es\/\",\"name\":\"Hotel Politeama\",\"description\":\"Ecco un altro sito ms.decms.eu\",\"potentialAction\":[{\"@type\":\"SearchAction\",\"target\":{\"@type\":\"EntryPoint\",\"urlTemplate\":\"https:\/\/www.hotelpoliteama.com\/es\/?s={search_term_string}\"},\"query-input\":{\"@type\":\"PropertyValueSpecification\",\"valueRequired\":true,\"valueName\":\"search_term_string\"}}],\"inLanguage\":\"es\"}]}<\/script>\n<!-- \/ Yoast SEO plugin. -->","yoast_head_json":{"title":"Camaras - Hotel Politeama","robots":{"index":"index","follow":"follow","max-snippet":"max-snippet:-1","max-image-preview":"max-image-preview:large","max-video-preview":"max-video-preview:-1"},"canonical":"https:\/\/www.hotelpoliteama.com\/es\/camaras\/","og_locale":"es_ES","og_type":"article","og_title":"Camaras - Hotel Politeama","og_description":"Las habitaciones y suites del hotel Politeama han sido completamente renovadas en el muebles, y los ba\u00f1os han sido renovados en un estilo moderno. La mayor\u00eda tiene una vista espl\u00e9ndida del imponente Teatro Politeama, s\u00edmbolo de Palermo, y del centro neur\u00e1lgico de la ciudad. Cada tipo de habitaci\u00f3n est\u00e1 equipada con wifi gratuito, hervidor de [&hellip;]","og_url":"https:\/\/www.hotelpoliteama.com\/es\/camaras\/","og_site_name":"Hotel Politeama","article_modified_time":"2021-02-11T20:49:28+00:00","twitter_card":"summary_large_image","twitter_misc":{"Tiempo de lectura":"1 minuto"},"schema":{"@context":"https:\/\/schema.org","@graph":[{"@type":"WebPage","@id":"https:\/\/www.hotelpoliteama.com\/es\/camaras\/","url":"https:\/\/www.hotelpoliteama.com\/es\/camaras\/","name":"Camaras - Hotel Politeama","isPartOf":{"@id":"https:\/\/www.hotelpoliteama.com\/es\/#website"},"datePublished":"2019-12-02T15:01:28+00:00","dateModified":"2021-02-11T20:49:28+00:00","breadcrumb":{"@id":"https:\/\/www.hotelpoliteama.com\/es\/camaras\/#breadcrumb"},"inLanguage":"es","potentialAction":[{"@type":"ReadAction","target":["https:\/\/www.hotelpoliteama.com\/es\/camaras\/"]}]},{"@type":"BreadcrumbList","@id":"https:\/\/www.hotelpoliteama.com\/es\/camaras\/#breadcrumb","itemListElement":[{"@type":"ListItem","position":1,"name":"Home","item":"https:\/\/www.hotelpoliteama.com\/es\/"},{"@type":"ListItem","position":2,"name":"Camaras"}]},{"@type":"WebSite","@id":"https:\/\/www.hotelpoliteama.com\/es\/#website","url":"https:\/\/www.hotelpoliteama.com\/es\/","name":"Hotel Politeama","description":"Ecco un altro sito ms.decms.eu","potentialAction":[{"@type":"SearchAction","target":{"@type":"EntryPoint","urlTemplate":"https:\/\/www.hotelpoliteama.com\/es\/?s={search_term_string}"},"query-input":{"@type":"PropertyValueSpecification","valueRequired":true,"valueName":"search_term_string"}}],"inLanguage":"es"}]}},"acf":[],"_links":{"self":[{"href":"https:\/\/www.hotelpoliteama.com\/es\/wp-json\/wp\/v2\/pages\/288","targetHints":{"allow":["GET"]}}],"collection":[{"href":"https:\/\/www.hotelpoliteama.com\/es\/wp-json\/wp\/v2\/pages"}],"about":[{"href":"https:\/\/www.hotelpoliteama.com\/es\/wp-json\/wp\/v2\/types\/page"}],"author":[{"embeddable":true,"href":"https:\/\/www.hotelpoliteama.com\/es\/wp-json\/wp\/v2\/users\/13"}],"replies":[{"embeddable":true,"href":"https:\/\/www.hotelpoliteama.com\/es\/wp-json\/wp\/v2\/comments?post=288"}],"version-history":[{"count":0,"href":"https:\/\/www.hotelpoliteama.com\/es\/wp-json\/wp\/v2\/pages\/288\/revisions"}],"wp:attachment":[{"href":"https:\/\/www.hotelpoliteama.com\/es\/wp-json\/wp\/v2\/media?parent=288"}],"curies":[{"name":"wp","href":"https:\/\/api.w.org\/{rel}","templated":true}]}}