{"id":275,"date":"2019-12-02T15:54:04","date_gmt":"2019-12-02T14:54:04","guid":{"rendered":"http:\/\/hotelpoliteama.ms.decms.eu\/?page_id=275"},"modified":"2019-12-02T15:56:20","modified_gmt":"2019-12-02T14:56:20","slug":"hotel","status":"publish","type":"page","link":"https:\/\/www.hotelpoliteama.com\/es\/hotel\/","title":{"rendered":"Hotel"},"content":{"rendered":"<p>La c\u00e9ntrica ubicaci\u00f3n, en el coraz\u00f3n palpitante de los negocios de lujo, el entretenimiento, y a pocos pasos del centro hist\u00f3rico, hacen del hotel Politeama la opci\u00f3n ideal para quienes desean disfrutar de unas vacaciones en Palermo o para (viajantes negociantes) negocios.<\/p>\n<p>Elegancia y ambiente combinados con confort y relajaci\u00f3n para una estancia en el centro de la ciudad en un hotel hist\u00f3rico que no olvida su pasado y se proyecta hacia el futuro. El ambiente familiar y elegante al mismo tiempo y los nuevos servicios ofrecidos proporcionar\u00e1n emociones \u00fanicas entre los mimos de nuestro personal.<\/p>\n","protected":false},"excerpt":{"rendered":"<p>La c\u00e9ntrica ubicaci\u00f3n, en el coraz\u00f3n palpitante de los negocios de lujo, el entretenimiento, y a pocos pasos del centro hist\u00f3rico, hacen del hotel Politeama la opci\u00f3n ideal para quienes desean disfrutar de unas vacaciones en Palermo o para (viajantes negociantes) negocios. Elegancia y ambiente combinados con confort y relajaci\u00f3n para una estancia en el [&hellip;]<\/p>\n","protected":false},"author":13,"featured_media":0,"parent":0,"menu_order":10,"comment_status":"closed","ping_status":"closed","template":"template-hotel.php","meta":{"footnotes":""},"class_list":["post-275","page","type-page","status-publish","hentry"],"yoast_head":"<!-- This site is optimized with the Yoast SEO plugin v26.9 - https:\/\/yoast.com\/product\/yoast-seo-wordpress\/ -->\n<title>Hotel - Hotel Politeama<\/title>\n<meta name=\"robots\" content=\"index, follow, max-snippet:-1, max-image-preview:large, max-video-preview:-1\" \/>\n<link rel=\"canonical\" href=\"https:\/\/www.hotelpoliteama.com\/es\/hotel\/\" \/>\n<meta property=\"og:locale\" content=\"es_ES\" \/>\n<meta property=\"og:type\" content=\"article\" \/>\n<meta property=\"og:title\" content=\"Hotel - Hotel Politeama\" \/>\n<meta property=\"og:description\" content=\"La c\u00e9ntrica ubicaci\u00f3n, en el coraz\u00f3n palpitante de los negocios de lujo, el entretenimiento, y a pocos pasos del centro hist\u00f3rico, hacen del hotel Politeama la opci\u00f3n ideal para quienes desean disfrutar de unas vacaciones en Palermo o para (viajantes negociantes) negocios. Elegancia y ambiente combinados con confort y relajaci\u00f3n para una estancia en el [&hellip;]\" \/>\n<meta property=\"og:url\" content=\"https:\/\/www.hotelpoliteama.com\/es\/hotel\/\" \/>\n<meta property=\"og:site_name\" content=\"Hotel Politeama\" \/>\n<meta property=\"article:modified_time\" content=\"2019-12-02T14:56:20+00:00\" \/>\n<meta name=\"twitter:card\" content=\"summary_large_image\" \/>\n<meta name=\"twitter:label1\" content=\"Tiempo de lectura\" \/>\n\t<meta name=\"twitter:data1\" content=\"1 minuto\" \/>\n<script type=\"application\/ld+json\" class=\"yoast-schema-graph\">{\"@context\":\"https:\/\/schema.org\",\"@graph\":[{\"@type\":\"WebPage\",\"@id\":\"https:\/\/www.hotelpoliteama.com\/es\/hotel\/\",\"url\":\"https:\/\/www.hotelpoliteama.com\/es\/hotel\/\",\"name\":\"Hotel - Hotel Politeama\",\"isPartOf\":{\"@id\":\"https:\/\/www.hotelpoliteama.com\/es\/#website\"},\"datePublished\":\"2019-12-02T14:54:04+00:00\",\"dateModified\":\"2019-12-02T14:56:20+00:00\",\"breadcrumb\":{\"@id\":\"https:\/\/www.hotelpoliteama.com\/es\/hotel\/#breadcrumb\"},\"inLanguage\":\"es\",\"potentialAction\":[{\"@type\":\"ReadAction\",\"target\":[\"https:\/\/www.hotelpoliteama.com\/es\/hotel\/\"]}]},{\"@type\":\"BreadcrumbList\",\"@id\":\"https:\/\/www.hotelpoliteama.com\/es\/hotel\/#breadcrumb\",\"itemListElement\":[{\"@type\":\"ListItem\",\"position\":1,\"name\":\"Home\",\"item\":\"https:\/\/www.hotelpoliteama.com\/es\/\"},{\"@type\":\"ListItem\",\"position\":2,\"name\":\"Hotel\"}]},{\"@type\":\"WebSite\",\"@id\":\"https:\/\/www.hotelpoliteama.com\/es\/#website\",\"url\":\"https:\/\/www.hotelpoliteama.com\/es\/\",\"name\":\"Hotel Politeama\",\"description\":\"Ecco un altro sito ms.decms.eu\",\"potentialAction\":[{\"@type\":\"SearchAction\",\"target\":{\"@type\":\"EntryPoint\",\"urlTemplate\":\"https:\/\/www.hotelpoliteama.com\/es\/?s={search_term_string}\"},\"query-input\":{\"@type\":\"PropertyValueSpecification\",\"valueRequired\":true,\"valueName\":\"search_term_string\"}}],\"inLanguage\":\"es\"}]}<\/script>\n<!-- \/ Yoast SEO plugin. -->","yoast_head_json":{"title":"Hotel - Hotel Politeama","robots":{"index":"index","follow":"follow","max-snippet":"max-snippet:-1","max-image-preview":"max-image-preview:large","max-video-preview":"max-video-preview:-1"},"canonical":"https:\/\/www.hotelpoliteama.com\/es\/hotel\/","og_locale":"es_ES","og_type":"article","og_title":"Hotel - Hotel Politeama","og_description":"La c\u00e9ntrica ubicaci\u00f3n, en el coraz\u00f3n palpitante de los negocios de lujo, el entretenimiento, y a pocos pasos del centro hist\u00f3rico, hacen del hotel Politeama la opci\u00f3n ideal para quienes desean disfrutar de unas vacaciones en Palermo o para (viajantes negociantes) negocios. Elegancia y ambiente combinados con confort y relajaci\u00f3n para una estancia en el [&hellip;]","og_url":"https:\/\/www.hotelpoliteama.com\/es\/hotel\/","og_site_name":"Hotel Politeama","article_modified_time":"2019-12-02T14:56:20+00:00","twitter_card":"summary_large_image","twitter_misc":{"Tiempo de lectura":"1 minuto"},"schema":{"@context":"https:\/\/schema.org","@graph":[{"@type":"WebPage","@id":"https:\/\/www.hotelpoliteama.com\/es\/hotel\/","url":"https:\/\/www.hotelpoliteama.com\/es\/hotel\/","name":"Hotel - Hotel Politeama","isPartOf":{"@id":"https:\/\/www.hotelpoliteama.com\/es\/#website"},"datePublished":"2019-12-02T14:54:04+00:00","dateModified":"2019-12-02T14:56:20+00:00","breadcrumb":{"@id":"https:\/\/www.hotelpoliteama.com\/es\/hotel\/#breadcrumb"},"inLanguage":"es","potentialAction":[{"@type":"ReadAction","target":["https:\/\/www.hotelpoliteama.com\/es\/hotel\/"]}]},{"@type":"BreadcrumbList","@id":"https:\/\/www.hotelpoliteama.com\/es\/hotel\/#breadcrumb","itemListElement":[{"@type":"ListItem","position":1,"name":"Home","item":"https:\/\/www.hotelpoliteama.com\/es\/"},{"@type":"ListItem","position":2,"name":"Hotel"}]},{"@type":"WebSite","@id":"https:\/\/www.hotelpoliteama.com\/es\/#website","url":"https:\/\/www.hotelpoliteama.com\/es\/","name":"Hotel Politeama","description":"Ecco un altro sito ms.decms.eu","potentialAction":[{"@type":"SearchAction","target":{"@type":"EntryPoint","urlTemplate":"https:\/\/www.hotelpoliteama.com\/es\/?s={search_term_string}"},"query-input":{"@type":"PropertyValueSpecification","valueRequired":true,"valueName":"search_term_string"}}],"inLanguage":"es"}]}},"acf":[],"_links":{"self":[{"href":"https:\/\/www.hotelpoliteama.com\/es\/wp-json\/wp\/v2\/pages\/275","targetHints":{"allow":["GET"]}}],"collection":[{"href":"https:\/\/www.hotelpoliteama.com\/es\/wp-json\/wp\/v2\/pages"}],"about":[{"href":"https:\/\/www.hotelpoliteama.com\/es\/wp-json\/wp\/v2\/types\/page"}],"author":[{"embeddable":true,"href":"https:\/\/www.hotelpoliteama.com\/es\/wp-json\/wp\/v2\/users\/13"}],"replies":[{"embeddable":true,"href":"https:\/\/www.hotelpoliteama.com\/es\/wp-json\/wp\/v2\/comments?post=275"}],"version-history":[{"count":0,"href":"https:\/\/www.hotelpoliteama.com\/es\/wp-json\/wp\/v2\/pages\/275\/revisions"}],"wp:attachment":[{"href":"https:\/\/www.hotelpoliteama.com\/es\/wp-json\/wp\/v2\/media?parent=275"}],"curies":[{"name":"wp","href":"https:\/\/api.w.org\/{rel}","templated":true}]}}