{"id":273,"date":"2019-12-02T15:51:38","date_gmt":"2019-12-02T14:51:38","guid":{"rendered":"http:\/\/hotelpoliteama.ms.decms.eu\/?page_id=273"},"modified":"2021-01-29T12:10:35","modified_gmt":"2021-01-29T11:10:35","slug":"llounge-bar","status":"publish","type":"page","link":"https:\/\/www.hotelpoliteama.com\/es\/gastronomia\/llounge-bar\/","title":{"rendered":"Lounge Bar"},"content":{"rendered":"<p>Nuestro lounge bar es un oasis de paz en el coraz\u00f3n de la ciudad.<\/p>\n<p>El ambiente sobrio y elegante, la m\u00fasica de fondo c\u00e1lida y envolvente, los grandes ventanales con vistas al teatro y la ciudad lo convierten en el lugar ideal para relajarse despu\u00e9s de un d\u00eda agotador de trabajo o un largo recorrido por la ciudad. . De 16:00 a 24:00 puede tomar una buena copa de vino, un t\u00e9 perfumado o un c\u00f3ctel, o puede disfrutar de uno de nuestros platos de queso locales o una de nuestras ensaladas.<\/p>\n","protected":false},"excerpt":{"rendered":"<p>Nuestro lounge bar es un oasis de paz en el coraz\u00f3n de la ciudad. El ambiente sobrio y elegante, la m\u00fasica de fondo c\u00e1lida y envolvente, los grandes ventanales con vistas al teatro y la ciudad lo convierten en el lugar ideal para relajarse despu\u00e9s de un d\u00eda agotador de trabajo o un largo recorrido [&hellip;]<\/p>\n","protected":false},"author":13,"featured_media":0,"parent":922,"menu_order":40,"comment_status":"closed","ping_status":"closed","template":"","meta":{"footnotes":""},"class_list":["post-273","page","type-page","status-publish","hentry"],"yoast_head":"<!-- This site is optimized with the Yoast SEO plugin v26.9 - https:\/\/yoast.com\/product\/yoast-seo-wordpress\/ -->\n<title>Lounge Bar - Hotel Politeama<\/title>\n<meta name=\"robots\" content=\"index, follow, max-snippet:-1, max-image-preview:large, max-video-preview:-1\" \/>\n<link rel=\"canonical\" href=\"https:\/\/www.hotelpoliteama.com\/es\/gastronomia\/llounge-bar\/\" \/>\n<meta property=\"og:locale\" content=\"es_ES\" \/>\n<meta property=\"og:type\" content=\"article\" \/>\n<meta property=\"og:title\" content=\"Lounge Bar - Hotel Politeama\" \/>\n<meta property=\"og:description\" content=\"Nuestro lounge bar es un oasis de paz en el coraz\u00f3n de la ciudad. El ambiente sobrio y elegante, la m\u00fasica de fondo c\u00e1lida y envolvente, los grandes ventanales con vistas al teatro y la ciudad lo convierten en el lugar ideal para relajarse despu\u00e9s de un d\u00eda agotador de trabajo o un largo recorrido [&hellip;]\" \/>\n<meta property=\"og:url\" content=\"https:\/\/www.hotelpoliteama.com\/es\/gastronomia\/llounge-bar\/\" \/>\n<meta property=\"og:site_name\" content=\"Hotel Politeama\" \/>\n<meta property=\"article:modified_time\" content=\"2021-01-29T11:10:35+00:00\" \/>\n<meta name=\"twitter:card\" content=\"summary_large_image\" \/>\n<script type=\"application\/ld+json\" class=\"yoast-schema-graph\">{\"@context\":\"https:\/\/schema.org\",\"@graph\":[{\"@type\":\"WebPage\",\"@id\":\"https:\/\/www.hotelpoliteama.com\/es\/gastronomia\/llounge-bar\/\",\"url\":\"https:\/\/www.hotelpoliteama.com\/es\/gastronomia\/llounge-bar\/\",\"name\":\"Lounge Bar - Hotel Politeama\",\"isPartOf\":{\"@id\":\"https:\/\/www.hotelpoliteama.com\/es\/#website\"},\"datePublished\":\"2019-12-02T14:51:38+00:00\",\"dateModified\":\"2021-01-29T11:10:35+00:00\",\"breadcrumb\":{\"@id\":\"https:\/\/www.hotelpoliteama.com\/es\/gastronomia\/llounge-bar\/#breadcrumb\"},\"inLanguage\":\"es\",\"potentialAction\":[{\"@type\":\"ReadAction\",\"target\":[\"https:\/\/www.hotelpoliteama.com\/es\/gastronomia\/llounge-bar\/\"]}]},{\"@type\":\"BreadcrumbList\",\"@id\":\"https:\/\/www.hotelpoliteama.com\/es\/gastronomia\/llounge-bar\/#breadcrumb\",\"itemListElement\":[{\"@type\":\"ListItem\",\"position\":1,\"name\":\"Home\",\"item\":\"https:\/\/www.hotelpoliteama.com\/es\/\"},{\"@type\":\"ListItem\",\"position\":2,\"name\":\"Servicios\",\"item\":\"https:\/\/www.hotelpoliteama.com\/es\/servicios\/\"},{\"@type\":\"ListItem\",\"position\":3,\"name\":\"Lounge Bar\"}]},{\"@type\":\"WebSite\",\"@id\":\"https:\/\/www.hotelpoliteama.com\/es\/#website\",\"url\":\"https:\/\/www.hotelpoliteama.com\/es\/\",\"name\":\"Hotel Politeama\",\"description\":\"Ecco un altro sito ms.decms.eu\",\"potentialAction\":[{\"@type\":\"SearchAction\",\"target\":{\"@type\":\"EntryPoint\",\"urlTemplate\":\"https:\/\/www.hotelpoliteama.com\/es\/?s={search_term_string}\"},\"query-input\":{\"@type\":\"PropertyValueSpecification\",\"valueRequired\":true,\"valueName\":\"search_term_string\"}}],\"inLanguage\":\"es\"}]}<\/script>\n<!-- \/ Yoast SEO plugin. -->","yoast_head_json":{"title":"Lounge Bar - Hotel Politeama","robots":{"index":"index","follow":"follow","max-snippet":"max-snippet:-1","max-image-preview":"max-image-preview:large","max-video-preview":"max-video-preview:-1"},"canonical":"https:\/\/www.hotelpoliteama.com\/es\/gastronomia\/llounge-bar\/","og_locale":"es_ES","og_type":"article","og_title":"Lounge Bar - Hotel Politeama","og_description":"Nuestro lounge bar es un oasis de paz en el coraz\u00f3n de la ciudad. El ambiente sobrio y elegante, la m\u00fasica de fondo c\u00e1lida y envolvente, los grandes ventanales con vistas al teatro y la ciudad lo convierten en el lugar ideal para relajarse despu\u00e9s de un d\u00eda agotador de trabajo o un largo recorrido [&hellip;]","og_url":"https:\/\/www.hotelpoliteama.com\/es\/gastronomia\/llounge-bar\/","og_site_name":"Hotel Politeama","article_modified_time":"2021-01-29T11:10:35+00:00","twitter_card":"summary_large_image","schema":{"@context":"https:\/\/schema.org","@graph":[{"@type":"WebPage","@id":"https:\/\/www.hotelpoliteama.com\/es\/gastronomia\/llounge-bar\/","url":"https:\/\/www.hotelpoliteama.com\/es\/gastronomia\/llounge-bar\/","name":"Lounge Bar - Hotel Politeama","isPartOf":{"@id":"https:\/\/www.hotelpoliteama.com\/es\/#website"},"datePublished":"2019-12-02T14:51:38+00:00","dateModified":"2021-01-29T11:10:35+00:00","breadcrumb":{"@id":"https:\/\/www.hotelpoliteama.com\/es\/gastronomia\/llounge-bar\/#breadcrumb"},"inLanguage":"es","potentialAction":[{"@type":"ReadAction","target":["https:\/\/www.hotelpoliteama.com\/es\/gastronomia\/llounge-bar\/"]}]},{"@type":"BreadcrumbList","@id":"https:\/\/www.hotelpoliteama.com\/es\/gastronomia\/llounge-bar\/#breadcrumb","itemListElement":[{"@type":"ListItem","position":1,"name":"Home","item":"https:\/\/www.hotelpoliteama.com\/es\/"},{"@type":"ListItem","position":2,"name":"Servicios","item":"https:\/\/www.hotelpoliteama.com\/es\/servicios\/"},{"@type":"ListItem","position":3,"name":"Lounge Bar"}]},{"@type":"WebSite","@id":"https:\/\/www.hotelpoliteama.com\/es\/#website","url":"https:\/\/www.hotelpoliteama.com\/es\/","name":"Hotel Politeama","description":"Ecco un altro sito ms.decms.eu","potentialAction":[{"@type":"SearchAction","target":{"@type":"EntryPoint","urlTemplate":"https:\/\/www.hotelpoliteama.com\/es\/?s={search_term_string}"},"query-input":{"@type":"PropertyValueSpecification","valueRequired":true,"valueName":"search_term_string"}}],"inLanguage":"es"}]}},"acf":[],"_links":{"self":[{"href":"https:\/\/www.hotelpoliteama.com\/es\/wp-json\/wp\/v2\/pages\/273","targetHints":{"allow":["GET"]}}],"collection":[{"href":"https:\/\/www.hotelpoliteama.com\/es\/wp-json\/wp\/v2\/pages"}],"about":[{"href":"https:\/\/www.hotelpoliteama.com\/es\/wp-json\/wp\/v2\/types\/page"}],"author":[{"embeddable":true,"href":"https:\/\/www.hotelpoliteama.com\/es\/wp-json\/wp\/v2\/users\/13"}],"replies":[{"embeddable":true,"href":"https:\/\/www.hotelpoliteama.com\/es\/wp-json\/wp\/v2\/comments?post=273"}],"version-history":[{"count":0,"href":"https:\/\/www.hotelpoliteama.com\/es\/wp-json\/wp\/v2\/pages\/273\/revisions"}],"up":[{"embeddable":true,"href":"https:\/\/www.hotelpoliteama.com\/es\/wp-json\/wp\/v2\/pages\/922"}],"wp:attachment":[{"href":"https:\/\/www.hotelpoliteama.com\/es\/wp-json\/wp\/v2\/media?parent=273"}],"curies":[{"name":"wp","href":"https:\/\/api.w.org\/{rel}","templated":true}]}}