{"id":272,"date":"2019-12-02T15:50:02","date_gmt":"2019-12-02T14:50:02","guid":{"rendered":"http:\/\/hotelpoliteama.ms.decms.eu\/?page_id=272"},"modified":"2019-12-03T15:44:18","modified_gmt":"2019-12-03T14:44:18","slug":"hotel-politeama","status":"publish","type":"page","link":"https:\/\/www.hotelpoliteama.com\/es\/","title":{"rendered":"Hotel Politeama"},"content":{"rendered":"<p>El Politeama Hotel de Palermo, un hist\u00f3rico hotel de 4 estrellas ubicado en el coraz\u00f3n de la ciudad, se complace en darle el bienvenido en su estructura moderna y renovada.<\/p>\n<p>Ideal para respirar la vitalidad de la capital siciliana e inmerso en el centro neur\u00e1lgico de la ciudad, es la soluci\u00f3n ideal para individuos y empresas para una estad\u00eda de primer nivel.<\/p>\n<p>Hotel PoliteamaTodas las habitaciones, ba\u00f1os y \u00e1reas comunes del hotel han sido completamente renovadas para ofrecer a sus hu\u00e9spedes una experiencia inolvidable. Las l\u00edneas sobrias y elegantes de los muebles y las delicadas armon\u00edas de los colores dan vida a un ambiente moderno y refinado, de donde se puede disfrutar una vista \u00fanica de la plaza Politeama.<\/p>\n","protected":false},"excerpt":{"rendered":"<p>El Politeama Hotel de Palermo, un hist\u00f3rico hotel de 4 estrellas ubicado en el coraz\u00f3n de la ciudad, se complace en darle el bienvenido en su estructura moderna y renovada. Ideal para respirar la vitalidad de la capital siciliana e inmerso en el centro neur\u00e1lgico de la ciudad, es la soluci\u00f3n ideal para individuos y [&hellip;]<\/p>\n","protected":false},"author":13,"featured_media":0,"parent":0,"menu_order":1,"comment_status":"closed","ping_status":"closed","template":"","meta":{"footnotes":""},"class_list":["post-272","page","type-page","status-publish","hentry"],"yoast_head":"<!-- This site is optimized with the Yoast SEO plugin v26.9 - https:\/\/yoast.com\/product\/yoast-seo-wordpress\/ -->\n<title>Hotel Politeama - Hotel Politeama<\/title>\n<meta name=\"robots\" content=\"index, follow, max-snippet:-1, max-image-preview:large, max-video-preview:-1\" \/>\n<link rel=\"canonical\" href=\"https:\/\/www.hotelpoliteama.com\/es\/\" \/>\n<meta property=\"og:locale\" content=\"es_ES\" \/>\n<meta property=\"og:type\" content=\"article\" \/>\n<meta property=\"og:title\" content=\"Hotel Politeama - Hotel Politeama\" \/>\n<meta property=\"og:description\" content=\"El Politeama Hotel de Palermo, un hist\u00f3rico hotel de 4 estrellas ubicado en el coraz\u00f3n de la ciudad, se complace en darle el bienvenido en su estructura moderna y renovada. Ideal para respirar la vitalidad de la capital siciliana e inmerso en el centro neur\u00e1lgico de la ciudad, es la soluci\u00f3n ideal para individuos y [&hellip;]\" \/>\n<meta property=\"og:url\" content=\"https:\/\/www.hotelpoliteama.com\/es\/\" \/>\n<meta property=\"og:site_name\" content=\"Hotel Politeama\" \/>\n<meta property=\"article:modified_time\" content=\"2019-12-03T14:44:18+00:00\" \/>\n<meta name=\"twitter:card\" content=\"summary_large_image\" \/>\n<meta name=\"twitter:label1\" content=\"Tiempo de lectura\" \/>\n\t<meta name=\"twitter:data1\" content=\"1 minuto\" \/>\n<script type=\"application\/ld+json\" class=\"yoast-schema-graph\">{\"@context\":\"https:\/\/schema.org\",\"@graph\":[{\"@type\":\"WebPage\",\"@id\":\"https:\/\/www.hotelpoliteama.com\/es\/\",\"url\":\"https:\/\/www.hotelpoliteama.com\/es\/\",\"name\":\"Hotel Politeama - Hotel Politeama\",\"isPartOf\":{\"@id\":\"https:\/\/www.hotelpoliteama.com\/es\/#website\"},\"datePublished\":\"2019-12-02T14:50:02+00:00\",\"dateModified\":\"2019-12-03T14:44:18+00:00\",\"breadcrumb\":{\"@id\":\"https:\/\/www.hotelpoliteama.com\/es\/#breadcrumb\"},\"inLanguage\":\"es\",\"potentialAction\":[{\"@type\":\"ReadAction\",\"target\":[\"https:\/\/www.hotelpoliteama.com\/es\/\"]}]},{\"@type\":\"BreadcrumbList\",\"@id\":\"https:\/\/www.hotelpoliteama.com\/es\/#breadcrumb\",\"itemListElement\":[{\"@type\":\"ListItem\",\"position\":1,\"name\":\"Home\",\"item\":\"https:\/\/www.hotelpoliteama.com\/es\/\"},{\"@type\":\"ListItem\",\"position\":2,\"name\":\"Hotel Politeama\"}]},{\"@type\":\"WebSite\",\"@id\":\"https:\/\/www.hotelpoliteama.com\/es\/#website\",\"url\":\"https:\/\/www.hotelpoliteama.com\/es\/\",\"name\":\"Hotel Politeama\",\"description\":\"Ecco un altro sito ms.decms.eu\",\"potentialAction\":[{\"@type\":\"SearchAction\",\"target\":{\"@type\":\"EntryPoint\",\"urlTemplate\":\"https:\/\/www.hotelpoliteama.com\/es\/?s={search_term_string}\"},\"query-input\":{\"@type\":\"PropertyValueSpecification\",\"valueRequired\":true,\"valueName\":\"search_term_string\"}}],\"inLanguage\":\"es\"}]}<\/script>\n<!-- \/ Yoast SEO plugin. -->","yoast_head_json":{"title":"Hotel Politeama - Hotel Politeama","robots":{"index":"index","follow":"follow","max-snippet":"max-snippet:-1","max-image-preview":"max-image-preview:large","max-video-preview":"max-video-preview:-1"},"canonical":"https:\/\/www.hotelpoliteama.com\/es\/","og_locale":"es_ES","og_type":"article","og_title":"Hotel Politeama - Hotel Politeama","og_description":"El Politeama Hotel de Palermo, un hist\u00f3rico hotel de 4 estrellas ubicado en el coraz\u00f3n de la ciudad, se complace en darle el bienvenido en su estructura moderna y renovada. Ideal para respirar la vitalidad de la capital siciliana e inmerso en el centro neur\u00e1lgico de la ciudad, es la soluci\u00f3n ideal para individuos y [&hellip;]","og_url":"https:\/\/www.hotelpoliteama.com\/es\/","og_site_name":"Hotel Politeama","article_modified_time":"2019-12-03T14:44:18+00:00","twitter_card":"summary_large_image","twitter_misc":{"Tiempo de lectura":"1 minuto"},"schema":{"@context":"https:\/\/schema.org","@graph":[{"@type":"WebPage","@id":"https:\/\/www.hotelpoliteama.com\/es\/","url":"https:\/\/www.hotelpoliteama.com\/es\/","name":"Hotel Politeama - Hotel Politeama","isPartOf":{"@id":"https:\/\/www.hotelpoliteama.com\/es\/#website"},"datePublished":"2019-12-02T14:50:02+00:00","dateModified":"2019-12-03T14:44:18+00:00","breadcrumb":{"@id":"https:\/\/www.hotelpoliteama.com\/es\/#breadcrumb"},"inLanguage":"es","potentialAction":[{"@type":"ReadAction","target":["https:\/\/www.hotelpoliteama.com\/es\/"]}]},{"@type":"BreadcrumbList","@id":"https:\/\/www.hotelpoliteama.com\/es\/#breadcrumb","itemListElement":[{"@type":"ListItem","position":1,"name":"Home","item":"https:\/\/www.hotelpoliteama.com\/es\/"},{"@type":"ListItem","position":2,"name":"Hotel Politeama"}]},{"@type":"WebSite","@id":"https:\/\/www.hotelpoliteama.com\/es\/#website","url":"https:\/\/www.hotelpoliteama.com\/es\/","name":"Hotel Politeama","description":"Ecco un altro sito ms.decms.eu","potentialAction":[{"@type":"SearchAction","target":{"@type":"EntryPoint","urlTemplate":"https:\/\/www.hotelpoliteama.com\/es\/?s={search_term_string}"},"query-input":{"@type":"PropertyValueSpecification","valueRequired":true,"valueName":"search_term_string"}}],"inLanguage":"es"}]}},"acf":[],"_links":{"self":[{"href":"https:\/\/www.hotelpoliteama.com\/es\/wp-json\/wp\/v2\/pages\/272","targetHints":{"allow":["GET"]}}],"collection":[{"href":"https:\/\/www.hotelpoliteama.com\/es\/wp-json\/wp\/v2\/pages"}],"about":[{"href":"https:\/\/www.hotelpoliteama.com\/es\/wp-json\/wp\/v2\/types\/page"}],"author":[{"embeddable":true,"href":"https:\/\/www.hotelpoliteama.com\/es\/wp-json\/wp\/v2\/users\/13"}],"replies":[{"embeddable":true,"href":"https:\/\/www.hotelpoliteama.com\/es\/wp-json\/wp\/v2\/comments?post=272"}],"version-history":[{"count":0,"href":"https:\/\/www.hotelpoliteama.com\/es\/wp-json\/wp\/v2\/pages\/272\/revisions"}],"wp:attachment":[{"href":"https:\/\/www.hotelpoliteama.com\/es\/wp-json\/wp\/v2\/media?parent=272"}],"curies":[{"name":"wp","href":"https:\/\/api.w.org\/{rel}","templated":true}]}}